{"id":21557,"date":"2013-06-08T09:45:08","date_gmt":"2013-06-08T09:45:08","guid":{"rendered":"https:\/\/www.sistar.it\/prodotti\/pre-filled-can-for-diluted-paints\/"},"modified":"2024-06-07T12:24:11","modified_gmt":"2024-06-07T12:24:11","slug":"aerosol-precargado-sin-diluyente","status":"publish","type":"product","link":"https:\/\/www.sistar.it\/es\/prodotti\/aerosol-precargado-sin-diluyente\/","title":{"rendered":"Aerosol precargado sin diluyente"},"content":{"rendered":"<p style=\"text-align: justify;\">Aerosol precargado sin diluyente. Con aditivo y gas propulsor para pinturas base disolvente listas al uso, o ya diluidas.<\/p>\n<p style=\"text-align: justify;\">Tambi\u00e9n compatible con algunas pinturas base agua (hacer una prueba previa).<\/p>\n<p style=\"text-align: justify;\">A\u00f1adir m\u00e1x. 100 ml de pintura. Boquilla con chorro ajustable.<\/p>\n<p>&nbsp;<\/p>\n<div id=\"footable_parent_21556\"\n         class=\" footable_parent ninja_table_wrapper loading_ninja_table wp_table_data_press_parent bootstrap4 colored_table\">\n                <table data-ninja_table_instance=\"ninja_table_instance_0\" data-footable_id=\"21556\" data-filter-delay=\"1000\" aria-label=\"PRECARICATA SENZA DILUENTE( INGLESE )\"            id=\"footable_21556\"\n           data-unique_identifier=\"ninja_table_unique_id_1496944519_21556\"\n           class=\" foo-table ninja_footable foo_table_21556 ninja_table_unique_id_1496944519_21556 table  white nt_type_ajax_table table-hover vertical_centered inverted footable-paging-right ninja_table_search_disabled\">\n                <colgroup>\n                            <col class=\"ninja_column_0 \">\n                            <col class=\"ninja_column_1 \">\n                            <col class=\"ninja_column_2 \">\n                            <col class=\"ninja_column_3 \">\n                    <\/colgroup>\n            <\/table>\n                    <style type=\"text\/css\" id='ninja_table_custom_css_21556'>\n                        #footable_21556  {\n        font-family: sans-serif;\n        font-size: 14px;\n    }\n\n#footable_21556 td.ninja_column_0 { text-align: center; }#footable_21556 th.ninja_column_0 { text-align: center; }#footable_21556 td.ninja_column_1 { text-align: center; }#footable_21556 th.ninja_column_1 { text-align: center; }#footable_21556 td.ninja_column_2 { text-align: center; }#footable_21556 th.ninja_column_2 { text-align: center; }#footable_21556 td.ninja_column_3 { text-align: center; }#footable_21556 th.ninja_column_3 { text-align: center; }                <\/style>\n                \n    \n    \n<\/div>\n\n<p>&nbsp;<\/p>\n<div class=\"hidden\">306.0197<\/div>\n","protected":false},"excerpt":{"rendered":"<p>Con tap\u00f3n cl\u00e1sico para m\u00e1quinas est\u00e1ndar<\/p>\n","protected":false},"featured_media":17858,"template":"","meta":[],"product_cat":[300,312],"product_tag":[],"acf":[],"_links":{"self":[{"href":"https:\/\/www.sistar.it\/es\/wp-json\/wp\/v2\/product\/21557"}],"collection":[{"href":"https:\/\/www.sistar.it\/es\/wp-json\/wp\/v2\/product"}],"about":[{"href":"https:\/\/www.sistar.it\/es\/wp-json\/wp\/v2\/types\/product"}],"wp:featuredmedia":[{"embeddable":true,"href":"https:\/\/www.sistar.it\/es\/wp-json\/wp\/v2\/media\/17858"}],"wp:attachment":[{"href":"https:\/\/www.sistar.it\/es\/wp-json\/wp\/v2\/media?parent=21557"}],"wp:term":[{"taxonomy":"product_cat","embeddable":true,"href":"https:\/\/www.sistar.it\/es\/wp-json\/wp\/v2\/product_cat?post=21557"},{"taxonomy":"product_tag","embeddable":true,"href":"https:\/\/www.sistar.it\/es\/wp-json\/wp\/v2\/product_tag?post=21557"}],"curies":[{"name":"wp","href":"https:\/\/api.w.org\/{rel}","templated":true}]}}