{"id":21552,"date":"2013-06-08T09:47:56","date_gmt":"2013-06-08T09:47:56","guid":{"rendered":"https:\/\/www.sistar.it\/prodotti\/prefilled-can-with-converter\/"},"modified":"2024-06-07T12:28:53","modified_gmt":"2024-06-07T12:28:53","slug":"aerosol-precargado-con-convertidor","status":"publish","type":"product","link":"https:\/\/www.sistar.it\/es\/prodotti\/aerosol-precargado-con-convertidor\/","title":{"rendered":"Aerosol precargado con convertidor"},"content":{"rendered":"<p>Aerosol precargado con convertidor. Para transformar pinturas 2K en pinturas 1K secables al aire.<\/p>\n<p>Se debe a\u00f1adir m\u00e1x.100 ml de pintura 2K base disolvente (s\u00f3lo pintura no diluida sin catalizador).<\/p>\n<p>Boquilla con chorro ajustable.<\/p>\n<p>&nbsp;<\/p>\n<div id=\"footable_parent_21551\"\n         class=\" footable_parent ninja_table_wrapper loading_ninja_table wp_table_data_press_parent bootstrap4 colored_table\">\n                <table data-ninja_table_instance=\"ninja_table_instance_0\" data-footable_id=\"21551\" data-filter-delay=\"1000\" aria-label=\"PRECARICATA CON CONVERTER( INGLESE )\"            id=\"footable_21551\"\n           data-unique_identifier=\"ninja_table_unique_id_985433402_21551\"\n           class=\" foo-table ninja_footable foo_table_21551 ninja_table_unique_id_985433402_21551 table  white nt_type_ajax_table table-hover vertical_centered inverted footable-paging-right ninja_table_search_disabled\">\n                <colgroup>\n                            <col class=\"ninja_column_0 \">\n                            <col class=\"ninja_column_1 \">\n                            <col class=\"ninja_column_2 \">\n                            <col class=\"ninja_column_3 \">\n                    <\/colgroup>\n            <\/table>\n                    <style type=\"text\/css\" id='ninja_table_custom_css_21551'>\n                        #footable_21551  {\n        font-family: sans-serif;\n        font-size: 14px;\n    }\n\n#footable_21551 td.ninja_column_0 { text-align: center; }#footable_21551 th.ninja_column_0 { text-align: center; }#footable_21551 td.ninja_column_1 { text-align: center; }#footable_21551 th.ninja_column_1 { text-align: center; }#footable_21551 td.ninja_column_2 { text-align: center; }#footable_21551 th.ninja_column_2 { text-align: center; }#footable_21551 td.ninja_column_3 { text-align: center; }#footable_21551 th.ninja_column_3 { text-align: center; }                <\/style>\n                \n    \n    \n<\/div>\n\n<div class=\"hidden\">306.0194<\/div>\n","protected":false},"excerpt":{"rendered":"<p>Con tap\u00f3n cl\u00e1sico para m\u00e1quinas est\u00e1ndar<\/p>\n","protected":false},"featured_media":17868,"template":"","meta":[],"product_cat":[300,312],"product_tag":[],"acf":[],"_links":{"self":[{"href":"https:\/\/www.sistar.it\/es\/wp-json\/wp\/v2\/product\/21552"}],"collection":[{"href":"https:\/\/www.sistar.it\/es\/wp-json\/wp\/v2\/product"}],"about":[{"href":"https:\/\/www.sistar.it\/es\/wp-json\/wp\/v2\/types\/product"}],"wp:featuredmedia":[{"embeddable":true,"href":"https:\/\/www.sistar.it\/es\/wp-json\/wp\/v2\/media\/17868"}],"wp:attachment":[{"href":"https:\/\/www.sistar.it\/es\/wp-json\/wp\/v2\/media?parent=21552"}],"wp:term":[{"taxonomy":"product_cat","embeddable":true,"href":"https:\/\/www.sistar.it\/es\/wp-json\/wp\/v2\/product_cat?post=21552"},{"taxonomy":"product_tag","embeddable":true,"href":"https:\/\/www.sistar.it\/es\/wp-json\/wp\/v2\/product_tag?post=21552"}],"curies":[{"name":"wp","href":"https:\/\/api.w.org\/{rel}","templated":true}]}}