{"id":21524,"date":"2013-06-15T09:23:58","date_gmt":"2013-06-15T09:23:58","guid":{"rendered":"https:\/\/www.sistar.it\/prodotti\/black-dust-for-sanding-check\/"},"modified":"2024-03-13T09:15:59","modified_gmt":"2024-03-13T09:15:59","slug":"guia-de-lijado-negro","status":"publish","type":"product","link":"https:\/\/www.sistar.it\/es\/prodotti\/guia-de-lijado-negro\/","title":{"rendered":"Gu\u00eda de lijado negro"},"content":{"rendered":"<p style=\"text-align: justify;\">Gu\u00eda de lijado negro en aerosol.<\/p>\n<p style=\"text-align: justify;\">Aplicar una capa fina y homog\u00e9nea sobre masillas e imprimaciones antes de lijar, para resaltar as\u00ed las zonas no lijadas uniformemente.<\/p>\n<p style=\"text-align: justify;\">Boquilla con abanico regulable.<\/p>\n<p>&nbsp;<\/p>\n<div id=\"footable_parent_21523\"\n         class=\" footable_parent ninja_table_wrapper loading_ninja_table wp_table_data_press_parent bootstrap4 colored_table\">\n                <table data-ninja_table_instance=\"ninja_table_instance_0\" data-footable_id=\"21523\" data-filter-delay=\"1000\" aria-label=\"NERO SPIA DI CONTROLLO( INGLESE )\"            id=\"footable_21523\"\n           data-unique_identifier=\"ninja_table_unique_id_460433317_21523\"\n           class=\" foo-table ninja_footable foo_table_21523 ninja_table_unique_id_460433317_21523 table  white nt_type_ajax_table table-hover vertical_centered inverted footable-paging-right ninja_table_search_disabled\">\n                <colgroup>\n                            <col class=\"ninja_column_0 \">\n                            <col class=\"ninja_column_1 \">\n                            <col class=\"ninja_column_2 \">\n                            <col class=\"ninja_column_3 \">\n                    <\/colgroup>\n            <\/table>\n                    <style type=\"text\/css\" id='ninja_table_custom_css_21523'>\n                        #footable_21523  {\n        font-family: sans-serif;\n        font-size: 14px;\n    }\n\n#footable_21523 td.ninja_column_0 { text-align: center; }#footable_21523 th.ninja_column_0 { text-align: center; }#footable_21523 td.ninja_column_1 { text-align: center; }#footable_21523 th.ninja_column_1 { text-align: center; }#footable_21523 td.ninja_column_2 { text-align: center; }#footable_21523 th.ninja_column_2 { text-align: center; }#footable_21523 td.ninja_column_3 { text-align: center; }#footable_21523 th.ninja_column_3 { text-align: center; }                <\/style>\n                \n    \n    \n<\/div>\n\n<p>&nbsp;<\/p>\n<div class=\"hidden\">306.0117<\/div>\n","protected":false},"excerpt":{"rendered":"<p>Gu\u00eda de lijado negro en aerosol. Aplicar una capa fina y homog\u00e9nea sobre masillas e imprimaciones antes de lijar, para resaltar as\u00ed las zonas no lijadas uniformemente. Boquilla con abanico regulable. &nbsp; &nbsp; 306.0117<\/p>\n","protected":false},"featured_media":17934,"template":"","meta":[],"product_cat":[300,305],"product_tag":[],"acf":[],"_links":{"self":[{"href":"https:\/\/www.sistar.it\/es\/wp-json\/wp\/v2\/product\/21524"}],"collection":[{"href":"https:\/\/www.sistar.it\/es\/wp-json\/wp\/v2\/product"}],"about":[{"href":"https:\/\/www.sistar.it\/es\/wp-json\/wp\/v2\/types\/product"}],"wp:featuredmedia":[{"embeddable":true,"href":"https:\/\/www.sistar.it\/es\/wp-json\/wp\/v2\/media\/17934"}],"wp:attachment":[{"href":"https:\/\/www.sistar.it\/es\/wp-json\/wp\/v2\/media?parent=21524"}],"wp:term":[{"taxonomy":"product_cat","embeddable":true,"href":"https:\/\/www.sistar.it\/es\/wp-json\/wp\/v2\/product_cat?post=21524"},{"taxonomy":"product_tag","embeddable":true,"href":"https:\/\/www.sistar.it\/es\/wp-json\/wp\/v2\/product_tag?post=21524"}],"curies":[{"name":"wp","href":"https:\/\/api.w.org\/{rel}","templated":true}]}}