{"id":21519,"date":"2013-06-15T09:37:10","date_gmt":"2013-06-15T09:37:10","guid":{"rendered":"https:\/\/www.sistar.it\/prodotti\/brake-caliper-paint\/"},"modified":"2024-06-07T13:24:13","modified_gmt":"2024-06-07T13:24:13","slug":"pintura-para-pinzas-de-freno","status":"publish","type":"product","link":"https:\/\/www.sistar.it\/es\/prodotti\/pintura-para-pinzas-de-freno\/","title":{"rendered":"Pintura para pinzas de freno"},"content":{"rendered":"<p style=\"text-align: justify;\">Pintura de silicona 1K en aerosol, resistente hasta 300\u00b0C, para pintar pinzas de freno de autom\u00f3viles.<\/p>\n<p style=\"text-align: justify;\">Alta cubrici\u00f3n. Color y brillo duraderos. Resistente a los agentes atmosf\u00e9ricos, alta dureza superficial.<\/p>\n<p>&nbsp;<\/p>\n<div id=\"footable_parent_21516\"\n         class=\" footable_parent ninja_table_wrapper loading_ninja_table wp_table_data_press_parent bootstrap4 colored_table\">\n                <table data-ninja_table_instance=\"ninja_table_instance_0\" data-footable_id=\"21516\" data-filter-delay=\"1000\" aria-label=\"SMALTO PINZE FRENI( INGLESE )\"            id=\"footable_21516\"\n           data-unique_identifier=\"ninja_table_unique_id_258226120_21516\"\n           class=\" foo-table ninja_footable foo_table_21516 ninja_table_unique_id_258226120_21516 table  white nt_type_ajax_table table-hover vertical_centered inverted footable-paging-right ninja_table_search_disabled\">\n                <colgroup>\n                            <col class=\"ninja_column_0 \">\n                            <col class=\"ninja_column_1 \">\n                            <col class=\"ninja_column_2 \">\n                            <col class=\"ninja_column_3 \">\n                    <\/colgroup>\n            <\/table>\n                    <style type=\"text\/css\" id='ninja_table_custom_css_21516'>\n                        #footable_21516  {\n        font-family: sans-serif;\n        font-size: 14px;\n    }\n\n#footable_21516 td.ninja_column_0 { text-align: center; }#footable_21516 th.ninja_column_0 { text-align: center; }#footable_21516 td.ninja_column_1 { text-align: center; }#footable_21516 th.ninja_column_1 { text-align: center; }#footable_21516 td.ninja_column_2 { text-align: center; }#footable_21516 th.ninja_column_2 { text-align: center; }#footable_21516 td.ninja_column_3 { text-align: center; }#footable_21516 th.ninja_column_3 { text-align: center; }                <\/style>\n                \n    \n    \n<\/div>\n\n<p>&nbsp;<\/p>\n<div class=\"hidden\">306.2113, 306.2114, 306.2115<\/div>\n","protected":false},"excerpt":{"rendered":"<p>Pintura de silicona 1K en aerosol, resistente hasta 300\u00b0C, para pintar pinzas de freno de autom\u00f3viles. Alta cubrici\u00f3n. Color y brillo duraderos. Resistente a los agentes atmosf\u00e9ricos, alta dureza superficial. &nbsp; &nbsp; 306.2113, 306.2114, 306.2115<\/p>\n","protected":false},"featured_media":18015,"template":"","meta":[],"product_cat":[300,305],"product_tag":[],"acf":[],"_links":{"self":[{"href":"https:\/\/www.sistar.it\/es\/wp-json\/wp\/v2\/product\/21519"}],"collection":[{"href":"https:\/\/www.sistar.it\/es\/wp-json\/wp\/v2\/product"}],"about":[{"href":"https:\/\/www.sistar.it\/es\/wp-json\/wp\/v2\/types\/product"}],"wp:featuredmedia":[{"embeddable":true,"href":"https:\/\/www.sistar.it\/es\/wp-json\/wp\/v2\/media\/18015"}],"wp:attachment":[{"href":"https:\/\/www.sistar.it\/es\/wp-json\/wp\/v2\/media?parent=21519"}],"wp:term":[{"taxonomy":"product_cat","embeddable":true,"href":"https:\/\/www.sistar.it\/es\/wp-json\/wp\/v2\/product_cat?post=21519"},{"taxonomy":"product_tag","embeddable":true,"href":"https:\/\/www.sistar.it\/es\/wp-json\/wp\/v2\/product_tag?post=21519"}],"curies":[{"name":"wp","href":"https:\/\/api.w.org\/{rel}","templated":true}]}}