{"id":21508,"date":"2013-06-15T09:46:18","date_gmt":"2013-06-15T09:46:18","guid":{"rendered":"https:\/\/www.sistar.it\/prodotti\/carbody-paint\/"},"modified":"2024-06-07T13:20:59","modified_gmt":"2024-06-07T13:20:59","slug":"pintura-para-carroceria","status":"publish","type":"product","link":"https:\/\/www.sistar.it\/es\/prodotti\/pintura-para-carroceria\/","title":{"rendered":"Pintura para carrocer\u00eda"},"content":{"rendered":"<p style=\"text-align: justify;\">Pintura nitro-acr\u00edlica 1K en aerosol, para pintar autom\u00f3viles, veh\u00edculos industriales y comerciales.<\/p>\n<p style=\"text-align: justify;\">Alta cubrici\u00f3n y brillo duradero. No amarillea.<\/p>\n<p style=\"text-align: justify;\">Resistente a la gasolina, alcohol y a los agentes atmosf\u00e9ricos tras su completo curado.<\/p>\n<p>&nbsp;<\/p>\n<p style=\"text-align: justify;\"><div id=\"footable_parent_21506\"\n         class=\" footable_parent ninja_table_wrapper loading_ninja_table wp_table_data_press_parent bootstrap4 colored_table\">\n                <table data-ninja_table_instance=\"ninja_table_instance_0\" data-footable_id=\"21506\" data-filter-delay=\"1000\" aria-label=\"SMALTO CARROZZERIA( INGLESE )\"            id=\"footable_21506\"\n           data-unique_identifier=\"ninja_table_unique_id_479376530_21506\"\n           class=\" foo-table ninja_footable foo_table_21506 ninja_table_unique_id_479376530_21506 table  white nt_type_ajax_table table-hover vertical_centered inverted footable-paging-right ninja_table_search_disabled\">\n                <colgroup>\n                            <col class=\"ninja_column_0 \">\n                            <col class=\"ninja_column_1 \">\n                            <col class=\"ninja_column_2 \">\n                            <col class=\"ninja_column_3 \">\n                    <\/colgroup>\n            <\/table>\n                    <style type=\"text\/css\" id='ninja_table_custom_css_21506'>\n                        #footable_21506  {\n        font-family: sans-serif;\n        font-size: 14px;\n    }\n\n#footable_21506 td.ninja_column_0 { text-align: center; }#footable_21506 th.ninja_column_0 { text-align: center; }#footable_21506 td.ninja_column_1 { text-align: center; }#footable_21506 th.ninja_column_1 { text-align: center; }#footable_21506 td.ninja_column_2 { text-align: center; }#footable_21506 th.ninja_column_2 { text-align: center; }#footable_21506 td.ninja_column_3 { text-align: center; }#footable_21506 th.ninja_column_3 { text-align: center; }                <\/style>\n                \n    \n    \n<\/div>\n<\/p>\n<p>&nbsp;<\/p>\n<div class=\"hidden\">306.2100.210, 306.2100.249, 306.2120, 306.2121<\/div>\n","protected":false},"excerpt":{"rendered":"<p>Pintura nitro-acr\u00edlica 1K en aerosol, para pintar autom\u00f3viles, veh\u00edculos industriales y comerciales. Alta cubrici\u00f3n y brillo duradero. No amarillea. Resistente a la gasolina, alcohol y a los agentes atmosf\u00e9ricos tras su completo curado. &nbsp; &nbsp; 306.2100.210, 306.2100.249, 306.2120, 306.2121<\/p>\n","protected":false},"featured_media":18001,"template":"","meta":[],"product_cat":[300,305],"product_tag":[],"acf":[],"_links":{"self":[{"href":"https:\/\/www.sistar.it\/es\/wp-json\/wp\/v2\/product\/21508"}],"collection":[{"href":"https:\/\/www.sistar.it\/es\/wp-json\/wp\/v2\/product"}],"about":[{"href":"https:\/\/www.sistar.it\/es\/wp-json\/wp\/v2\/types\/product"}],"wp:featuredmedia":[{"embeddable":true,"href":"https:\/\/www.sistar.it\/es\/wp-json\/wp\/v2\/media\/18001"}],"wp:attachment":[{"href":"https:\/\/www.sistar.it\/es\/wp-json\/wp\/v2\/media?parent=21508"}],"wp:term":[{"taxonomy":"product_cat","embeddable":true,"href":"https:\/\/www.sistar.it\/es\/wp-json\/wp\/v2\/product_cat?post=21508"},{"taxonomy":"product_tag","embeddable":true,"href":"https:\/\/www.sistar.it\/es\/wp-json\/wp\/v2\/product_tag?post=21508"}],"curies":[{"name":"wp","href":"https:\/\/api.w.org\/{rel}","templated":true}]}}