{"id":21489,"date":"2013-06-15T09:59:11","date_gmt":"2013-06-15T09:59:11","guid":{"rendered":"https:\/\/www.sistar.it\/prodotti\/wheel-paint\/"},"modified":"2024-06-07T13:30:04","modified_gmt":"2024-06-07T13:30:04","slug":"pintura-para-llantas","status":"publish","type":"product","link":"https:\/\/www.sistar.it\/es\/prodotti\/pintura-para-llantas\/","title":{"rendered":"Pintura para llantas"},"content":{"rendered":"<p style=\"text-align: justify;\">Esmalte nitro-acr\u00edlico en spray 1K para renovar llantas de aleaci\u00f3n ligera y hierro y cubiertas de ruedas para autoveh\u00edculos y motocicletas.<\/p>\n<p style=\"text-align: justify;\">Alta cobertura, no amarillea, resistente al alcohol despu\u00e9s de 72 horas, a los ara\u00f1azos despu\u00e9s de 4 d\u00edas y a la gasolina despu\u00e9s de 7 d\u00edas la aplicaci\u00f3n.<\/p>\n<p style=\"text-align: justify;\">Resistente a los agentes atmosf\u00e9ricos. Secado al tacto despu\u00e9s de 15-25 minutos.<\/p>\n<p>&nbsp;<\/p>\n<div id=\"footable_parent_21487\"\n         class=\" footable_parent ninja_table_wrapper loading_ninja_table wp_table_data_press_parent bootstrap4 colored_table\">\n                <table data-ninja_table_instance=\"ninja_table_instance_0\" data-footable_id=\"21487\" data-filter-delay=\"1000\" aria-label=\"VERNICE CERCHIONI( INGLESE )\"            id=\"footable_21487\"\n           data-unique_identifier=\"ninja_table_unique_id_1083992142_21487\"\n           class=\" foo-table ninja_footable foo_table_21487 ninja_table_unique_id_1083992142_21487 table  white nt_type_ajax_table table-hover vertical_centered inverted footable-paging-right ninja_table_search_disabled\">\n                <colgroup>\n                            <col class=\"ninja_column_0 \">\n                            <col class=\"ninja_column_1 \">\n                            <col class=\"ninja_column_2 \">\n                            <col class=\"ninja_column_3 \">\n                    <\/colgroup>\n            <\/table>\n                    <style type=\"text\/css\" id='ninja_table_custom_css_21487'>\n                        #footable_21487  {\n        font-family: sans-serif;\n        font-size: 14px;\n    }\n\n#footable_21487 td.ninja_column_0 { text-align: center; }#footable_21487 th.ninja_column_0 { text-align: center; }#footable_21487 td.ninja_column_1 { text-align: center; }#footable_21487 th.ninja_column_1 { text-align: center; }#footable_21487 td.ninja_column_2 { text-align: center; }#footable_21487 th.ninja_column_2 { text-align: center; }#footable_21487 td.ninja_column_3 { text-align: center; }#footable_21487 th.ninja_column_3 { text-align: center; }                <\/style>\n                \n    \n    \n<\/div>\n\n<p>&nbsp;<\/p>\n<div class=\"hidden\">306.2100.690<\/div>\n","protected":false},"excerpt":{"rendered":"<p>Esmalte nitro-acr\u00edlico en spray 1K para renovar llantas de aleaci\u00f3n ligera y hierro y cubiertas de ruedas para autoveh\u00edculos y motocicletas. Alta cobertura, no amarillea, resistente al alcohol despu\u00e9s de 72 horas, a los ara\u00f1azos despu\u00e9s de 4 d\u00edas y a la gasolina despu\u00e9s de 7 d\u00edas la aplicaci\u00f3n. Resistente a los agentes atmosf\u00e9ricos. Secado&#8230;<\/p>\n","protected":false},"featured_media":18022,"template":"","meta":[],"product_cat":[300,305,303],"product_tag":[],"acf":[],"_links":{"self":[{"href":"https:\/\/www.sistar.it\/es\/wp-json\/wp\/v2\/product\/21489"}],"collection":[{"href":"https:\/\/www.sistar.it\/es\/wp-json\/wp\/v2\/product"}],"about":[{"href":"https:\/\/www.sistar.it\/es\/wp-json\/wp\/v2\/types\/product"}],"wp:featuredmedia":[{"embeddable":true,"href":"https:\/\/www.sistar.it\/es\/wp-json\/wp\/v2\/media\/18022"}],"wp:attachment":[{"href":"https:\/\/www.sistar.it\/es\/wp-json\/wp\/v2\/media?parent=21489"}],"wp:term":[{"taxonomy":"product_cat","embeddable":true,"href":"https:\/\/www.sistar.it\/es\/wp-json\/wp\/v2\/product_cat?post=21489"},{"taxonomy":"product_tag","embeddable":true,"href":"https:\/\/www.sistar.it\/es\/wp-json\/wp\/v2\/product_tag?post=21489"}],"curies":[{"name":"wp","href":"https:\/\/api.w.org\/{rel}","templated":true}]}}