{"id":21483,"date":"2013-06-15T10:14:28","date_gmt":"2013-06-15T10:14:28","guid":{"rendered":"https:\/\/www.sistar.it\/prodotti\/paint-for-plastics\/"},"modified":"2024-06-07T13:15:20","modified_gmt":"2024-06-07T13:15:20","slug":"pintura-para-plasticos","status":"publish","type":"product","link":"https:\/\/www.sistar.it\/es\/prodotti\/pintura-para-plasticos\/","title":{"rendered":"Pintura para pl\u00e1sticos"},"content":{"rendered":"<p style=\"text-align: justify;\">Pintura brillante 1K en aerosol. Aplicar directamente sobre pl\u00e1sticos sin promotor de adherencia.<\/p>\n<p style=\"text-align: justify;\">Con alto contenido de pigmento para conseguir la m\u00e1xima velocidad de aplicaci\u00f3n y cubrici\u00f3n.<\/p>\n<p style=\"text-align: justify;\">Secado r\u00e1pido. Boquilla con abanico regulable.<\/p>\n<p>&nbsp;<\/p>\n<div id=\"footable_parent_21482\"\n         class=\" footable_parent ninja_table_wrapper loading_ninja_table wp_table_data_press_parent bootstrap4 colored_table\">\n                <table data-ninja_table_instance=\"ninja_table_instance_0\" data-footable_id=\"21482\" data-filter-delay=\"1000\" aria-label=\"VERNICE PER PLASTICHE( INGLESE )\"            id=\"footable_21482\"\n           data-unique_identifier=\"ninja_table_unique_id_1905025295_21482\"\n           class=\" foo-table ninja_footable foo_table_21482 ninja_table_unique_id_1905025295_21482 table  white nt_type_ajax_table table-hover vertical_centered inverted footable-paging-right ninja_table_search_disabled\">\n                <colgroup>\n                            <col class=\"ninja_column_0 \">\n                            <col class=\"ninja_column_1 \">\n                            <col class=\"ninja_column_2 \">\n                            <col class=\"ninja_column_3 \">\n                    <\/colgroup>\n            <\/table>\n                    <style type=\"text\/css\" id='ninja_table_custom_css_21482'>\n                        #footable_21482  {\n        font-family: sans-serif;\n        font-size: 14px;\n    }\n\n#footable_21482 td.ninja_column_0 { text-align: center; }#footable_21482 th.ninja_column_0 { text-align: center; }#footable_21482 td.ninja_column_1 { text-align: center; }#footable_21482 th.ninja_column_1 { text-align: center; }#footable_21482 td.ninja_column_2 { text-align: center; }#footable_21482 th.ninja_column_2 { text-align: center; }#footable_21482 td.ninja_column_3 { text-align: center; }#footable_21482 th.ninja_column_3 { text-align: center; }                <\/style>\n                \n    \n    \n<\/div>\n\n<p>&nbsp;<\/p>\n<div class=\"hidden\">306.0140, 306.0142<\/div>\n","protected":false},"excerpt":{"rendered":"<p>Pintura brillante 1K en aerosol. Aplicar directamente sobre pl\u00e1sticos sin promotor de adherencia. Con alto contenido de pigmento para conseguir la m\u00e1xima velocidad de aplicaci\u00f3n y cubrici\u00f3n. Secado r\u00e1pido. Boquilla con abanico regulable. &nbsp; &nbsp; 306.0140, 306.0142<\/p>\n","protected":false},"featured_media":17977,"template":"","meta":[],"product_cat":[300,305],"product_tag":[],"acf":[],"_links":{"self":[{"href":"https:\/\/www.sistar.it\/es\/wp-json\/wp\/v2\/product\/21483"}],"collection":[{"href":"https:\/\/www.sistar.it\/es\/wp-json\/wp\/v2\/product"}],"about":[{"href":"https:\/\/www.sistar.it\/es\/wp-json\/wp\/v2\/types\/product"}],"wp:featuredmedia":[{"embeddable":true,"href":"https:\/\/www.sistar.it\/es\/wp-json\/wp\/v2\/media\/17977"}],"wp:attachment":[{"href":"https:\/\/www.sistar.it\/es\/wp-json\/wp\/v2\/media?parent=21483"}],"wp:term":[{"taxonomy":"product_cat","embeddable":true,"href":"https:\/\/www.sistar.it\/es\/wp-json\/wp\/v2\/product_cat?post=21483"},{"taxonomy":"product_tag","embeddable":true,"href":"https:\/\/www.sistar.it\/es\/wp-json\/wp\/v2\/product_tag?post=21483"}],"curies":[{"name":"wp","href":"https:\/\/api.w.org\/{rel}","templated":true}]}}