{"id":21457,"date":"2013-06-19T07:00:09","date_gmt":"2013-06-19T07:00:09","guid":{"rendered":"https:\/\/www.sistar.it\/prodotti\/plastic-metal-primer\/"},"modified":"2024-06-07T12:57:00","modified_gmt":"2024-06-07T12:57:00","slug":"plastic-metal-primer","status":"publish","type":"product","link":"https:\/\/www.sistar.it\/es\/prodotti\/plastic-metal-primer\/","title":{"rendered":"Plastic &#038; Metal primer"},"content":{"rendered":"<p>Imprimaci\u00f3n universal para pl\u00e1sticos y metales, a base de resinas acr\u00edlicas y aditivos especiales.<\/p>\n<p>Adecuado para la mayor\u00eda de los pl\u00e1sticos y para acero, aluminio, lat\u00f3n, cobre y bronce.<\/p>\n<p>Mejora la adherencia de las pinturas de acabado. Secado al tacto en 15-25 minutos.<\/p>\n<p>&nbsp;<\/p>\n<div id=\"footable_parent_21455\"\n         class=\" footable_parent ninja_table_wrapper loading_ninja_table wp_table_data_press_parent bootstrap4 colored_table\">\n                <table data-ninja_table_instance=\"ninja_table_instance_0\" data-footable_id=\"21455\" data-filter-delay=\"1000\" aria-label=\"PLASTIC &amp; METAL PRIMER( INGLESE )\"            id=\"footable_21455\"\n           data-unique_identifier=\"ninja_table_unique_id_46097145_21455\"\n           class=\" foo-table ninja_footable foo_table_21455 ninja_table_unique_id_46097145_21455 table  white nt_type_ajax_table table-hover vertical_centered inverted footable-paging-right ninja_table_search_disabled\">\n                <colgroup>\n                            <col class=\"ninja_column_0 \">\n                            <col class=\"ninja_column_1 \">\n                            <col class=\"ninja_column_2 \">\n                            <col class=\"ninja_column_3 \">\n                    <\/colgroup>\n            <\/table>\n                    <style type=\"text\/css\" id='ninja_table_custom_css_21455'>\n                        #footable_21455  {\n        font-family: sans-serif;\n        font-size: 14px;\n    }\n\n#footable_21455 td.ninja_column_0 { text-align: center; }#footable_21455 th.ninja_column_0 { text-align: center; }#footable_21455 td.ninja_column_1 { text-align: center; }#footable_21455 th.ninja_column_1 { text-align: center; }#footable_21455 td.ninja_column_2 { text-align: center; }#footable_21455 th.ninja_column_2 { text-align: center; }#footable_21455 td.ninja_column_3 { text-align: center; }#footable_21455 th.ninja_column_3 { text-align: center; }                <\/style>\n                \n    \n    \n<\/div>\n\n<div class=\"hidden\">306.2025<\/div>\n","protected":false},"excerpt":{"rendered":"<p>Imprimaci\u00f3n universal para pl\u00e1sticos y metales, a base de resinas acr\u00edlicas y aditivos especiales. Adecuado para la mayor\u00eda de los pl\u00e1sticos y para acero, aluminio, lat\u00f3n, cobre y bronce. Mejora la adherencia de las pinturas de acabado. Secado al tacto en 15-25 minutos. &nbsp; 306.2025<\/p>\n","protected":false},"featured_media":17947,"template":"","meta":[],"product_cat":[300,305],"product_tag":[],"acf":[],"_links":{"self":[{"href":"https:\/\/www.sistar.it\/es\/wp-json\/wp\/v2\/product\/21457"}],"collection":[{"href":"https:\/\/www.sistar.it\/es\/wp-json\/wp\/v2\/product"}],"about":[{"href":"https:\/\/www.sistar.it\/es\/wp-json\/wp\/v2\/types\/product"}],"wp:featuredmedia":[{"embeddable":true,"href":"https:\/\/www.sistar.it\/es\/wp-json\/wp\/v2\/media\/17947"}],"wp:attachment":[{"href":"https:\/\/www.sistar.it\/es\/wp-json\/wp\/v2\/media?parent=21457"}],"wp:term":[{"taxonomy":"product_cat","embeddable":true,"href":"https:\/\/www.sistar.it\/es\/wp-json\/wp\/v2\/product_cat?post=21457"},{"taxonomy":"product_tag","embeddable":true,"href":"https:\/\/www.sistar.it\/es\/wp-json\/wp\/v2\/product_tag?post=21457"}],"curies":[{"name":"wp","href":"https:\/\/api.w.org\/{rel}","templated":true}]}}