{"id":21451,"date":"2013-06-19T07:51:13","date_gmt":"2013-06-19T07:51:13","guid":{"rendered":"https:\/\/www.sistar.it\/prodotti\/car-motorbyke-clear-coat\/"},"modified":"2024-06-07T13:12:24","modified_gmt":"2024-06-07T13:12:24","slug":"barniz-para-coche-y-moto","status":"publish","type":"product","link":"https:\/\/www.sistar.it\/es\/prodotti\/barniz-para-coche-y-moto\/","title":{"rendered":"Barniz para coche y moto"},"content":{"rendered":"<p style=\"text-align: justify;\">Barniz nitro acr\u00edlico 1K. Este aerosol est\u00e1 indicado para su aplicaci\u00f3n en autom\u00f3viles, motocicletas, scooters y bicicletas.<\/p>\n<p style=\"text-align: justify;\">Resistente al alcohol despu\u00e9s de 72 horas, a los ara\u00f1azos despu\u00e9s de 4 d\u00edas y a la gasolina despu\u00e9s de 7 d\u00edas desde su aplicaci\u00f3n.<\/p>\n<p style=\"text-align: justify;\">No amarillea por causa de los agentes atmosf\u00e9ricos. Secado al tacto en 15-25 minutos.<\/p>\n<p>&nbsp;<\/p>\n<div id=\"footable_parent_21450\"\n         class=\" footable_parent ninja_table_wrapper loading_ninja_table wp_table_data_press_parent bootstrap4 colored_table\">\n                <table data-ninja_table_instance=\"ninja_table_instance_0\" data-footable_id=\"21450\" data-filter-delay=\"1000\" aria-label=\"VERNICE TRASPARENTE AUTO E MOTO( INGLESE )\"            id=\"footable_21450\"\n           data-unique_identifier=\"ninja_table_unique_id_1269504535_21450\"\n           class=\" foo-table ninja_footable foo_table_21450 ninja_table_unique_id_1269504535_21450 table  white nt_type_ajax_table table-hover vertical_centered inverted footable-paging-right ninja_table_search_disabled\">\n                <colgroup>\n                            <col class=\"ninja_column_0 \">\n                            <col class=\"ninja_column_1 \">\n                            <col class=\"ninja_column_2 \">\n                            <col class=\"ninja_column_3 \">\n                    <\/colgroup>\n            <\/table>\n                    <style type=\"text\/css\" id='ninja_table_custom_css_21450'>\n                        #footable_21450  {\n        font-family: sans-serif;\n        font-size: 14px;\n    }\n\n#footable_21450 td.ninja_column_0 { text-align: center; }#footable_21450 th.ninja_column_0 { text-align: center; }#footable_21450 td.ninja_column_1 { text-align: center; }#footable_21450 th.ninja_column_1 { text-align: center; }#footable_21450 td.ninja_column_2 { text-align: center; }#footable_21450 th.ninja_column_2 { text-align: center; }#footable_21450 td.ninja_column_3 { text-align: center; }#footable_21450 th.ninja_column_3 { text-align: center; }                <\/style>\n                \n    \n    \n<\/div>\n\n<p>&nbsp;<\/p>\n<div class=\"hidden\">306.2110, 306.2111<\/div>\n","protected":false},"excerpt":{"rendered":"<p>Barniz nitro acr\u00edlico 1K. Este aerosol est\u00e1 indicado para su aplicaci\u00f3n en autom\u00f3viles, motocicletas, scooters y bicicletas. Resistente al alcohol despu\u00e9s de 72 horas, a los ara\u00f1azos despu\u00e9s de 4 d\u00edas y a la gasolina despu\u00e9s de 7 d\u00edas desde su aplicaci\u00f3n. No amarillea por causa de los agentes atmosf\u00e9ricos. Secado al tacto en 15-25&#8230;<\/p>\n","protected":false},"featured_media":17967,"template":"","meta":[],"product_cat":[300,305],"product_tag":[],"acf":[],"_links":{"self":[{"href":"https:\/\/www.sistar.it\/es\/wp-json\/wp\/v2\/product\/21451"}],"collection":[{"href":"https:\/\/www.sistar.it\/es\/wp-json\/wp\/v2\/product"}],"about":[{"href":"https:\/\/www.sistar.it\/es\/wp-json\/wp\/v2\/types\/product"}],"wp:featuredmedia":[{"embeddable":true,"href":"https:\/\/www.sistar.it\/es\/wp-json\/wp\/v2\/media\/17967"}],"wp:attachment":[{"href":"https:\/\/www.sistar.it\/es\/wp-json\/wp\/v2\/media?parent=21451"}],"wp:term":[{"taxonomy":"product_cat","embeddable":true,"href":"https:\/\/www.sistar.it\/es\/wp-json\/wp\/v2\/product_cat?post=21451"},{"taxonomy":"product_tag","embeddable":true,"href":"https:\/\/www.sistar.it\/es\/wp-json\/wp\/v2\/product_tag?post=21451"}],"curies":[{"name":"wp","href":"https:\/\/api.w.org\/{rel}","templated":true}]}}