{"id":21446,"date":"2013-07-11T11:27:29","date_gmt":"2013-07-11T11:27:29","guid":{"rendered":"https:\/\/www.sistar.it\/prodotti\/pneumatic-fill-one\/"},"modified":"2024-03-12T15:22:09","modified_gmt":"2024-03-12T15:22:09","slug":"fill-one-neumatica","status":"publish","type":"product","link":"https:\/\/www.sistar.it\/es\/prodotti\/fill-one-neumatica\/","title":{"rendered":"FILL-ONE+ neum\u00e1tica"},"content":{"rendered":"<p>Innovador sistema para rellenar los aerosoles precargados con el color solicitado por su cliente.<\/p>\n<p>Se vierten 100 ml de pintura en el Fill-Cap de un solo uso, que luego se transfieren al aerosol gracias al pist\u00f3n de empuje protegido por la tapa;<\/p>\n<p>dejando en \u00e9sta una muestra de color para facilitar su identificaci\u00f3n.<\/p>\n<p>No es necesario limpiar la m\u00e1quina en cada cambio de color.<\/p>\n<p>&nbsp;<\/p>\n<p>M\u00e1quina neum\u00e1tica para rellenar los aerosoles precargados con la tapa Fill-cap. Solo se activa al cerrar la puerta frontal. Incluye el recipiente especial de aluminio para la tapa Fill-Cap.<\/p>\n<p>&nbsp;<\/p>\n<p><strong><span style=\"font-size: 14pt;\">Caracter\u00edsticas:<\/span><\/strong><\/p>\n<ul>\n<li>Presi\u00f3n: 7 bar\/100 psi min. &#8211; 9 bar\/130 psi max<\/li>\n<li>Peso: 4,5 Kg<\/li>\n<\/ul>\n<p>&nbsp;<\/p>\n<p><strong>Base de metal pintado<\/strong> muy resistente para colocar la m\u00e1quina neum\u00e1tica Fill-One sobre una superficie de trabajo plana. Incluye los soportes de goma y tornillo de 20 mm.<\/p>\n<p>&nbsp;<\/p>\n<div id=\"footable_parent_21444\"\n         class=\" footable_parent ninja_table_wrapper loading_ninja_table wp_table_data_press_parent bootstrap4 colored_table\">\n                <table data-ninja_table_instance=\"ninja_table_instance_0\" data-footable_id=\"21444\" data-filter-delay=\"1000\" aria-label=\"FILL-ONE + PNEUMATICA( INGLESE )\"            id=\"footable_21444\"\n           data-unique_identifier=\"ninja_table_unique_id_404677538_21444\"\n           class=\" foo-table ninja_footable foo_table_21444 ninja_table_unique_id_404677538_21444 table  white nt_type_ajax_table table-hover vertical_centered inverted footable-paging-right ninja_table_search_disabled\">\n                <colgroup>\n                            <col class=\"ninja_column_0 \">\n                            <col class=\"ninja_column_1 \">\n                            <col class=\"ninja_column_2 \">\n                    <\/colgroup>\n            <\/table>\n                    <style type=\"text\/css\" id='ninja_table_custom_css_21444'>\n                        #footable_21444  {\n        font-family: sans-serif;\n        font-size: 14px;\n    }\n\n#footable_21444 td.ninja_column_0 { text-align: center; }#footable_21444 th.ninja_column_0 { text-align: center; }#footable_21444 td.ninja_column_1 { text-align: center; }#footable_21444 th.ninja_column_1 { text-align: center; }#footable_21444 td.ninja_column_2 { text-align: center; }#footable_21444 th.ninja_column_2 { text-align: center; }                <\/style>\n                \n    \n    \n<\/div>\n\n<p>&nbsp;<\/p>\n<div class=\"hidden\">406.0040, 406.0041<\/div>\n","protected":false},"excerpt":{"rendered":"<p>Innovador sistema para rellenar los aerosoles precargados con el color solicitado por su cliente. Se vierten 100 ml de pintura en el Fill-Cap de un solo uso, que luego se transfieren al aerosol gracias al pist\u00f3n de empuje protegido por la tapa; dejando en \u00e9sta una muestra de color para facilitar su identificaci\u00f3n. No es&#8230;<\/p>\n","protected":false},"featured_media":19803,"template":"","meta":[],"product_cat":[300,312,313],"product_tag":[314],"acf":[],"_links":{"self":[{"href":"https:\/\/www.sistar.it\/es\/wp-json\/wp\/v2\/product\/21446"}],"collection":[{"href":"https:\/\/www.sistar.it\/es\/wp-json\/wp\/v2\/product"}],"about":[{"href":"https:\/\/www.sistar.it\/es\/wp-json\/wp\/v2\/types\/product"}],"wp:featuredmedia":[{"embeddable":true,"href":"https:\/\/www.sistar.it\/es\/wp-json\/wp\/v2\/media\/19803"}],"wp:attachment":[{"href":"https:\/\/www.sistar.it\/es\/wp-json\/wp\/v2\/media?parent=21446"}],"wp:term":[{"taxonomy":"product_cat","embeddable":true,"href":"https:\/\/www.sistar.it\/es\/wp-json\/wp\/v2\/product_cat?post=21446"},{"taxonomy":"product_tag","embeddable":true,"href":"https:\/\/www.sistar.it\/es\/wp-json\/wp\/v2\/product_tag?post=21446"}],"curies":[{"name":"wp","href":"https:\/\/api.w.org\/{rel}","templated":true}]}}