{"id":21436,"date":"2013-07-11T11:32:01","date_gmt":"2013-07-11T11:32:01","guid":{"rendered":"https:\/\/www.sistar.it\/prodotti\/manual-fill-one\/"},"modified":"2024-03-12T15:23:11","modified_gmt":"2024-03-12T15:23:11","slug":"fill-one-manual","status":"publish","type":"product","link":"https:\/\/www.sistar.it\/es\/prodotti\/fill-one-manual\/","title":{"rendered":"FILL-ONE+ manual"},"content":{"rendered":"<p>Innovador sistema para rellenar los aerosoles precargados con el color solicitado por su cliente.<\/p>\n<p>Se vierten 100 ml de pintura en el Fill-Cap de un solo uso, que luego se transfieren al aerosol gracias al pist\u00f3n de empuje protegido por la tapa;<\/p>\n<p>dejando en \u00e9sta una muestra de color para facilitar su identificaci\u00f3n.<\/p>\n<p>No es necesario limpiar la m\u00e1quina en cada cambio de color.<\/p>\n<p>&nbsp;<\/p>\n<p>M\u00e1quina manual para rellenar los aerosoles precargados con la tapa Fill-cap. Incluye el recipiente especial de aluminio para la tapa Fill-Cap.<\/p>\n<p>&nbsp;<\/p>\n<p><strong><span style=\"font-size: 14pt;\">Caracter\u00edsticas:<\/span><\/strong><\/p>\n<ul>\n<li>Tama\u00f1o: \u00d8 130 x 640 h mm<\/li>\n<li>Peso: 4,5 Kg<\/li>\n<\/ul>\n<p>&nbsp;<\/p>\n<div id=\"footable_parent_21435\"\n         class=\" footable_parent ninja_table_wrapper loading_ninja_table wp_table_data_press_parent bootstrap4 colored_table\">\n                <table data-ninja_table_instance=\"ninja_table_instance_0\" data-footable_id=\"21435\" data-filter-delay=\"1000\" aria-label=\"FILL-ONE MANUALE( INGLESE )\"            id=\"footable_21435\"\n           data-unique_identifier=\"ninja_table_unique_id_927875936_21435\"\n           class=\" foo-table ninja_footable foo_table_21435 ninja_table_unique_id_927875936_21435 table  white nt_type_ajax_table table-hover vertical_centered inverted footable-paging-right ninja_table_search_disabled\">\n                <colgroup>\n                            <col class=\"ninja_column_0 \">\n                            <col class=\"ninja_column_1 \">\n                    <\/colgroup>\n            <\/table>\n                    <style type=\"text\/css\" id='ninja_table_custom_css_21435'>\n                        #footable_21435  {\n        font-family: sans-serif;\n        font-size: 14px;\n    }\n\n#footable_21435 td.ninja_column_0 { text-align: center; }#footable_21435 th.ninja_column_0 { text-align: center; }#footable_21435 td.ninja_column_1 { text-align: center; }#footable_21435 th.ninja_column_1 { text-align: center; }                <\/style>\n                \n    \n    \n<\/div>\n\n<div class=\"hidden\">406.0038<\/div>\n","protected":false},"excerpt":{"rendered":"<p>Innovador sistema para rellenar los aerosoles precargados con el color solicitado por su cliente. Se vierten 100 ml de pintura en el Fill-Cap de un solo uso, que luego se transfieren al aerosol gracias al pist\u00f3n de empuje protegido por la tapa; dejando en \u00e9sta una muestra de color para facilitar su identificaci\u00f3n. No es&#8230;<\/p>\n","protected":false},"featured_media":19813,"template":"","meta":[],"product_cat":[300,312,313],"product_tag":[314],"acf":[],"_links":{"self":[{"href":"https:\/\/www.sistar.it\/es\/wp-json\/wp\/v2\/product\/21436"}],"collection":[{"href":"https:\/\/www.sistar.it\/es\/wp-json\/wp\/v2\/product"}],"about":[{"href":"https:\/\/www.sistar.it\/es\/wp-json\/wp\/v2\/types\/product"}],"wp:featuredmedia":[{"embeddable":true,"href":"https:\/\/www.sistar.it\/es\/wp-json\/wp\/v2\/media\/19813"}],"wp:attachment":[{"href":"https:\/\/www.sistar.it\/es\/wp-json\/wp\/v2\/media?parent=21436"}],"wp:term":[{"taxonomy":"product_cat","embeddable":true,"href":"https:\/\/www.sistar.it\/es\/wp-json\/wp\/v2\/product_cat?post=21436"},{"taxonomy":"product_tag","embeddable":true,"href":"https:\/\/www.sistar.it\/es\/wp-json\/wp\/v2\/product_tag?post=21436"}],"curies":[{"name":"wp","href":"https:\/\/api.w.org\/{rel}","templated":true}]}}