{"id":21430,"date":"2014-05-05T11:08:13","date_gmt":"2014-05-05T11:08:13","guid":{"rendered":"https:\/\/www.sistar.it\/prodotti\/high-quality-acrylic-clear-coat\/"},"modified":"2024-06-07T13:56:32","modified_gmt":"2024-06-07T13:56:32","slug":"barniz-acrilico-de-alta-calidad","status":"publish","type":"product","link":"https:\/\/www.sistar.it\/es\/prodotti\/barniz-acrilico-de-alta-calidad\/","title":{"rendered":"Barniz acr\u00edlico de alta calidad"},"content":{"rendered":"<p>Barniz acr\u00edlico en aerosol de alta calidad y alto s\u00f3lido, para proteger superficies y piezas pintadas, tanto en interior como exterior.<\/p>\n<p>No amarillea, resistente a la luz solar y agentes atmosf\u00e9ricos. No apto para poliestireno, cer\u00e1mica y porcelana.<\/p>\n<p>Secado al tacto en 15-25 minutos, curado tras 24 horas.<\/p>\n<p>&nbsp;<\/p>\n<div id=\"footable_parent_21429\"\n         class=\" footable_parent ninja_table_wrapper loading_ninja_table wp_table_data_press_parent bootstrap4 colored_table\">\n                <table data-ninja_table_instance=\"ninja_table_instance_0\" data-footable_id=\"21429\" data-filter-delay=\"1000\" aria-label=\"TRASPARENTE ACRILICO ALTA QUALIT\u00c0( INGLESE )\"            id=\"footable_21429\"\n           data-unique_identifier=\"ninja_table_unique_id_1399049913_21429\"\n           class=\" foo-table ninja_footable foo_table_21429 ninja_table_unique_id_1399049913_21429 table  white nt_type_ajax_table table-hover vertical_centered inverted footable-paging-right ninja_table_search_disabled\">\n                <colgroup>\n                            <col class=\"ninja_column_0 \">\n                            <col class=\"ninja_column_1 \">\n                            <col class=\"ninja_column_2 \">\n                            <col class=\"ninja_column_3 \">\n                    <\/colgroup>\n            <\/table>\n                    <style type=\"text\/css\" id='ninja_table_custom_css_21429'>\n                        #footable_21429  {\n        font-family: sans-serif;\n        font-size: 14px;\n    }\n\n#footable_21429 td.ninja_column_0 { text-align: center; }#footable_21429 th.ninja_column_0 { text-align: center; }#footable_21429 td.ninja_column_1 { text-align: center; }#footable_21429 th.ninja_column_1 { text-align: center; }#footable_21429 td.ninja_column_2 { text-align: center; }#footable_21429 th.ninja_column_2 { text-align: center; }#footable_21429 td.ninja_column_3 { text-align: center; }#footable_21429 th.ninja_column_3 { text-align: center; }                <\/style>\n                \n    \n    \n<\/div>\n\n<p>&nbsp;<\/p>\n<div class=\"hidden\">306.2001.LU, 306.2001.OP<\/div>\n","protected":false},"excerpt":{"rendered":"<p>Barniz acr\u00edlico en aerosol de alta calidad y alto s\u00f3lido, para proteger superficies y piezas pintadas, tanto en interior como exterior. No amarillea, resistente a la luz solar y agentes atmosf\u00e9ricos. No apto para poliestireno, cer\u00e1mica y porcelana. Secado al tacto en 15-25 minutos, curado tras 24 horas. &nbsp; &nbsp; 306.2001.LU, 306.2001.OP<\/p>\n","protected":false},"featured_media":18069,"template":"","meta":[],"product_cat":[300,310],"product_tag":[],"acf":[],"_links":{"self":[{"href":"https:\/\/www.sistar.it\/es\/wp-json\/wp\/v2\/product\/21430"}],"collection":[{"href":"https:\/\/www.sistar.it\/es\/wp-json\/wp\/v2\/product"}],"about":[{"href":"https:\/\/www.sistar.it\/es\/wp-json\/wp\/v2\/types\/product"}],"wp:featuredmedia":[{"embeddable":true,"href":"https:\/\/www.sistar.it\/es\/wp-json\/wp\/v2\/media\/18069"}],"wp:attachment":[{"href":"https:\/\/www.sistar.it\/es\/wp-json\/wp\/v2\/media?parent=21430"}],"wp:term":[{"taxonomy":"product_cat","embeddable":true,"href":"https:\/\/www.sistar.it\/es\/wp-json\/wp\/v2\/product_cat?post=21430"},{"taxonomy":"product_tag","embeddable":true,"href":"https:\/\/www.sistar.it\/es\/wp-json\/wp\/v2\/product_tag?post=21430"}],"curies":[{"name":"wp","href":"https:\/\/api.w.org\/{rel}","templated":true}]}}