{"id":21416,"date":"2024-03-12T13:34:06","date_gmt":"2024-03-12T13:34:06","guid":{"rendered":"https:\/\/www.sistar.it\/prodotti\/universal-pre-filled-can-for-solvent-based-paints-2\/"},"modified":"2024-06-07T12:18:38","modified_gmt":"2024-06-07T12:18:38","slug":"aerosol-universal-precargado-base-disolvente-2","status":"publish","type":"product","link":"https:\/\/www.sistar.it\/es\/prodotti\/aerosol-universal-precargado-base-disolvente-2\/","title":{"rendered":"Aerosol universal precargado base disolvente"},"content":{"rendered":"<p>Aerosol precargado para pinturas 1K.<\/p>\n<p>Contiene diluyente DME y gas propulsor compatible con todas las pinturas base disolvente preparadas en sistema tintom\u00e9trico.<\/p>\n<p>A\u00f1adir m\u00e1x. 100 ml de pintura. Boquilla con chorro ajustable.<\/p>\n<p>&nbsp;<\/p>\n<div id=\"footable_parent_21415\"\n         class=\" footable_parent ninja_table_wrapper loading_ninja_table wp_table_data_press_parent bootstrap4 colored_table\">\n                <table data-ninja_table_instance=\"ninja_table_instance_0\" data-footable_id=\"21415\" data-filter-delay=\"1000\" aria-label=\"PRECARICATA UNIVERSALE A SOLVENTE 306.0192( INGLESE )\"            id=\"footable_21415\"\n           data-unique_identifier=\"ninja_table_unique_id_251493649_21415\"\n           class=\" foo-table ninja_footable foo_table_21415 ninja_table_unique_id_251493649_21415 table  white nt_type_ajax_table table-hover vertical_centered inverted footable-paging-right ninja_table_search_disabled\">\n                <colgroup>\n                            <col class=\"ninja_column_0 \">\n                            <col class=\"ninja_column_1 \">\n                            <col class=\"ninja_column_2 \">\n                            <col class=\"ninja_column_3 \">\n                    <\/colgroup>\n            <\/table>\n                    <style type=\"text\/css\" id='ninja_table_custom_css_21415'>\n                        #footable_21415  {\n        font-family: sans-serif;\n        font-size: 14px;\n    }\n\n#footable_21415 td.ninja_column_0 { text-align: center; }#footable_21415 th.ninja_column_0 { text-align: center; }#footable_21415 td.ninja_column_1 { text-align: center; }#footable_21415 th.ninja_column_1 { text-align: center; }#footable_21415 td.ninja_column_2 { text-align: center; }#footable_21415 th.ninja_column_2 { text-align: center; }#footable_21415 td.ninja_column_3 { text-align: center; }#footable_21415 th.ninja_column_3 { text-align: center; }                <\/style>\n                \n    \n    \n<\/div>\n\n<div class=\"hidden\">306.0192<\/div>\n","protected":false},"excerpt":{"rendered":"<p>Con tap\u00f3n cl\u00e1sico para m\u00e1quinas est\u00e1ndar<\/p>\n","protected":false},"featured_media":17853,"template":"","meta":[],"product_cat":[300,312],"product_tag":[],"acf":[],"_links":{"self":[{"href":"https:\/\/www.sistar.it\/es\/wp-json\/wp\/v2\/product\/21416"}],"collection":[{"href":"https:\/\/www.sistar.it\/es\/wp-json\/wp\/v2\/product"}],"about":[{"href":"https:\/\/www.sistar.it\/es\/wp-json\/wp\/v2\/types\/product"}],"wp:featuredmedia":[{"embeddable":true,"href":"https:\/\/www.sistar.it\/es\/wp-json\/wp\/v2\/media\/17853"}],"wp:attachment":[{"href":"https:\/\/www.sistar.it\/es\/wp-json\/wp\/v2\/media?parent=21416"}],"wp:term":[{"taxonomy":"product_cat","embeddable":true,"href":"https:\/\/www.sistar.it\/es\/wp-json\/wp\/v2\/product_cat?post=21416"},{"taxonomy":"product_tag","embeddable":true,"href":"https:\/\/www.sistar.it\/es\/wp-json\/wp\/v2\/product_tag?post=21416"}],"curies":[{"name":"wp","href":"https:\/\/api.w.org\/{rel}","templated":true}]}}