{"id":21401,"date":"2018-11-26T13:01:25","date_gmt":"2018-11-26T13:01:25","guid":{"rendered":"https:\/\/www.sistar.it\/prodotti\/stickers-and-glue-remover\/"},"modified":"2024-03-12T13:18:20","modified_gmt":"2024-03-12T13:18:20","slug":"eliminador-de-etiquetas-adhesivas","status":"publish","type":"product","link":"https:\/\/www.sistar.it\/es\/prodotti\/eliminador-de-etiquetas-adhesivas\/","title":{"rendered":"Eliminador de etiquetas adhesivas"},"content":{"rendered":"<p>Aerosol base disolvente y pol\u00edmeros sint\u00e9ticos, muy r\u00e1pido para eliminar colas y etiquetas adhesivas.<\/p>\n<p>No gotea cuando se pulveriza sobre superficies verticales.<\/p>\n<p>Para reducir el tiempo en la eliminaci\u00f3n de etiquetas plastificadas, retire antes el plastificado.<\/p>\n<p>&nbsp;<\/p>\n<div id=\"footable_parent_21400\"\n         class=\" footable_parent ninja_table_wrapper loading_ninja_table wp_table_data_press_parent bootstrap4 colored_table\">\n                <table data-ninja_table_instance=\"ninja_table_instance_0\" data-footable_id=\"21400\" data-filter-delay=\"1000\" aria-label=\"RIMUOVI ETICHETTE E COLLA( INGLESE )\"            id=\"footable_21400\"\n           data-unique_identifier=\"ninja_table_unique_id_229456671_21400\"\n           class=\" foo-table ninja_footable foo_table_21400 ninja_table_unique_id_229456671_21400 table  white nt_type_ajax_table table-hover vertical_centered inverted footable-paging-right ninja_table_search_disabled\">\n                <colgroup>\n                            <col class=\"ninja_column_0 \">\n                            <col class=\"ninja_column_1 \">\n                            <col class=\"ninja_column_2 \">\n                    <\/colgroup>\n            <\/table>\n                    <style type=\"text\/css\" id='ninja_table_custom_css_21400'>\n                        #footable_21400  {\n        font-family: sans-serif;\n        font-size: 14px;\n    }\n\n#footable_21400 td.ninja_column_0 { text-align: center; }#footable_21400 th.ninja_column_0 { text-align: center; }#footable_21400 td.ninja_column_1 { text-align: center; }#footable_21400 th.ninja_column_1 { text-align: center; }#footable_21400 td.ninja_column_2 { text-align: center; }#footable_21400 th.ninja_column_2 { text-align: center; }                <\/style>\n                \n    \n    \n<\/div>\n\n<div class=\"hidden\">306.0524<\/div>\n","protected":false},"excerpt":{"rendered":"<p>Aerosol base disolvente y pol\u00edmeros sint\u00e9ticos, muy r\u00e1pido para eliminar colas y etiquetas adhesivas. No gotea cuando se pulveriza sobre superficies verticales. Para reducir el tiempo en la eliminaci\u00f3n de etiquetas plastificadas, retire antes el plastificado. &nbsp; 306.0524<\/p>\n","protected":false},"featured_media":18225,"template":"","meta":[],"product_cat":[300,301],"product_tag":[],"acf":[],"_links":{"self":[{"href":"https:\/\/www.sistar.it\/es\/wp-json\/wp\/v2\/product\/21401"}],"collection":[{"href":"https:\/\/www.sistar.it\/es\/wp-json\/wp\/v2\/product"}],"about":[{"href":"https:\/\/www.sistar.it\/es\/wp-json\/wp\/v2\/types\/product"}],"wp:featuredmedia":[{"embeddable":true,"href":"https:\/\/www.sistar.it\/es\/wp-json\/wp\/v2\/media\/18225"}],"wp:attachment":[{"href":"https:\/\/www.sistar.it\/es\/wp-json\/wp\/v2\/media?parent=21401"}],"wp:term":[{"taxonomy":"product_cat","embeddable":true,"href":"https:\/\/www.sistar.it\/es\/wp-json\/wp\/v2\/product_cat?post=21401"},{"taxonomy":"product_tag","embeddable":true,"href":"https:\/\/www.sistar.it\/es\/wp-json\/wp\/v2\/product_tag?post=21401"}],"curies":[{"name":"wp","href":"https:\/\/api.w.org\/{rel}","templated":true}]}}