{"id":21389,"date":"2017-05-24T09:35:48","date_gmt":"2017-05-24T09:35:48","guid":{"rendered":"https:\/\/www.sistar.it\/prodotti\/multifunction-backing-pad-70x198-mm\/"},"modified":"2024-06-06T09:01:48","modified_gmt":"2024-06-06T09:01:48","slug":"garlopa-multifuncion-70x198-mm","status":"publish","type":"product","link":"https:\/\/www.sistar.it\/es\/prodotti\/garlopa-multifuncion-70x198-mm\/","title":{"rendered":"Garlopa multifunci\u00f3n 70&#215;198 mm"},"content":{"rendered":"<p style=\"text-align: justify;\">Garlopa para lijado manual con aspiraci\u00f3n, ideal para trabajar sobre superficies planas, c\u00f3ncavas y convexas gracias a sus 4 modelos con diferentes formas incluidos en el kit.<\/p>\n<p style=\"text-align: justify;\">Incluye conexiones \u00d8 21 y 29 mm y regulador de aire.<\/p>\n<p><strong>Caracter\u00edsticas:<\/strong><\/p>\n<ul>\n<li>Blandura: HARD<\/li>\n<li style=\"text-align: justify;\">Conexi\u00f3n: GRIP<\/li>\n<\/ul>\n<p>&nbsp;<\/p>\n<p style=\"text-align: justify;\"><div id=\"footable_parent_21388\"\n         class=\" footable_parent ninja_table_wrapper loading_ninja_table wp_table_data_press_parent bootstrap4 \">\n                <table data-ninja_table_instance=\"ninja_table_instance_0\" data-footable_id=\"21388\" data-filter-delay=\"1000\" aria-label=\"Tampone kit multifunzione per fogli 70x198 mmn( INGLESE )\"            id=\"footable_21388\"\n           data-unique_identifier=\"ninja_table_unique_id_2021697590_21388\"\n           class=\" foo-table ninja_footable foo_table_21388 ninja_table_unique_id_2021697590_21388 table  nt_type_ajax_table table-bordered table-hover table-sm vertical_centered  footable-paging-right ninja_table_search_disabled\">\n                <colgroup>\n                            <col class=\"ninja_column_0 \">\n                            <col class=\"ninja_column_1 \">\n                            <col class=\"ninja_column_2 \">\n                            <col class=\"ninja_column_3 \">\n                    <\/colgroup>\n            <\/table>\n                    <style type=\"text\/css\" id='ninja_table_custom_css_21388'>\n                        #footable_21388  {\n        font-family: sans-serif;\n        font-size: 14px;\n    }\n\n#footable_21388 td.ninja_column_0 { text-align: center; }#footable_21388 th.ninja_column_0 { text-align: center; }#footable_21388 td.ninja_column_1 { text-align: center; }#footable_21388 th.ninja_column_1 { text-align: center; }#footable_21388 td.ninja_column_2 { text-align: center; }#footable_21388 th.ninja_column_2 { text-align: center; }#footable_21388 td.ninja_column_3 { text-align: center; }#footable_21388 th.ninja_column_3 { text-align: center; }                <\/style>\n                \n    \n    \n<\/div>\n<\/p>\n<div class=\"hidden\">171.0210<\/div>\n","protected":false},"excerpt":{"rendered":"<p>Garlopa para lijado manual con aspiraci\u00f3n, ideal para trabajar sobre superficies planas, c\u00f3ncavas y convexas gracias a sus 4 modelos con diferentes formas incluidos en el kit. Incluye conexiones \u00d8 21 y 29 mm y regulador de aire. Caracter\u00edsticas: Blandura: HARD Conexi\u00f3n: GRIP &nbsp; 171.0210<\/p>\n","protected":false},"featured_media":16904,"template":"","meta":[],"product_cat":[292],"product_tag":[],"acf":[],"_links":{"self":[{"href":"https:\/\/www.sistar.it\/es\/wp-json\/wp\/v2\/product\/21389"}],"collection":[{"href":"https:\/\/www.sistar.it\/es\/wp-json\/wp\/v2\/product"}],"about":[{"href":"https:\/\/www.sistar.it\/es\/wp-json\/wp\/v2\/types\/product"}],"wp:featuredmedia":[{"embeddable":true,"href":"https:\/\/www.sistar.it\/es\/wp-json\/wp\/v2\/media\/16904"}],"wp:attachment":[{"href":"https:\/\/www.sistar.it\/es\/wp-json\/wp\/v2\/media?parent=21389"}],"wp:term":[{"taxonomy":"product_cat","embeddable":true,"href":"https:\/\/www.sistar.it\/es\/wp-json\/wp\/v2\/product_cat?post=21389"},{"taxonomy":"product_tag","embeddable":true,"href":"https:\/\/www.sistar.it\/es\/wp-json\/wp\/v2\/product_tag?post=21389"}],"curies":[{"name":"wp","href":"https:\/\/api.w.org\/{rel}","templated":true}]}}