{"id":21369,"date":"2018-11-27T09:47:54","date_gmt":"2018-11-27T09:47:54","guid":{"rendered":"https:\/\/www.sistar.it\/prodotti\/white-lithium-grease\/"},"modified":"2024-03-12T11:11:07","modified_gmt":"2024-03-12T11:11:07","slug":"grasa-repelente-al-agua","status":"publish","type":"product","link":"https:\/\/www.sistar.it\/es\/prodotti\/grasa-repelente-al-agua\/","title":{"rendered":"Grasa repelente al agua"},"content":{"rendered":"<p>Aerosol de grasa blanca de litio y titanio repelente al agua, espec\u00edfico para el sector n\u00e1utico y para todos los usos en contacto con agua salada o dulce.<\/p>\n<p>Ideal para lubricar engranajes y partes mec\u00e1nicas de motores marinos, embarcaciones de recreo, equipos de pesca y submarinos.<\/p>\n<p>&nbsp;<\/p>\n<div id=\"footable_parent_21367\"\n         class=\" footable_parent ninja_table_wrapper loading_ninja_table wp_table_data_press_parent bootstrap4 colored_table\">\n                <table data-ninja_table_instance=\"ninja_table_instance_0\" data-footable_id=\"21367\" data-filter-delay=\"1000\" aria-label=\"GRASSO BIANCO AL LITIO( INGLESE )\"            id=\"footable_21367\"\n           data-unique_identifier=\"ninja_table_unique_id_142618541_21367\"\n           class=\" foo-table ninja_footable foo_table_21367 ninja_table_unique_id_142618541_21367 table  white nt_type_ajax_table table-hover vertical_centered inverted footable-paging-right ninja_table_search_disabled\">\n                <colgroup>\n                            <col class=\"ninja_column_0 \">\n                            <col class=\"ninja_column_1 \">\n                            <col class=\"ninja_column_2 \">\n                    <\/colgroup>\n            <\/table>\n                    <style type=\"text\/css\" id='ninja_table_custom_css_21367'>\n                        #footable_21367  {\n        font-family: sans-serif;\n        font-size: 14px;\n    }\n\n#footable_21367 td.ninja_column_0 { text-align: center; }#footable_21367 th.ninja_column_0 { text-align: center; }#footable_21367 td.ninja_column_1 { text-align: center; }#footable_21367 th.ninja_column_1 { text-align: center; }#footable_21367 td.ninja_column_2 { text-align: center; }#footable_21367 th.ninja_column_2 { text-align: center; }                <\/style>\n                \n    \n    \n<\/div>\n\n<p>&nbsp;<\/p>\n<div class=\"hidden\">306.0513<\/div>\n","protected":false},"excerpt":{"rendered":"<p>Aerosol de grasa blanca de litio y titanio repelente al agua, espec\u00edfico para el sector n\u00e1utico y para todos los usos en contacto con agua salada o dulce. Ideal para lubricar engranajes y partes mec\u00e1nicas de motores marinos, embarcaciones de recreo, equipos de pesca y submarinos. &nbsp; &nbsp; 306.0513<\/p>\n","protected":false},"featured_media":18197,"template":"","meta":[],"product_cat":[300,301],"product_tag":[],"acf":[],"_links":{"self":[{"href":"https:\/\/www.sistar.it\/es\/wp-json\/wp\/v2\/product\/21369"}],"collection":[{"href":"https:\/\/www.sistar.it\/es\/wp-json\/wp\/v2\/product"}],"about":[{"href":"https:\/\/www.sistar.it\/es\/wp-json\/wp\/v2\/types\/product"}],"wp:featuredmedia":[{"embeddable":true,"href":"https:\/\/www.sistar.it\/es\/wp-json\/wp\/v2\/media\/18197"}],"wp:attachment":[{"href":"https:\/\/www.sistar.it\/es\/wp-json\/wp\/v2\/media?parent=21369"}],"wp:term":[{"taxonomy":"product_cat","embeddable":true,"href":"https:\/\/www.sistar.it\/es\/wp-json\/wp\/v2\/product_cat?post=21369"},{"taxonomy":"product_tag","embeddable":true,"href":"https:\/\/www.sistar.it\/es\/wp-json\/wp\/v2\/product_tag?post=21369"}],"curies":[{"name":"wp","href":"https:\/\/api.w.org\/{rel}","templated":true}]}}