{"id":21363,"date":"2020-01-27T15:06:46","date_gmt":"2020-01-27T15:06:46","guid":{"rendered":"https:\/\/www.sistar.it\/prodotti\/manual-flex-pad-150-mm\/"},"modified":"2024-06-06T09:30:13","modified_gmt":"2024-06-06T09:30:13","slug":"taco-manual-flex-150-mm","status":"publish","type":"product","link":"https:\/\/www.sistar.it\/es\/prodotti\/taco-manual-flex-150-mm\/","title":{"rendered":"Taco manual flex \u00f8 150 mm"},"content":{"rendered":"<p>Taco de lijado manual flexible, sin aspiraci\u00f3n, para discos de lija \u00d8 150 mm.<\/p>\n<p>Gracias a los cortes transversales, es ideal para superficies planas y convexas. Conexi\u00f3n GRIP.<\/p>\n<p>&nbsp;<\/p>\n<div id=\"footable_parent_21361\"\n         class=\" footable_parent ninja_table_wrapper loading_ninja_table wp_table_data_press_parent bootstrap4 \">\n                <table data-ninja_table_instance=\"ninja_table_instance_0\" data-footable_id=\"21361\" data-filter-delay=\"1000\" aria-label=\"Tampone manuale flex \u00d8 150 mm( INGLESE )\"            id=\"footable_21361\"\n           data-unique_identifier=\"ninja_table_unique_id_1191688635_21361\"\n           class=\" foo-table ninja_footable foo_table_21361 ninja_table_unique_id_1191688635_21361 table  nt_type_ajax_table table-bordered table-hover table-sm vertical_centered  footable-paging-right ninja_table_search_disabled\">\n                <colgroup>\n                            <col class=\"ninja_column_0 \">\n                            <col class=\"ninja_column_1 \">\n                            <col class=\"ninja_column_2 \">\n                            <col class=\"ninja_column_3 \">\n                    <\/colgroup>\n            <\/table>\n                    <style type=\"text\/css\" id='ninja_table_custom_css_21361'>\n                        #footable_21361  {\n        font-family: sans-serif;\n        font-size: 14px;\n    }\n\n#footable_21361 td.ninja_column_0 { text-align: center; }#footable_21361 th.ninja_column_0 { text-align: center; }#footable_21361 td.ninja_column_1 { text-align: center; }#footable_21361 th.ninja_column_1 { text-align: center; }#footable_21361 td.ninja_column_2 { text-align: center; }#footable_21361 th.ninja_column_2 { text-align: center; }#footable_21361 td.ninja_column_3 { text-align: center; }#footable_21361 th.ninja_column_3 { text-align: center; }                <\/style>\n                \n    \n    \n<\/div>\n\n<div class=\"hidden\">171.0537<\/div>\n","protected":false},"excerpt":{"rendered":"<p>Taco de lijado manual flexible, sin aspiraci\u00f3n, para discos de lija \u00d8 150 mm. Gracias a los cortes transversales, es ideal para superficies planas y convexas. Conexi\u00f3n GRIP. &nbsp; 171.0537<\/p>\n","protected":false},"featured_media":16900,"template":"","meta":[],"product_cat":[292],"product_tag":[],"acf":[],"_links":{"self":[{"href":"https:\/\/www.sistar.it\/es\/wp-json\/wp\/v2\/product\/21363"}],"collection":[{"href":"https:\/\/www.sistar.it\/es\/wp-json\/wp\/v2\/product"}],"about":[{"href":"https:\/\/www.sistar.it\/es\/wp-json\/wp\/v2\/types\/product"}],"wp:featuredmedia":[{"embeddable":true,"href":"https:\/\/www.sistar.it\/es\/wp-json\/wp\/v2\/media\/16900"}],"wp:attachment":[{"href":"https:\/\/www.sistar.it\/es\/wp-json\/wp\/v2\/media?parent=21363"}],"wp:term":[{"taxonomy":"product_cat","embeddable":true,"href":"https:\/\/www.sistar.it\/es\/wp-json\/wp\/v2\/product_cat?post=21363"},{"taxonomy":"product_tag","embeddable":true,"href":"https:\/\/www.sistar.it\/es\/wp-json\/wp\/v2\/product_tag?post=21363"}],"curies":[{"name":"wp","href":"https:\/\/api.w.org\/{rel}","templated":true}]}}