{"id":21350,"date":"2020-01-27T15:36:56","date_gmt":"2020-01-27T15:36:56","guid":{"rendered":"https:\/\/www.sistar.it\/prodotti\/manual-pad-kit-150-mm\/"},"modified":"2024-06-05T14:19:04","modified_gmt":"2024-06-05T14:19:04","slug":"kit-de-tacos-manuales-150-mm","status":"publish","type":"product","link":"https:\/\/www.sistar.it\/es\/prodotti\/kit-de-tacos-manuales-150-mm\/","title":{"rendered":"Kit de tacos manuales \u00f8 150 mm"},"content":{"rendered":"<p>Kit con 6 tacos de lijado manual, sin aspiraci\u00f3n, para discos de lija \u00d8 150 mm.<\/p>\n<p>Ideal para trabajar sobre superficies planas, c\u00f3ncavas y convexas y zonas de dif\u00edcil acceso. Conexi\u00f3n GRIP.<\/p>\n<p>&nbsp;<\/p>\n<div id=\"footable_parent_21349\"\n         class=\" footable_parent ninja_table_wrapper loading_ninja_table wp_table_data_press_parent bootstrap4 \">\n                <table data-ninja_table_instance=\"ninja_table_instance_0\" data-footable_id=\"21349\" data-filter-delay=\"1000\" aria-label=\"KIT TAMPONI MANUALI \u00d8 150 mm( INGLESE )\"            id=\"footable_21349\"\n           data-unique_identifier=\"ninja_table_unique_id_2026623118_21349\"\n           class=\" foo-table ninja_footable foo_table_21349 ninja_table_unique_id_2026623118_21349 table  nt_type_ajax_table table-bordered table-hover table-sm vertical_centered  footable-paging-right ninja_table_search_disabled\">\n                <colgroup>\n                            <col class=\"ninja_column_0 \">\n                            <col class=\"ninja_column_1 \">\n                            <col class=\"ninja_column_2 \">\n                            <col class=\"ninja_column_3 \">\n                    <\/colgroup>\n            <\/table>\n                    <style type=\"text\/css\" id='ninja_table_custom_css_21349'>\n                        #footable_21349  {\n        font-family: sans-serif;\n        font-size: 14px;\n    }\n\n#footable_21349 td.ninja_column_0 { text-align: center; }#footable_21349 th.ninja_column_0 { text-align: center; }#footable_21349 td.ninja_column_1 { text-align: center; }#footable_21349 th.ninja_column_1 { text-align: center; }#footable_21349 td.ninja_column_2 { text-align: center; }#footable_21349 th.ninja_column_2 { text-align: center; }#footable_21349 td.ninja_column_3 { text-align: center; }#footable_21349 th.ninja_column_3 { text-align: center; }                <\/style>\n                \n    \n    \n<\/div>\n\n<p>&nbsp;<\/p>\n<div class=\"hidden\">171.0230<\/div>\n","protected":false},"excerpt":{"rendered":"<p>Kit con 6 tacos de lijado manual, sin aspiraci\u00f3n, para discos de lija \u00d8 150 mm. Ideal para trabajar sobre superficies planas, c\u00f3ncavas y convexas y zonas de dif\u00edcil acceso. Conexi\u00f3n GRIP. &nbsp; &nbsp; 171.0230<\/p>\n","protected":false},"featured_media":16896,"template":"","meta":[],"product_cat":[292],"product_tag":[],"acf":[],"_links":{"self":[{"href":"https:\/\/www.sistar.it\/es\/wp-json\/wp\/v2\/product\/21350"}],"collection":[{"href":"https:\/\/www.sistar.it\/es\/wp-json\/wp\/v2\/product"}],"about":[{"href":"https:\/\/www.sistar.it\/es\/wp-json\/wp\/v2\/types\/product"}],"wp:featuredmedia":[{"embeddable":true,"href":"https:\/\/www.sistar.it\/es\/wp-json\/wp\/v2\/media\/16896"}],"wp:attachment":[{"href":"https:\/\/www.sistar.it\/es\/wp-json\/wp\/v2\/media?parent=21350"}],"wp:term":[{"taxonomy":"product_cat","embeddable":true,"href":"https:\/\/www.sistar.it\/es\/wp-json\/wp\/v2\/product_cat?post=21350"},{"taxonomy":"product_tag","embeddable":true,"href":"https:\/\/www.sistar.it\/es\/wp-json\/wp\/v2\/product_tag?post=21350"}],"curies":[{"name":"wp","href":"https:\/\/api.w.org\/{rel}","templated":true}]}}