{"id":21329,"date":"2024-02-09T09:52:37","date_gmt":"2024-02-09T09:52:37","guid":{"rendered":"https:\/\/www.sistar.it\/prodotti\/quick-change-discs-pad\/"},"modified":"2025-05-28T08:51:46","modified_gmt":"2025-05-28T08:51:46","slug":"plato-para-discos-con-conexion-rapida-r","status":"publish","type":"product","link":"https:\/\/www.sistar.it\/es\/prodotti\/plato-para-discos-con-conexion-rapida-r\/","title":{"rendered":"Plato para discos con conexi\u00f3n r\u00e1pida R"},"content":{"rendered":"<p>Plato de goma para usar con discos abrasivos DSC-R Surface Conditioning y conexi\u00f3n r\u00e1pida tipo R. Soporte con v\u00e1stago de 6 mm.<\/p>\n<p>Soporte con pasador para husillo o rosca 1\/4 &#8220;-20 (F).<\/p>\n<p><strong>Caracter\u00edsticas:<\/strong><\/p>\n<ul>\n<li>Blandura: MEDIUM<\/li>\n<li>Rosca: \u00d8 6 mm<\/li>\n<li>Conexi\u00f3n: Type R<\/li>\n<\/ul>\n<p>&nbsp;<\/p>\n<div id=\"footable_parent_21328\"\n         class=\" footable_parent ninja_table_wrapper loading_ninja_table wp_table_data_press_parent bootstrap4 \">\n                <table data-ninja_table_instance=\"ninja_table_instance_0\" data-footable_id=\"21328\" data-filter-delay=\"1000\" aria-label=\"PLATORELLO PER DISCHI ATTACCO RAPIDO R( INGLESE )\"            id=\"footable_21328\"\n           data-unique_identifier=\"ninja_table_unique_id_382427084_21328\"\n           class=\" foo-table ninja_footable foo_table_21328 ninja_table_unique_id_382427084_21328 table  nt_type_ajax_table table-bordered table-hover table-sm vertical_centered  footable-paging-right ninja_table_search_disabled\">\n                <colgroup>\n                            <col class=\"ninja_column_0 \">\n                            <col class=\"ninja_column_1 \">\n                            <col class=\"ninja_column_2 \">\n                    <\/colgroup>\n            <\/table>\n                    <style type=\"text\/css\" id='ninja_table_custom_css_21328'>\n                        #footable_21328  {\n        font-family: sans-serif;\n        font-size: 14px;\n    }\n\n#footable_21328 td.ninja_column_0 { text-align: center; }#footable_21328 th.ninja_column_0 { text-align: center; }#footable_21328 td.ninja_column_1 { text-align: center; }#footable_21328 th.ninja_column_1 { text-align: center; }#footable_21328 td.ninja_column_2 { text-align: center; }#footable_21328 th.ninja_column_2 { text-align: center; }                <\/style>\n                \n    \n    \n<\/div>\n\n<p>&nbsp;<\/p>\n<div class=\"hidden\">171.2051, 171.2076<\/div>\n","protected":false},"excerpt":{"rendered":"<p>Plato de goma para usar con discos abrasivos DSC-R Surface Conditioning y conexi\u00f3n r\u00e1pida tipo R. Soporte con v\u00e1stago de 6 mm. Soporte con pasador para husillo o rosca 1\/4 &#8220;-20 (F). Caracter\u00edsticas: Blandura: MEDIUM Rosca: \u00d8 6 mm Conexi\u00f3n: Type R &nbsp; &nbsp; 171.2051, 171.2076<\/p>\n","protected":false},"featured_media":35052,"template":"","meta":[],"product_cat":[292],"product_tag":[],"acf":[],"_links":{"self":[{"href":"https:\/\/www.sistar.it\/es\/wp-json\/wp\/v2\/product\/21329"}],"collection":[{"href":"https:\/\/www.sistar.it\/es\/wp-json\/wp\/v2\/product"}],"about":[{"href":"https:\/\/www.sistar.it\/es\/wp-json\/wp\/v2\/types\/product"}],"wp:featuredmedia":[{"embeddable":true,"href":"https:\/\/www.sistar.it\/es\/wp-json\/wp\/v2\/media\/35052"}],"wp:attachment":[{"href":"https:\/\/www.sistar.it\/es\/wp-json\/wp\/v2\/media?parent=21329"}],"wp:term":[{"taxonomy":"product_cat","embeddable":true,"href":"https:\/\/www.sistar.it\/es\/wp-json\/wp\/v2\/product_cat?post=21329"},{"taxonomy":"product_tag","embeddable":true,"href":"https:\/\/www.sistar.it\/es\/wp-json\/wp\/v2\/product_tag?post=21329"}],"curies":[{"name":"wp","href":"https:\/\/api.w.org\/{rel}","templated":true}]}}