{"id":21311,"date":"2024-02-21T08:13:52","date_gmt":"2024-02-21T08:13:52","guid":{"rendered":"https:\/\/www.sistar.it\/prodotti\/vernice-600c\/"},"modified":"2024-06-07T13:33:23","modified_gmt":"2024-06-07T13:33:23","slug":"pintura-600c","status":"publish","type":"product","link":"https:\/\/www.sistar.it\/es\/prodotti\/pintura-600c\/","title":{"rendered":"Pintura 600\u00b0C"},"content":{"rendered":"<p>Pintura de silicona 1K en aerosol, resistente hasta 600\u00b0C. Alta cubrici\u00f3n, no amarillea.<\/p>\n<p>R\u00e1pida aplicaci\u00f3n de alta calidad para motores, silenciadores, terminales de escape, piezas sometidas a altas temperaturas.<\/p>\n<p>Secado al tacto en 10-12 minutos, curado despu\u00e9s de 24 horas a 20\u00b0C.<\/p>\n<p>&nbsp;<\/p>\n<div id=\"footable_parent_21308\"\n         class=\" footable_parent ninja_table_wrapper loading_ninja_table wp_table_data_press_parent bootstrap4 colored_table\">\n                <table data-ninja_table_instance=\"ninja_table_instance_0\" data-footable_id=\"21308\" data-filter-delay=\"1000\" aria-label=\"VERNICE 600\u00b0C( INGLESE )\"            id=\"footable_21308\"\n           data-unique_identifier=\"ninja_table_unique_id_1504811255_21308\"\n           class=\" foo-table ninja_footable foo_table_21308 ninja_table_unique_id_1504811255_21308 table  white nt_type_ajax_table table-hover vertical_centered inverted footable-paging-right ninja_table_search_disabled\">\n                <colgroup>\n                            <col class=\"ninja_column_0 \">\n                            <col class=\"ninja_column_1 \">\n                            <col class=\"ninja_column_2 \">\n                            <col class=\"ninja_column_3 \">\n                    <\/colgroup>\n            <\/table>\n                    <style type=\"text\/css\" id='ninja_table_custom_css_21308'>\n                        #footable_21308  {\n        font-family: sans-serif;\n        font-size: 14px;\n    }\n\n#footable_21308 td.ninja_column_0 { text-align: center; }#footable_21308 th.ninja_column_0 { text-align: center; }#footable_21308 td.ninja_column_1 { text-align: center; }#footable_21308 th.ninja_column_1 { text-align: center; }#footable_21308 td.ninja_column_2 { text-align: center; }#footable_21308 th.ninja_column_2 { text-align: center; }#footable_21308 td.ninja_column_3 { text-align: center; }#footable_21308 th.ninja_column_3 { text-align: center; }                <\/style>\n                \n    \n    \n<\/div>\n\n<p>&nbsp;<\/p>\n<div class=\"hidden\">306.2085.NO, 306.2085.AL<\/div>\n","protected":false},"excerpt":{"rendered":"<p>Pintura de silicona 1K en aerosol, resistente hasta 600\u00b0C. Alta cubrici\u00f3n, no amarillea. R\u00e1pida aplicaci\u00f3n de alta calidad para motores, silenciadores, terminales de escape, piezas sometidas a altas temperaturas. Secado al tacto en 10-12 minutos, curado despu\u00e9s de 24 horas a 20\u00b0C. &nbsp; &nbsp; 306.2085.NO, 306.2085.AL<\/p>\n","protected":false},"featured_media":18030,"template":"","meta":[],"product_cat":[300,305,303],"product_tag":[],"acf":[],"_links":{"self":[{"href":"https:\/\/www.sistar.it\/es\/wp-json\/wp\/v2\/product\/21311"}],"collection":[{"href":"https:\/\/www.sistar.it\/es\/wp-json\/wp\/v2\/product"}],"about":[{"href":"https:\/\/www.sistar.it\/es\/wp-json\/wp\/v2\/types\/product"}],"wp:featuredmedia":[{"embeddable":true,"href":"https:\/\/www.sistar.it\/es\/wp-json\/wp\/v2\/media\/18030"}],"wp:attachment":[{"href":"https:\/\/www.sistar.it\/es\/wp-json\/wp\/v2\/media?parent=21311"}],"wp:term":[{"taxonomy":"product_cat","embeddable":true,"href":"https:\/\/www.sistar.it\/es\/wp-json\/wp\/v2\/product_cat?post=21311"},{"taxonomy":"product_tag","embeddable":true,"href":"https:\/\/www.sistar.it\/es\/wp-json\/wp\/v2\/product_tag?post=21311"}],"curies":[{"name":"wp","href":"https:\/\/api.w.org\/{rel}","templated":true}]}}