{"id":21291,"date":"2024-02-21T08:42:54","date_gmt":"2024-02-21T08:42:54","guid":{"rendered":"https:\/\/www.sistar.it\/prodotti\/rustproof-primer-fondo\/"},"modified":"2024-06-07T13:43:30","modified_gmt":"2024-06-07T13:43:30","slug":"fondo-antioxidante","status":"publish","type":"product","link":"https:\/\/www.sistar.it\/es\/prodotti\/fondo-antioxidante\/","title":{"rendered":"Fondo antioxidante"},"content":{"rendered":"<p>Imprimaci\u00f3n acr\u00edlica en aerosol a base de zinc. Alta cubrici\u00f3n, no amarillea.<\/p>\n<p>Aplicable directamente sobre el \u00f3xido, resistente a los agentes atmosf\u00e9ricos, buen poder anticorrosivo.<\/p>\n<p>Secado al tacto en 15-25 minutos.<\/p>\n<p>&nbsp;<\/p>\n<div id=\"footable_parent_21290\"\n         class=\" footable_parent ninja_table_wrapper loading_ninja_table wp_table_data_press_parent bootstrap4 colored_table\">\n                <table data-ninja_table_instance=\"ninja_table_instance_0\" data-footable_id=\"21290\" data-filter-delay=\"1000\" aria-label=\"FONDO ANTIRUGGINE( INGLESE )\"            id=\"footable_21290\"\n           data-unique_identifier=\"ninja_table_unique_id_1902394975_21290\"\n           class=\" foo-table ninja_footable foo_table_21290 ninja_table_unique_id_1902394975_21290 table  white nt_type_ajax_table table-hover vertical_centered inverted footable-paging-right ninja_table_search_disabled\">\n                <colgroup>\n                            <col class=\"ninja_column_0 \">\n                            <col class=\"ninja_column_1 \">\n                            <col class=\"ninja_column_2 \">\n                            <col class=\"ninja_column_3 \">\n                    <\/colgroup>\n            <\/table>\n                    <style type=\"text\/css\" id='ninja_table_custom_css_21290'>\n                        #footable_21290  {\n        font-family: sans-serif;\n        font-size: 14px;\n    }\n\n#footable_21290 td.ninja_column_0 { text-align: center; }#footable_21290 th.ninja_column_0 { text-align: center; }#footable_21290 td.ninja_column_1 { text-align: center; }#footable_21290 th.ninja_column_1 { text-align: center; }#footable_21290 td.ninja_column_2 { text-align: center; }#footable_21290 th.ninja_column_2 { text-align: center; }#footable_21290 td.ninja_column_3 { text-align: center; }#footable_21290 th.ninja_column_3 { text-align: center; }                <\/style>\n                \n    \n    \n<\/div>\n\n<div class=\"hidden\">306.2010.GR<\/div>\n","protected":false},"excerpt":{"rendered":"<p>Imprimaci\u00f3n acr\u00edlica en aerosol a base de zinc. Alta cubrici\u00f3n, no amarillea. Aplicable directamente sobre el \u00f3xido, resistente a los agentes atmosf\u00e9ricos, buen poder anticorrosivo. Secado al tacto en 15-25 minutos. &nbsp; 306.2010.GR<\/p>\n","protected":false},"featured_media":18052,"template":"","meta":[],"product_cat":[300,303],"product_tag":[],"acf":[],"_links":{"self":[{"href":"https:\/\/www.sistar.it\/es\/wp-json\/wp\/v2\/product\/21291"}],"collection":[{"href":"https:\/\/www.sistar.it\/es\/wp-json\/wp\/v2\/product"}],"about":[{"href":"https:\/\/www.sistar.it\/es\/wp-json\/wp\/v2\/types\/product"}],"wp:featuredmedia":[{"embeddable":true,"href":"https:\/\/www.sistar.it\/es\/wp-json\/wp\/v2\/media\/18052"}],"wp:attachment":[{"href":"https:\/\/www.sistar.it\/es\/wp-json\/wp\/v2\/media?parent=21291"}],"wp:term":[{"taxonomy":"product_cat","embeddable":true,"href":"https:\/\/www.sistar.it\/es\/wp-json\/wp\/v2\/product_cat?post=21291"},{"taxonomy":"product_tag","embeddable":true,"href":"https:\/\/www.sistar.it\/es\/wp-json\/wp\/v2\/product_tag?post=21291"}],"curies":[{"name":"wp","href":"https:\/\/api.w.org\/{rel}","templated":true}]}}