{"id":21286,"date":"2024-02-21T09:06:17","date_gmt":"2024-02-21T09:06:17","guid":{"rendered":"https:\/\/www.sistar.it\/prodotti\/ancient-iron-paint\/"},"modified":"2024-06-07T13:51:31","modified_gmt":"2024-06-07T13:51:31","slug":"pintura-efecto-hierro-forjado","status":"publish","type":"product","link":"https:\/\/www.sistar.it\/es\/prodotti\/pintura-efecto-hierro-forjado\/","title":{"rendered":"Pintura efecto hierro forjado"},"content":{"rendered":"<p>Pintura acr\u00edlica en aerosol para un acabado en hierro forjado. Alto efecto decorativo similar al hierro chorreado con arena.<\/p>\n<p>Apto para todos los sustratos met\u00e1licos sin necesidad de protecci\u00f3n contra la oxidaci\u00f3n, tambi\u00e9n para madera y pl\u00e1stico.<\/p>\n<p>&nbsp;<\/p>\n<div id=\"footable_parent_21285\"\n         class=\" footable_parent ninja_table_wrapper loading_ninja_table wp_table_data_press_parent bootstrap4 colored_table\">\n                <table data-ninja_table_instance=\"ninja_table_instance_0\" data-footable_id=\"21285\" data-filter-delay=\"1000\" aria-label=\"SMALTO FERRO ANTICO( INGLESE )\"            id=\"footable_21285\"\n           data-unique_identifier=\"ninja_table_unique_id_1478262808_21285\"\n           class=\" foo-table ninja_footable foo_table_21285 ninja_table_unique_id_1478262808_21285 table  white nt_type_ajax_table table-hover vertical_centered inverted footable-paging-right ninja_table_search_disabled\">\n                <colgroup>\n                            <col class=\"ninja_column_0 \">\n                            <col class=\"ninja_column_1 \">\n                            <col class=\"ninja_column_2 \">\n                            <col class=\"ninja_column_3 \">\n                    <\/colgroup>\n            <\/table>\n                    <style type=\"text\/css\" id='ninja_table_custom_css_21285'>\n                        #footable_21285  {\n        font-family: sans-serif;\n        font-size: 14px;\n    }\n\n#footable_21285 td.ninja_column_0 { text-align: center; }#footable_21285 th.ninja_column_0 { text-align: center; }#footable_21285 td.ninja_column_1 { text-align: center; }#footable_21285 th.ninja_column_1 { text-align: center; }#footable_21285 td.ninja_column_2 { text-align: center; }#footable_21285 th.ninja_column_2 { text-align: center; }#footable_21285 td.ninja_column_3 { text-align: center; }#footable_21285 th.ninja_column_3 { text-align: center; }                <\/style>\n                \n    \n    \n<\/div>\n\n<div class=\"hidden\">306.2050.GR, 306.2050.NE<\/div>\n","protected":false},"excerpt":{"rendered":"<p>Pintura acr\u00edlica en aerosol para un acabado en hierro forjado. Alto efecto decorativo similar al hierro chorreado con arena. Apto para todos los sustratos met\u00e1licos sin necesidad de protecci\u00f3n contra la oxidaci\u00f3n, tambi\u00e9n para madera y pl\u00e1stico. &nbsp; 306.2050.GR, 306.2050.NE<\/p>\n","protected":false},"featured_media":18062,"template":"","meta":[],"product_cat":[300,303],"product_tag":[],"acf":[],"_links":{"self":[{"href":"https:\/\/www.sistar.it\/es\/wp-json\/wp\/v2\/product\/21286"}],"collection":[{"href":"https:\/\/www.sistar.it\/es\/wp-json\/wp\/v2\/product"}],"about":[{"href":"https:\/\/www.sistar.it\/es\/wp-json\/wp\/v2\/types\/product"}],"wp:featuredmedia":[{"embeddable":true,"href":"https:\/\/www.sistar.it\/es\/wp-json\/wp\/v2\/media\/18062"}],"wp:attachment":[{"href":"https:\/\/www.sistar.it\/es\/wp-json\/wp\/v2\/media?parent=21286"}],"wp:term":[{"taxonomy":"product_cat","embeddable":true,"href":"https:\/\/www.sistar.it\/es\/wp-json\/wp\/v2\/product_cat?post=21286"},{"taxonomy":"product_tag","embeddable":true,"href":"https:\/\/www.sistar.it\/es\/wp-json\/wp\/v2\/product_tag?post=21286"}],"curies":[{"name":"wp","href":"https:\/\/api.w.org\/{rel}","templated":true}]}}