{"id":21281,"date":"2024-02-21T13:14:07","date_gmt":"2024-02-21T13:14:07","guid":{"rendered":"https:\/\/www.sistar.it\/prodotti\/white-goods-paint\/"},"modified":"2024-03-12T08:33:01","modified_gmt":"2024-03-12T08:33:01","slug":"pintura-blanca-para-electrodomesticos","status":"publish","type":"product","link":"https:\/\/www.sistar.it\/es\/prodotti\/pintura-blanca-para-electrodomesticos\/","title":{"rendered":"Pintura blanca para electrodom\u00e9sticos"},"content":{"rendered":"<p>Pintura acr\u00edlica en aerosol de alta calidad, espec\u00edfico para retocar electrodom\u00e9sticos, lavadoras, neveras, lavaplatos, microondas, etc.<\/p>\n<p>Excelente cubrici\u00f3n, no amarillea, lavable y resistente a los ara\u00f1azos despu\u00e9s de su curado.<\/p>\n<p>&nbsp;<\/p>\n<div id=\"footable_parent_21280\"\n         class=\" footable_parent ninja_table_wrapper loading_ninja_table wp_table_data_press_parent bootstrap4 colored_table\">\n                <table data-ninja_table_instance=\"ninja_table_instance_0\" data-footable_id=\"21280\" data-filter-delay=\"1000\" aria-label=\"SMALTO BIANCO ELETTRODOMESTICI( INGLESE )\"            id=\"footable_21280\"\n           data-unique_identifier=\"ninja_table_unique_id_2034359643_21280\"\n           class=\" foo-table ninja_footable foo_table_21280 ninja_table_unique_id_2034359643_21280 table  white nt_type_ajax_table table-hover vertical_centered inverted footable-paging-right ninja_table_search_disabled\">\n                <colgroup>\n                            <col class=\"ninja_column_0 \">\n                            <col class=\"ninja_column_1 \">\n                            <col class=\"ninja_column_2 \">\n                            <col class=\"ninja_column_3 \">\n                    <\/colgroup>\n            <\/table>\n                    <style type=\"text\/css\" id='ninja_table_custom_css_21280'>\n                        #footable_21280  {\n        font-family: sans-serif;\n        font-size: 14px;\n    }\n\n#footable_21280 td.ninja_column_0 { text-align: center; }#footable_21280 th.ninja_column_0 { text-align: center; }#footable_21280 td.ninja_column_1 { text-align: center; }#footable_21280 th.ninja_column_1 { text-align: center; }#footable_21280 td.ninja_column_2 { text-align: center; }#footable_21280 th.ninja_column_2 { text-align: center; }#footable_21280 td.ninja_column_3 { text-align: center; }#footable_21280 th.ninja_column_3 { text-align: center; }                <\/style>\n                \n    \n    \n<\/div>\n\n<div class=\"hidden\">306.2078<\/div>\n","protected":false},"excerpt":{"rendered":"<p>Pintura acr\u00edlica en aerosol de alta calidad, espec\u00edfico para retocar electrodom\u00e9sticos, lavadoras, neveras, lavaplatos, microondas, etc. Excelente cubrici\u00f3n, no amarillea, lavable y resistente a los ara\u00f1azos despu\u00e9s de su curado. &nbsp; 306.2078<\/p>\n","protected":false},"featured_media":18175,"template":"","meta":[],"product_cat":[300,303],"product_tag":[],"acf":[],"_links":{"self":[{"href":"https:\/\/www.sistar.it\/es\/wp-json\/wp\/v2\/product\/21281"}],"collection":[{"href":"https:\/\/www.sistar.it\/es\/wp-json\/wp\/v2\/product"}],"about":[{"href":"https:\/\/www.sistar.it\/es\/wp-json\/wp\/v2\/types\/product"}],"wp:featuredmedia":[{"embeddable":true,"href":"https:\/\/www.sistar.it\/es\/wp-json\/wp\/v2\/media\/18175"}],"wp:attachment":[{"href":"https:\/\/www.sistar.it\/es\/wp-json\/wp\/v2\/media?parent=21281"}],"wp:term":[{"taxonomy":"product_cat","embeddable":true,"href":"https:\/\/www.sistar.it\/es\/wp-json\/wp\/v2\/product_cat?post=21281"},{"taxonomy":"product_tag","embeddable":true,"href":"https:\/\/www.sistar.it\/es\/wp-json\/wp\/v2\/product_tag?post=21281"}],"curies":[{"name":"wp","href":"https:\/\/api.w.org\/{rel}","templated":true}]}}