{"id":21271,"date":"2024-03-04T14:34:22","date_gmt":"2024-03-04T14:34:22","guid":{"rendered":"https:\/\/www.sistar.it\/prodotti\/fill-cap\/"},"modified":"2024-04-11T13:51:44","modified_gmt":"2024-04-11T13:51:44","slug":"fill-cap","status":"publish","type":"product","link":"https:\/\/www.sistar.it\/es\/prodotti\/fill-cap\/","title":{"rendered":"Fill-Cap"},"content":{"rendered":"<p>Tapa especial desechable de un solo uso, para transferir la pintura a los aerosoles precargados a trav\u00e9s de la m\u00e1quina Fill-One.<\/p>\n<p>Despu\u00e9s de la recarga, queda una muestra de color en la tapa, para facilitar su identificaci\u00f3n.<\/p>\n<p>Incluye la cubierta protectora del pist\u00f3n.<\/p>\n<p>&nbsp;<\/p>\n<div id=\"footable_parent_21270\"\n         class=\" footable_parent ninja_table_wrapper loading_ninja_table wp_table_data_press_parent bootstrap4 colored_table\">\n                <table data-ninja_table_instance=\"ninja_table_instance_0\" data-footable_id=\"21270\" data-filter-delay=\"1000\" aria-label=\"FILL-CAP( INGLESE )\"            id=\"footable_21270\"\n           data-unique_identifier=\"ninja_table_unique_id_791017102_21270\"\n           class=\" foo-table ninja_footable foo_table_21270 ninja_table_unique_id_791017102_21270 table  white nt_type_ajax_table table-hover vertical_centered inverted footable-paging-right ninja_table_search_disabled\">\n                <colgroup>\n                            <col class=\"ninja_column_0 \">\n                            <col class=\"ninja_column_1 \">\n                            <col class=\"ninja_column_2 \">\n                            <col class=\"ninja_column_3 \">\n                    <\/colgroup>\n            <\/table>\n                    <style type=\"text\/css\" id='ninja_table_custom_css_21270'>\n                        #footable_21270  {\n        font-family: sans-serif;\n        font-size: 14px;\n    }\n\n#footable_21270 td.ninja_column_0 { text-align: center; }#footable_21270 th.ninja_column_0 { text-align: center; }#footable_21270 td.ninja_column_1 { text-align: center; }#footable_21270 th.ninja_column_1 { text-align: center; }#footable_21270 td.ninja_column_2 { text-align: center; }#footable_21270 th.ninja_column_2 { text-align: center; }#footable_21270 td.ninja_column_3 { text-align: center; }#footable_21270 th.ninja_column_3 { text-align: center; }                <\/style>\n                \n    \n    \n<\/div>\n\n<div class=\"hidden\">306.0245<\/div>\n","protected":false},"excerpt":{"rendered":"<p>Tapa especial desechable de un solo uso, para transferir la pintura a los aerosoles precargados a trav\u00e9s de la m\u00e1quina Fill-One. Despu\u00e9s de la recarga, queda una muestra de color en la tapa, para facilitar su identificaci\u00f3n. Incluye la cubierta protectora del pist\u00f3n. &nbsp; 306.0245<\/p>\n","protected":false},"featured_media":19818,"template":"","meta":[],"product_cat":[300,312,313],"product_tag":[],"acf":[],"_links":{"self":[{"href":"https:\/\/www.sistar.it\/es\/wp-json\/wp\/v2\/product\/21271"}],"collection":[{"href":"https:\/\/www.sistar.it\/es\/wp-json\/wp\/v2\/product"}],"about":[{"href":"https:\/\/www.sistar.it\/es\/wp-json\/wp\/v2\/types\/product"}],"wp:featuredmedia":[{"embeddable":true,"href":"https:\/\/www.sistar.it\/es\/wp-json\/wp\/v2\/media\/19818"}],"wp:attachment":[{"href":"https:\/\/www.sistar.it\/es\/wp-json\/wp\/v2\/media?parent=21271"}],"wp:term":[{"taxonomy":"product_cat","embeddable":true,"href":"https:\/\/www.sistar.it\/es\/wp-json\/wp\/v2\/product_cat?post=21271"},{"taxonomy":"product_tag","embeddable":true,"href":"https:\/\/www.sistar.it\/es\/wp-json\/wp\/v2\/product_tag?post=21271"}],"curies":[{"name":"wp","href":"https:\/\/api.w.org\/{rel}","templated":true}]}}