{"id":21262,"date":"2024-02-21T14:51:35","date_gmt":"2024-02-21T14:51:35","guid":{"rendered":"https:\/\/www.sistar.it\/prodotti\/cardboard-display\/"},"modified":"2024-05-07T06:50:06","modified_gmt":"2024-05-07T06:50:06","slug":"expositor-de-carton","status":"publish","type":"product","link":"https:\/\/www.sistar.it\/es\/prodotti\/expositor-de-carton\/","title":{"rendered":"Expositor de cart\u00f2n"},"content":{"rendered":"<p>Expositor de 4 baldas para 68 aerosoles.<\/p>\n<p>R\u00e1pido y f\u00e1cil de montar con atractivos gr\u00e1ficos destinados a estimular la compra por impulso.<\/p>\n<p>Crowner intercambiable para los productos expuestos de las marcas Spray Max, Belton, Auto K, Hit color, Riwax Do It yourself y Spray Sistar.<\/p>\n<p>&nbsp;<\/p>\n<div id=\"footable_parent_27874\"\n         class=\" footable_parent ninja_table_wrapper loading_ninja_table wp_table_data_press_parent bootstrap4 colored_table\">\n                <table data-ninja_table_instance=\"ninja_table_instance_0\" data-footable_id=\"27874\" data-filter-delay=\"1000\" aria-label=\"ESPOSITORE IN CARTONE( INGLESE )\"            id=\"footable_27874\"\n           data-unique_identifier=\"ninja_table_unique_id_821888493_27874\"\n           class=\" foo-table ninja_footable foo_table_27874 ninja_table_unique_id_821888493_27874 table  white nt_type_ajax_table table-hover vertical_centered inverted footable-paging-right ninja_table_search_disabled\">\n                <colgroup>\n                            <col class=\"ninja_column_0 \">\n                            <col class=\"ninja_column_1 \">\n                            <col class=\"ninja_column_2 \">\n                    <\/colgroup>\n            <\/table>\n                    <style type=\"text\/css\" id='ninja_table_custom_css_27874'>\n                        #footable_27874  {\n        font-family: sans-serif;\n        font-size: 14px;\n    }\n\n#footable_27874 td.ninja_column_0 { text-align: center; }#footable_27874 th.ninja_column_0 { text-align: center; }#footable_27874 td.ninja_column_1 { text-align: center; }#footable_27874 th.ninja_column_1 { text-align: center; }#footable_27874 td.ninja_column_2 { text-align: center; }#footable_27874 th.ninja_column_2 { text-align: center; }                <\/style>\n                \n    \n    \n<\/div>\n\n<div class=\"hidden\">901.1030, 901.1032, 901.1033, 901.1034, 901.1035, 901.1037<\/div>\n","protected":false},"excerpt":{"rendered":"<p>&nbsp;<\/p>\n<p>&nbsp;<\/p>\n","protected":false},"featured_media":18250,"template":"","meta":[],"product_cat":[300,307],"product_tag":[],"acf":[],"_links":{"self":[{"href":"https:\/\/www.sistar.it\/es\/wp-json\/wp\/v2\/product\/21262"}],"collection":[{"href":"https:\/\/www.sistar.it\/es\/wp-json\/wp\/v2\/product"}],"about":[{"href":"https:\/\/www.sistar.it\/es\/wp-json\/wp\/v2\/types\/product"}],"wp:featuredmedia":[{"embeddable":true,"href":"https:\/\/www.sistar.it\/es\/wp-json\/wp\/v2\/media\/18250"}],"wp:attachment":[{"href":"https:\/\/www.sistar.it\/es\/wp-json\/wp\/v2\/media?parent=21262"}],"wp:term":[{"taxonomy":"product_cat","embeddable":true,"href":"https:\/\/www.sistar.it\/es\/wp-json\/wp\/v2\/product_cat?post=21262"},{"taxonomy":"product_tag","embeddable":true,"href":"https:\/\/www.sistar.it\/es\/wp-json\/wp\/v2\/product_tag?post=21262"}],"curies":[{"name":"wp","href":"https:\/\/api.w.org\/{rel}","templated":true}]}}