{"id":21252,"date":"2024-02-21T08:34:08","date_gmt":"2024-02-21T08:34:08","guid":{"rendered":"https:\/\/www.sistar.it\/prodotti\/rust-converter\/"},"modified":"2024-03-11T16:13:14","modified_gmt":"2024-03-11T16:13:14","slug":"convertidor-de-oxido","status":"publish","type":"product","link":"https:\/\/www.sistar.it\/es\/prodotti\/convertidor-de-oxido\/","title":{"rendered":"Convertidor de \u00f3xido"},"content":{"rendered":"<p>Aerosol convertidor de \u00f3xido.<\/p>\n<p>Transforma el \u00f3xido en un compuesto inerte por reacci\u00f3n qu\u00edmica.<\/p>\n<p>Detiene la formaci\u00f3n de nuevo \u00f3xido, evitando las operaciones de limpieza del \u00f3xido de las superficies.<\/p>\n<p>Se puede repintar con pintura en aerosol despu\u00e9s de un m\u00ednimo de 24-30 horas y dentro de las 48 horas, sin lijar.<\/p>\n<p>Color \u00e1mbar, negro despu\u00e9s de la reacci\u00f3n qu\u00edmica.<\/p>\n<p>&nbsp;<\/p>\n<div id=\"footable_parent_21251\"\n         class=\" footable_parent ninja_table_wrapper loading_ninja_table wp_table_data_press_parent bootstrap4 colored_table\">\n                <table data-ninja_table_instance=\"ninja_table_instance_0\" data-footable_id=\"21251\" data-filter-delay=\"1000\" aria-label=\"CONVERTITORE DI RUGGINE( INGLESE )\"            id=\"footable_21251\"\n           data-unique_identifier=\"ninja_table_unique_id_838107066_21251\"\n           class=\" foo-table ninja_footable foo_table_21251 ninja_table_unique_id_838107066_21251 table  white nt_type_ajax_table table-hover vertical_centered inverted footable-paging-right ninja_table_search_disabled\">\n                <colgroup>\n                            <col class=\"ninja_column_0 \">\n                            <col class=\"ninja_column_1 \">\n                            <col class=\"ninja_column_2 \">\n                            <col class=\"ninja_column_3 \">\n                    <\/colgroup>\n            <\/table>\n                    <style type=\"text\/css\" id='ninja_table_custom_css_21251'>\n                        #footable_21251  {\n        font-family: sans-serif;\n        font-size: 14px;\n    }\n\n#footable_21251 td.ninja_column_0 { text-align: center; }#footable_21251 th.ninja_column_0 { text-align: center; }#footable_21251 td.ninja_column_1 { text-align: center; }#footable_21251 th.ninja_column_1 { text-align: center; }#footable_21251 td.ninja_column_2 { text-align: center; }#footable_21251 th.ninja_column_2 { text-align: center; }#footable_21251 td.ninja_column_3 { text-align: center; }#footable_21251 th.ninja_column_3 { text-align: center; }                <\/style>\n                \n    \n    \n<\/div>\n\n<div class=\"hidden\">306.2012<\/div>\n","protected":false},"excerpt":{"rendered":"<p>Aerosol convertidor de \u00f3xido. Transforma el \u00f3xido en un compuesto inerte por reacci\u00f3n qu\u00edmica. Detiene la formaci\u00f3n de nuevo \u00f3xido, evitando las operaciones de limpieza del \u00f3xido de las superficies. Se puede repintar con pintura en aerosol despu\u00e9s de un m\u00ednimo de 24-30 horas y dentro de las 48 horas, sin lijar. Color \u00e1mbar, negro&#8230;<\/p>\n","protected":false},"featured_media":18047,"template":"","meta":[],"product_cat":[300,303],"product_tag":[],"acf":[],"_links":{"self":[{"href":"https:\/\/www.sistar.it\/es\/wp-json\/wp\/v2\/product\/21252"}],"collection":[{"href":"https:\/\/www.sistar.it\/es\/wp-json\/wp\/v2\/product"}],"about":[{"href":"https:\/\/www.sistar.it\/es\/wp-json\/wp\/v2\/types\/product"}],"wp:featuredmedia":[{"embeddable":true,"href":"https:\/\/www.sistar.it\/es\/wp-json\/wp\/v2\/media\/18047"}],"wp:attachment":[{"href":"https:\/\/www.sistar.it\/es\/wp-json\/wp\/v2\/media?parent=21252"}],"wp:term":[{"taxonomy":"product_cat","embeddable":true,"href":"https:\/\/www.sistar.it\/es\/wp-json\/wp\/v2\/product_cat?post=21252"},{"taxonomy":"product_tag","embeddable":true,"href":"https:\/\/www.sistar.it\/es\/wp-json\/wp\/v2\/product_tag?post=21252"}],"curies":[{"name":"wp","href":"https:\/\/api.w.org\/{rel}","templated":true}]}}