{"id":21234,"date":"2016-09-26T15:13:54","date_gmt":"2016-09-26T15:13:54","guid":{"rendered":"https:\/\/www.sistar.it\/prodotti\/paint-for-plates\/"},"modified":"2024-06-07T13:27:05","modified_gmt":"2024-06-07T13:27:05","slug":"pintura-para-matriculas","status":"publish","type":"product","link":"https:\/\/www.sistar.it\/es\/prodotti\/pintura-para-matriculas\/","title":{"rendered":"Pintura para matr\u00edculas"},"content":{"rendered":"<p style=\"text-align: justify;\">Pintura 1K en aerosol, efecto blanco perlado de alta visibilidad, para el mantenimiento temporal de las matr\u00edculas de todos los veh\u00edculos: autom\u00f3viles, camiones, autobuses, motocicletas, scooters, caravanas, autocaravanas, remolques.<\/p>\n<p style=\"text-align: justify;\">Secado r\u00e1pido, en 5 minutos. Aplicar siempre sobre un fondo blanco en varias capas. Pintura no homologada.<\/p>\n<p>&nbsp;<\/p>\n<div id=\"footable_parent_21233\"\n         class=\" footable_parent ninja_table_wrapper loading_ninja_table wp_table_data_press_parent bootstrap4 colored_table\">\n                <table data-ninja_table_instance=\"ninja_table_instance_0\" data-footable_id=\"21233\" data-filter-delay=\"1000\" aria-label=\"BIANCO TARGHE( INGLESE )\"            id=\"footable_21233\"\n           data-unique_identifier=\"ninja_table_unique_id_1503498527_21233\"\n           class=\" foo-table ninja_footable foo_table_21233 ninja_table_unique_id_1503498527_21233 table  white nt_type_ajax_table table-hover vertical_centered inverted footable-paging-right ninja_table_search_disabled\">\n                <colgroup>\n                            <col class=\"ninja_column_0 \">\n                            <col class=\"ninja_column_1 \">\n                            <col class=\"ninja_column_2 \">\n                            <col class=\"ninja_column_3 \">\n                    <\/colgroup>\n            <\/table>\n                    <style type=\"text\/css\" id='ninja_table_custom_css_21233'>\n                        #footable_21233  {\n        font-family: sans-serif;\n        font-size: 14px;\n    }\n\n#footable_21233 td.ninja_column_0 { text-align: center; }#footable_21233 th.ninja_column_0 { text-align: center; }#footable_21233 td.ninja_column_1 { text-align: center; }#footable_21233 th.ninja_column_1 { text-align: center; }#footable_21233 td.ninja_column_2 { text-align: center; }#footable_21233 th.ninja_column_2 { text-align: center; }#footable_21233 td.ninja_column_3 { text-align: center; }#footable_21233 th.ninja_column_3 { text-align: center; }                <\/style>\n                \n    \n    \n<\/div>\n\n<div class=\"hidden\">306.2117<\/div>\n","protected":false},"excerpt":{"rendered":"<p>Pintura 1K en aerosol, efecto blanco perlado de alta visibilidad, para el mantenimiento temporal de las matr\u00edculas de todos los veh\u00edculos: autom\u00f3viles, camiones, autobuses, motocicletas, scooters, caravanas, autocaravanas, remolques. Secado r\u00e1pido, en 5 minutos. Aplicar siempre sobre un fondo blanco en varias capas. Pintura no homologada. &nbsp; 306.2117<\/p>\n","protected":false},"featured_media":18027,"template":"","meta":[],"product_cat":[300,305,303],"product_tag":[],"acf":[],"_links":{"self":[{"href":"https:\/\/www.sistar.it\/es\/wp-json\/wp\/v2\/product\/21234"}],"collection":[{"href":"https:\/\/www.sistar.it\/es\/wp-json\/wp\/v2\/product"}],"about":[{"href":"https:\/\/www.sistar.it\/es\/wp-json\/wp\/v2\/types\/product"}],"wp:featuredmedia":[{"embeddable":true,"href":"https:\/\/www.sistar.it\/es\/wp-json\/wp\/v2\/media\/18027"}],"wp:attachment":[{"href":"https:\/\/www.sistar.it\/es\/wp-json\/wp\/v2\/media?parent=21234"}],"wp:term":[{"taxonomy":"product_cat","embeddable":true,"href":"https:\/\/www.sistar.it\/es\/wp-json\/wp\/v2\/product_cat?post=21234"},{"taxonomy":"product_tag","embeddable":true,"href":"https:\/\/www.sistar.it\/es\/wp-json\/wp\/v2\/product_tag?post=21234"}],"curies":[{"name":"wp","href":"https:\/\/api.w.org\/{rel}","templated":true}]}}