{"id":21217,"date":"2013-06-25T10:21:02","date_gmt":"2013-06-25T10:21:02","guid":{"rendered":"https:\/\/www.sistar.it\/prodotti\/tacky-protection\/"},"modified":"2024-04-11T15:24:39","modified_gmt":"2024-04-11T15:24:39","slug":"tacky-protection","status":"publish","type":"product","link":"https:\/\/www.sistar.it\/es\/prodotti\/tacky-protection\/","title":{"rendered":"Tacky protection"},"content":{"rendered":"<p>L\u00edquido adhesivo para aplicar en las paredes de las cabinas.<\/p>\n<p>Crea una capa adherente que atrapa las part\u00edculas de polvo y restos de pulverizados.<\/p>\n<p>Se elimina f\u00e1cilmente con agua.<\/p>\n<p>&nbsp;<\/p>\n<div id=\"footable_parent_21216\"\n         class=\" footable_parent ninja_table_wrapper loading_ninja_table wp_table_data_press_parent bootstrap4 colored_table\">\n                <table data-ninja_table_instance=\"ninja_table_instance_0\" data-footable_id=\"21216\" data-filter-delay=\"1000\" aria-label=\"TACKY PROTECTION( INGLESE )\"            id=\"footable_21216\"\n           data-unique_identifier=\"ninja_table_unique_id_1307670796_21216\"\n           class=\" foo-table ninja_footable foo_table_21216 ninja_table_unique_id_1307670796_21216 table  white nt_type_ajax_table table-hover vertical_centered inverted footable-paging-right ninja_table_search_disabled\">\n                <colgroup>\n                            <col class=\"ninja_column_0 \">\n                            <col class=\"ninja_column_1 \">\n                            <col class=\"ninja_column_2 \">\n                    <\/colgroup>\n            <\/table>\n                    <style type=\"text\/css\" id='ninja_table_custom_css_21216'>\n                        #footable_21216  {\n        font-family: sans-serif;\n        font-size: 14px;\n    }\n\n#footable_21216 td.ninja_column_0 { text-align: center; }#footable_21216 th.ninja_column_0 { text-align: center; }#footable_21216 td.ninja_column_1 { text-align: center; }#footable_21216 th.ninja_column_1 { text-align: center; }#footable_21216 td.ninja_column_2 { text-align: center; }#footable_21216 th.ninja_column_2 { text-align: center; }                <\/style>\n                \n    \n    \n<\/div>\n\n<p>&nbsp;<\/p>\n<div class=\"hidden\">310.5110<\/div>\n","protected":false},"excerpt":{"rendered":"<p>L\u00edquido adhesivo para aplicar en las paredes de las cabinas. Crea una capa adherente que atrapa las part\u00edculas de polvo y restos de pulverizados. Se elimina f\u00e1cilmente con agua. &nbsp; &nbsp; 310.5110<\/p>\n","protected":false},"featured_media":17718,"template":"","meta":[],"product_cat":[294],"product_tag":[],"acf":[],"_links":{"self":[{"href":"https:\/\/www.sistar.it\/es\/wp-json\/wp\/v2\/product\/21217"}],"collection":[{"href":"https:\/\/www.sistar.it\/es\/wp-json\/wp\/v2\/product"}],"about":[{"href":"https:\/\/www.sistar.it\/es\/wp-json\/wp\/v2\/types\/product"}],"wp:featuredmedia":[{"embeddable":true,"href":"https:\/\/www.sistar.it\/es\/wp-json\/wp\/v2\/media\/17718"}],"wp:attachment":[{"href":"https:\/\/www.sistar.it\/es\/wp-json\/wp\/v2\/media?parent=21217"}],"wp:term":[{"taxonomy":"product_cat","embeddable":true,"href":"https:\/\/www.sistar.it\/es\/wp-json\/wp\/v2\/product_cat?post=21217"},{"taxonomy":"product_tag","embeddable":true,"href":"https:\/\/www.sistar.it\/es\/wp-json\/wp\/v2\/product_tag?post=21217"}],"curies":[{"name":"wp","href":"https:\/\/api.w.org\/{rel}","templated":true}]}}