{"id":21206,"date":"2013-07-02T12:35:20","date_gmt":"2013-07-02T12:35:20","guid":{"rendered":"https:\/\/www.sistar.it\/prodotti\/stucco-multi-star-2\/"},"modified":"2024-06-07T08:59:08","modified_gmt":"2024-06-07T08:59:08","slug":"stucco-multi-star-2","status":"publish","type":"product","link":"https:\/\/www.sistar.it\/es\/prodotti\/stucco-multi-star-2\/","title":{"rendered":"Multi-Star"},"content":{"rendered":"<p>Masilla de poli\u00e9ster 2K muy fina. Excelente capacidad de relleno.<\/p>\n<p>Espec\u00edfica para soportes en aluminio, chapa galvanizada, acero, laminados en poli\u00e9ster y fibra de vidrio.<\/p>\n<p>Se puede aplicar tanto en capas gruesas como finas.<\/p>\n<p>&nbsp;<\/p>\n<div id=\"footable_parent_21205\"\n         class=\" footable_parent ninja_table_wrapper loading_ninja_table wp_table_data_press_parent bootstrap4 colored_table\">\n                <table data-ninja_table_instance=\"ninja_table_instance_0\" data-footable_id=\"21205\" data-filter-delay=\"1000\" aria-label=\"MULTI-STAR( INGLESE )\"            id=\"footable_21205\"\n           data-unique_identifier=\"ninja_table_unique_id_678883427_21205\"\n           class=\" foo-table ninja_footable foo_table_21205 ninja_table_unique_id_678883427_21205 table  white nt_type_ajax_table table-hover vertical_centered inverted footable-paging-right ninja_table_search_disabled\">\n                <colgroup>\n                            <col class=\"ninja_column_0 \">\n                            <col class=\"ninja_column_1 \">\n                            <col class=\"ninja_column_2 \">\n                            <col class=\"ninja_column_3 \">\n                    <\/colgroup>\n            <\/table>\n                    <style type=\"text\/css\" id='ninja_table_custom_css_21205'>\n                        #footable_21205  {\n        font-family: sans-serif;\n        font-size: 14px;\n    }\n\n#footable_21205 td.ninja_column_0 { text-align: center; }#footable_21205 th.ninja_column_0 { text-align: center; }#footable_21205 td.ninja_column_1 { text-align: center; }#footable_21205 th.ninja_column_1 { text-align: center; }#footable_21205 td.ninja_column_2 { text-align: center; }#footable_21205 th.ninja_column_2 { text-align: center; }#footable_21205 td.ninja_column_3 { text-align: center; }#footable_21205 th.ninja_column_3 { text-align: center; }                <\/style>\n                \n    \n    \n<\/div>\n\n<p>&nbsp;<\/p>\n<div class=\"hidden\">321.1001.1, 321.1001.02, 321.1001.40<\/div>\n","protected":false},"excerpt":{"rendered":"<p>Masilla de poli\u00e9ster 2K muy fina. Excelente capacidad de relleno. Espec\u00edfica para soportes en aluminio, chapa galvanizada, acero, laminados en poli\u00e9ster y fibra de vidrio. Se puede aplicar tanto en capas gruesas como finas. &nbsp; &nbsp; 321.1001.1, 321.1001.02, 321.1001.40<\/p>\n","protected":false},"featured_media":17649,"template":"","meta":[],"product_cat":[294],"product_tag":[],"acf":[],"_links":{"self":[{"href":"https:\/\/www.sistar.it\/es\/wp-json\/wp\/v2\/product\/21206"}],"collection":[{"href":"https:\/\/www.sistar.it\/es\/wp-json\/wp\/v2\/product"}],"about":[{"href":"https:\/\/www.sistar.it\/es\/wp-json\/wp\/v2\/types\/product"}],"wp:featuredmedia":[{"embeddable":true,"href":"https:\/\/www.sistar.it\/es\/wp-json\/wp\/v2\/media\/17649"}],"wp:attachment":[{"href":"https:\/\/www.sistar.it\/es\/wp-json\/wp\/v2\/media?parent=21206"}],"wp:term":[{"taxonomy":"product_cat","embeddable":true,"href":"https:\/\/www.sistar.it\/es\/wp-json\/wp\/v2\/product_cat?post=21206"},{"taxonomy":"product_tag","embeddable":true,"href":"https:\/\/www.sistar.it\/es\/wp-json\/wp\/v2\/product_tag?post=21206"}],"curies":[{"name":"wp","href":"https:\/\/api.w.org\/{rel}","templated":true}]}}