{"id":21201,"date":"2013-07-03T10:42:06","date_gmt":"2013-07-03T10:42:06","guid":{"rendered":"https:\/\/www.sistar.it\/prodotti\/stucco-plastic-star-2\/"},"modified":"2024-06-07T09:07:12","modified_gmt":"2024-06-07T09:07:12","slug":"stucco-plastic-star-2","status":"publish","type":"product","link":"https:\/\/www.sistar.it\/es\/prodotti\/stucco-plastic-star-2\/","title":{"rendered":"Plastic-star"},"content":{"rendered":"<p>Masilla de poli\u00e9ster 2K para pl\u00e1sticos, muy flexible, el\u00e1stica y con excelentes propiedades de adhesi\u00f3n.<\/p>\n<p>Especialmente formulado para reparar da\u00f1os en paragolpes, bandas laterales y piezas de pl\u00e1stico en general.<\/p>\n<p><strong>Apta para fibra de carbono.<\/strong><\/p>\n<p>&nbsp;<\/p>\n<div id=\"footable_parent_21200\"\n         class=\" footable_parent ninja_table_wrapper loading_ninja_table wp_table_data_press_parent bootstrap4 colored_table\">\n                <table data-ninja_table_instance=\"ninja_table_instance_0\" data-footable_id=\"21200\" data-filter-delay=\"1000\" aria-label=\"PLASTIC-STAR( INGLESE )\"            id=\"footable_21200\"\n           data-unique_identifier=\"ninja_table_unique_id_223556176_21200\"\n           class=\" foo-table ninja_footable foo_table_21200 ninja_table_unique_id_223556176_21200 table  white nt_type_ajax_table table-hover vertical_centered inverted footable-paging-right ninja_table_search_disabled\">\n                <colgroup>\n                            <col class=\"ninja_column_0 \">\n                            <col class=\"ninja_column_1 \">\n                            <col class=\"ninja_column_2 \">\n                            <col class=\"ninja_column_3 \">\n                    <\/colgroup>\n            <\/table>\n                    <style type=\"text\/css\" id='ninja_table_custom_css_21200'>\n                        #footable_21200  {\n        font-family: sans-serif;\n        font-size: 14px;\n    }\n\n#footable_21200 td.ninja_column_0 { text-align: center; }#footable_21200 th.ninja_column_0 { text-align: center; }#footable_21200 td.ninja_column_1 { text-align: center; }#footable_21200 th.ninja_column_1 { text-align: center; }#footable_21200 td.ninja_column_2 { text-align: center; }#footable_21200 th.ninja_column_2 { text-align: center; }#footable_21200 td.ninja_column_3 { text-align: center; }#footable_21200 th.ninja_column_3 { text-align: center; }                <\/style>\n                \n    \n    \n<\/div>\n\n<p>&nbsp;<\/p>\n<div class=\"hidden\">321.1010, 321.1001.40<\/div>\n","protected":false},"excerpt":{"rendered":"<p>Masilla de poli\u00e9ster 2K para pl\u00e1sticos, muy flexible, el\u00e1stica y con excelentes propiedades de adhesi\u00f3n. Especialmente formulado para reparar da\u00f1os en paragolpes, bandas laterales y piezas de pl\u00e1stico en general. Apta para fibra de carbono. &nbsp; &nbsp; 321.1010, 321.1001.40<\/p>\n","protected":false},"featured_media":17677,"template":"","meta":[],"product_cat":[294],"product_tag":[],"acf":[],"_links":{"self":[{"href":"https:\/\/www.sistar.it\/es\/wp-json\/wp\/v2\/product\/21201"}],"collection":[{"href":"https:\/\/www.sistar.it\/es\/wp-json\/wp\/v2\/product"}],"about":[{"href":"https:\/\/www.sistar.it\/es\/wp-json\/wp\/v2\/types\/product"}],"wp:featuredmedia":[{"embeddable":true,"href":"https:\/\/www.sistar.it\/es\/wp-json\/wp\/v2\/media\/17677"}],"wp:attachment":[{"href":"https:\/\/www.sistar.it\/es\/wp-json\/wp\/v2\/media?parent=21201"}],"wp:term":[{"taxonomy":"product_cat","embeddable":true,"href":"https:\/\/www.sistar.it\/es\/wp-json\/wp\/v2\/product_cat?post=21201"},{"taxonomy":"product_tag","embeddable":true,"href":"https:\/\/www.sistar.it\/es\/wp-json\/wp\/v2\/product_tag?post=21201"}],"curies":[{"name":"wp","href":"https:\/\/api.w.org\/{rel}","templated":true}]}}