{"id":21196,"date":"2013-07-03T10:47:16","date_gmt":"2013-07-03T10:47:16","guid":{"rendered":"https:\/\/www.sistar.it\/prodotti\/no-dust-long-time-2\/"},"modified":"2024-06-07T09:22:01","modified_gmt":"2024-06-07T09:22:01","slug":"no-dust-long-time-2","status":"publish","type":"product","link":"https:\/\/www.sistar.it\/es\/prodotti\/no-dust-long-time-2\/","title":{"rendered":"NO-DUST LONG TIME"},"content":{"rendered":"<p>Liquido concentrado para retener el polvo. Pulverizar sobre el suelo de las cabinas y zonas de preparaci\u00f3n.<\/p>\n<p>Mantiene el polvo quieto, evitando que se levante y contamine el proceso de pintura.<\/p>\n<p>Tras 5 minutos desde la aplicaci\u00f3n, la carga est\u00e1tica permanece activa hasta 5 d\u00edas, dependiendo de la diluci\u00f3n.<\/p>\n<p>&nbsp;<\/p>\n<div id=\"footable_parent_21195\"\n         class=\" footable_parent ninja_table_wrapper loading_ninja_table wp_table_data_press_parent bootstrap4 colored_table\">\n                <table data-ninja_table_instance=\"ninja_table_instance_0\" data-footable_id=\"21195\" data-filter-delay=\"1000\" aria-label=\"NO DUST LONG TIME( INGLESE )\"            id=\"footable_21195\"\n           data-unique_identifier=\"ninja_table_unique_id_1339195552_21195\"\n           class=\" foo-table ninja_footable foo_table_21195 ninja_table_unique_id_1339195552_21195 table  white nt_type_ajax_table table-hover vertical_centered inverted footable-paging-right ninja_table_search_disabled\">\n                <colgroup>\n                            <col class=\"ninja_column_0 \">\n                            <col class=\"ninja_column_1 \">\n                            <col class=\"ninja_column_2 \">\n                    <\/colgroup>\n            <\/table>\n                    <style type=\"text\/css\" id='ninja_table_custom_css_21195'>\n                        #footable_21195  {\n        font-family: sans-serif;\n        font-size: 14px;\n    }\n\n#footable_21195 td.ninja_column_0 { text-align: center; }#footable_21195 th.ninja_column_0 { text-align: center; }#footable_21195 td.ninja_column_1 { text-align: center; }#footable_21195 th.ninja_column_1 { text-align: center; }#footable_21195 td.ninja_column_2 { text-align: center; }#footable_21195 th.ninja_column_2 { text-align: center; }                <\/style>\n                \n    \n    \n<\/div>\n\n<p>&nbsp;<\/p>\n<div class=\"hidden\">310.5103.10, 310.5103.25<\/div>\n","protected":false},"excerpt":{"rendered":"<p>Liquido concentrado para retener el polvo. Pulverizar sobre el suelo de las cabinas y zonas de preparaci\u00f3n. Mantiene el polvo quieto, evitando que se levante y contamine el proceso de pintura. Tras 5 minutos desde la aplicaci\u00f3n, la carga est\u00e1tica permanece activa hasta 5 d\u00edas, dependiendo de la diluci\u00f3n. &nbsp; &nbsp; 310.5103.10, 310.5103.25<\/p>\n","protected":false},"featured_media":33953,"template":"","meta":[],"product_cat":[294],"product_tag":[],"acf":[],"_links":{"self":[{"href":"https:\/\/www.sistar.it\/es\/wp-json\/wp\/v2\/product\/21196"}],"collection":[{"href":"https:\/\/www.sistar.it\/es\/wp-json\/wp\/v2\/product"}],"about":[{"href":"https:\/\/www.sistar.it\/es\/wp-json\/wp\/v2\/types\/product"}],"wp:featuredmedia":[{"embeddable":true,"href":"https:\/\/www.sistar.it\/es\/wp-json\/wp\/v2\/media\/33953"}],"wp:attachment":[{"href":"https:\/\/www.sistar.it\/es\/wp-json\/wp\/v2\/media?parent=21196"}],"wp:term":[{"taxonomy":"product_cat","embeddable":true,"href":"https:\/\/www.sistar.it\/es\/wp-json\/wp\/v2\/product_cat?post=21196"},{"taxonomy":"product_tag","embeddable":true,"href":"https:\/\/www.sistar.it\/es\/wp-json\/wp\/v2\/product_tag?post=21196"}],"curies":[{"name":"wp","href":"https:\/\/api.w.org\/{rel}","templated":true}]}}