{"id":21190,"date":"2013-07-03T10:51:06","date_gmt":"2013-07-03T10:51:06","guid":{"rendered":"https:\/\/www.sistar.it\/prodotti\/skin-up-s-2\/"},"modified":"2024-06-07T09:15:51","modified_gmt":"2024-06-07T09:15:51","slug":"skin-up-s-2","status":"publish","type":"product","link":"https:\/\/www.sistar.it\/es\/prodotti\/skin-up-s-2\/","title":{"rendered":"SKIN-UP S"},"content":{"rendered":"<p>Pintura pelable blanco marfil base disolvente. Crea una pel\u00edcula pl\u00e1stica y el\u00e1stica que protege la superficie.<\/p>\n<p>Se elimina f\u00e1cilmente tirando de ella. Para aplicar a pistola, rodillo o brocha.<\/p>\n<p>&nbsp;<\/p>\n<div id=\"footable_parent_21189\"\n         class=\" footable_parent ninja_table_wrapper loading_ninja_table wp_table_data_press_parent bootstrap4 colored_table\">\n                <table data-ninja_table_instance=\"ninja_table_instance_0\" data-footable_id=\"21189\" data-filter-delay=\"1000\" aria-label=\"SKIN-UP S( INGLESE )\"            id=\"footable_21189\"\n           data-unique_identifier=\"ninja_table_unique_id_545428582_21189\"\n           class=\" foo-table ninja_footable foo_table_21189 ninja_table_unique_id_545428582_21189 table  white nt_type_ajax_table table-hover vertical_centered inverted footable-paging-right ninja_table_search_disabled\">\n                <colgroup>\n                            <col class=\"ninja_column_0 \">\n                            <col class=\"ninja_column_1 \">\n                            <col class=\"ninja_column_2 \">\n                            <col class=\"ninja_column_3 \">\n                    <\/colgroup>\n            <\/table>\n                    <style type=\"text\/css\" id='ninja_table_custom_css_21189'>\n                        #footable_21189  {\n        font-family: sans-serif;\n        font-size: 14px;\n    }\n\n#footable_21189 td.ninja_column_0 { text-align: center; }#footable_21189 th.ninja_column_0 { text-align: center; }#footable_21189 td.ninja_column_1 { text-align: center; }#footable_21189 th.ninja_column_1 { text-align: center; }#footable_21189 td.ninja_column_2 { text-align: center; }#footable_21189 th.ninja_column_2 { text-align: center; }#footable_21189 td.ninja_column_3 { text-align: center; }#footable_21189 th.ninja_column_3 { text-align: center; }                <\/style>\n                \n    \n    \n<\/div>\n\n<p>&nbsp;<\/p>\n<div class=\"hidden\">310.1001<\/div>\n","protected":false},"excerpt":{"rendered":"<p>Pintura pelable blanco marfil base disolvente. Crea una pel\u00edcula pl\u00e1stica y el\u00e1stica que protege la superficie. Se elimina f\u00e1cilmente tirando de ella. Para aplicar a pistola, rodillo o brocha. &nbsp; &nbsp; 310.1001<\/p>\n","protected":false},"featured_media":17699,"template":"","meta":[],"product_cat":[294],"product_tag":[],"acf":[],"_links":{"self":[{"href":"https:\/\/www.sistar.it\/es\/wp-json\/wp\/v2\/product\/21190"}],"collection":[{"href":"https:\/\/www.sistar.it\/es\/wp-json\/wp\/v2\/product"}],"about":[{"href":"https:\/\/www.sistar.it\/es\/wp-json\/wp\/v2\/types\/product"}],"wp:featuredmedia":[{"embeddable":true,"href":"https:\/\/www.sistar.it\/es\/wp-json\/wp\/v2\/media\/17699"}],"wp:attachment":[{"href":"https:\/\/www.sistar.it\/es\/wp-json\/wp\/v2\/media?parent=21190"}],"wp:term":[{"taxonomy":"product_cat","embeddable":true,"href":"https:\/\/www.sistar.it\/es\/wp-json\/wp\/v2\/product_cat?post=21190"},{"taxonomy":"product_tag","embeddable":true,"href":"https:\/\/www.sistar.it\/es\/wp-json\/wp\/v2\/product_tag?post=21190"}],"curies":[{"name":"wp","href":"https:\/\/api.w.org\/{rel}","templated":true}]}}