{"id":21185,"date":"2013-07-03T10:56:45","date_gmt":"2013-07-03T10:56:45","guid":{"rendered":"https:\/\/www.sistar.it\/prodotti\/fiberglass-kit\/"},"modified":"2024-03-11T14:04:39","modified_gmt":"2024-03-11T14:04:39","slug":"kit-de-fibra-de-vidrio","status":"publish","type":"product","link":"https:\/\/www.sistar.it\/es\/prodotti\/kit-de-fibra-de-vidrio\/","title":{"rendered":"Kit de fibra de vidrio"},"content":{"rendered":"<p>Kit compuesto por 250 g de resina de poli\u00e9ster (con endurecedor) y 0.25 mq de fibra de vidrio para reparar la propia fibra de vidrio, metal, pl\u00e1stico, autom\u00f3viles, veh\u00edculos industriales, embarcaciones de recreo, muebles de jard\u00edn y para otras muchas aplicaciones.<\/p>\n<p>&nbsp;<\/p>\n<div id=\"footable_parent_21184\"\n         class=\" footable_parent ninja_table_wrapper loading_ninja_table wp_table_data_press_parent bootstrap4 colored_table\">\n                <table data-ninja_table_instance=\"ninja_table_instance_0\" data-footable_id=\"21184\" data-filter-delay=\"1000\" aria-label=\"KIT RIPARAZIONE VETRORESINA( INGLESE )\"            id=\"footable_21184\"\n           data-unique_identifier=\"ninja_table_unique_id_721701959_21184\"\n           class=\" foo-table ninja_footable foo_table_21184 ninja_table_unique_id_721701959_21184 table  white nt_type_ajax_table table-hover vertical_centered inverted footable-paging-right ninja_table_search_disabled\">\n                <colgroup>\n                            <col class=\"ninja_column_0 \">\n                            <col class=\"ninja_column_1 \">\n                            <col class=\"ninja_column_2 \">\n                    <\/colgroup>\n            <\/table>\n                    <style type=\"text\/css\" id='ninja_table_custom_css_21184'>\n                        #footable_21184  {\n        font-family: sans-serif;\n        font-size: 14px;\n    }\n\n#footable_21184 td.ninja_column_0 { text-align: center; }#footable_21184 th.ninja_column_0 { text-align: center; }#footable_21184 td.ninja_column_1 { text-align: center; }#footable_21184 th.ninja_column_1 { text-align: center; }#footable_21184 td.ninja_column_2 { text-align: center; }#footable_21184 th.ninja_column_2 { text-align: center; }                <\/style>\n                \n    \n    \n<\/div>\n\n<p>&nbsp;<\/p>\n<div class=\"hidden\">321.1020.02<\/div>\n","protected":false},"excerpt":{"rendered":"<p>Kit compuesto por 250 g de resina de poli\u00e9ster (con endurecedor) y 0.25 mq de fibra de vidrio para reparar la propia fibra de vidrio, metal, pl\u00e1stico, autom\u00f3viles, veh\u00edculos industriales, embarcaciones de recreo, muebles de jard\u00edn y para otras muchas aplicaciones. &nbsp; &nbsp; 321.1020.02<\/p>\n","protected":false},"featured_media":17684,"template":"","meta":[],"product_cat":[294],"product_tag":[],"acf":[],"_links":{"self":[{"href":"https:\/\/www.sistar.it\/es\/wp-json\/wp\/v2\/product\/21185"}],"collection":[{"href":"https:\/\/www.sistar.it\/es\/wp-json\/wp\/v2\/product"}],"about":[{"href":"https:\/\/www.sistar.it\/es\/wp-json\/wp\/v2\/types\/product"}],"wp:featuredmedia":[{"embeddable":true,"href":"https:\/\/www.sistar.it\/es\/wp-json\/wp\/v2\/media\/17684"}],"wp:attachment":[{"href":"https:\/\/www.sistar.it\/es\/wp-json\/wp\/v2\/media?parent=21185"}],"wp:term":[{"taxonomy":"product_cat","embeddable":true,"href":"https:\/\/www.sistar.it\/es\/wp-json\/wp\/v2\/product_cat?post=21185"},{"taxonomy":"product_tag","embeddable":true,"href":"https:\/\/www.sistar.it\/es\/wp-json\/wp\/v2\/product_tag?post=21185"}],"curies":[{"name":"wp","href":"https:\/\/api.w.org\/{rel}","templated":true}]}}