{"id":21139,"date":"2018-11-26T12:15:25","date_gmt":"2018-11-26T12:15:25","guid":{"rendered":"https:\/\/www.sistar.it\/prodotti\/plr-300-2\/"},"modified":"2024-06-07T08:34:11","modified_gmt":"2024-06-07T08:34:11","slug":"plr-300-2","status":"publish","type":"product","link":"https:\/\/www.sistar.it\/es\/prodotti\/plr-300-2\/","title":{"rendered":"PLR 300"},"content":{"rendered":"<p>Adhesivo estructural de poliuretano 2K para trabajar en 5 minutos.<\/p>\n<p>Es adecuado para reparaciones y reconstrucciones de piezas de pl\u00e1stico de tama\u00f1o mediano.<\/p>\n<p>Tambi\u00e9n se puede utilizar para unir piezas de tama\u00f1o mediano de diferentes materiales.<\/p>\n<p>Cartucho doble con 2 boquillas mezcladoras.<\/p>\n<p>&nbsp;<\/p>\n<div id=\"footable_parent_21138\"\n         class=\" footable_parent ninja_table_wrapper loading_ninja_table wp_table_data_press_parent bootstrap4 colored_table\">\n                <table data-ninja_table_instance=\"ninja_table_instance_0\" data-footable_id=\"21138\" data-filter-delay=\"1000\" aria-label=\"PLR 300( INGLESE )\"            id=\"footable_21138\"\n           data-unique_identifier=\"ninja_table_unique_id_1639000036_21138\"\n           class=\" foo-table ninja_footable foo_table_21138 ninja_table_unique_id_1639000036_21138 table  white nt_type_ajax_table table-hover vertical_centered inverted footable-paging-right ninja_table_search_disabled\">\n                <colgroup>\n                            <col class=\"ninja_column_0 \">\n                            <col class=\"ninja_column_1 \">\n                            <col class=\"ninja_column_2 \">\n                            <col class=\"ninja_column_3 \">\n                    <\/colgroup>\n            <\/table>\n                    <style type=\"text\/css\" id='ninja_table_custom_css_21138'>\n                        #footable_21138  {\n        font-family: sans-serif;\n        font-size: 14px;\n    }\n\n#footable_21138 td.ninja_column_0 { text-align: center; }#footable_21138 th.ninja_column_0 { text-align: center; }#footable_21138 td.ninja_column_1 { text-align: center; }#footable_21138 th.ninja_column_1 { text-align: center; }#footable_21138 td.ninja_column_2 { text-align: center; }#footable_21138 th.ninja_column_2 { text-align: center; }#footable_21138 td.ninja_column_3 { text-align: center; }#footable_21138 th.ninja_column_3 { text-align: center; }                <\/style>\n                \n    \n    \n<\/div>\n\n<p>&nbsp;<\/p>\n<div class=\"hidden\">303.0037, 303.0040<\/div>\n","protected":false},"excerpt":{"rendered":"<p>Adhesivo estructural de poliuretano 2K para trabajar en 5 minutos. Es adecuado para reparaciones y reconstrucciones de piezas de pl\u00e1stico de tama\u00f1o mediano. Tambi\u00e9n se puede utilizar para unir piezas de tama\u00f1o mediano de diferentes materiales. Cartucho doble con 2 boquillas mezcladoras. &nbsp; &nbsp; 303.0037, 303.0040<\/p>\n","protected":false},"featured_media":17598,"template":"","meta":[],"product_cat":[294],"product_tag":[],"acf":[],"_links":{"self":[{"href":"https:\/\/www.sistar.it\/es\/wp-json\/wp\/v2\/product\/21139"}],"collection":[{"href":"https:\/\/www.sistar.it\/es\/wp-json\/wp\/v2\/product"}],"about":[{"href":"https:\/\/www.sistar.it\/es\/wp-json\/wp\/v2\/types\/product"}],"wp:featuredmedia":[{"embeddable":true,"href":"https:\/\/www.sistar.it\/es\/wp-json\/wp\/v2\/media\/17598"}],"wp:attachment":[{"href":"https:\/\/www.sistar.it\/es\/wp-json\/wp\/v2\/media?parent=21139"}],"wp:term":[{"taxonomy":"product_cat","embeddable":true,"href":"https:\/\/www.sistar.it\/es\/wp-json\/wp\/v2\/product_cat?post=21139"},{"taxonomy":"product_tag","embeddable":true,"href":"https:\/\/www.sistar.it\/es\/wp-json\/wp\/v2\/product_tag?post=21139"}],"curies":[{"name":"wp","href":"https:\/\/api.w.org\/{rel}","templated":true}]}}