{"id":21134,"date":"2018-11-26T12:15:42","date_gmt":"2018-11-26T12:15:42","guid":{"rendered":"https:\/\/www.sistar.it\/prodotti\/plr-60-2\/"},"modified":"2024-06-07T08:31:21","modified_gmt":"2024-06-07T08:31:21","slug":"plr-60-2","status":"publish","type":"product","link":"https:\/\/www.sistar.it\/es\/prodotti\/plr-60-2\/","title":{"rendered":"PLR 60"},"content":{"rendered":"<p>Adhesivo estructural r\u00e1pido de poliuretano 2K (Para trabajar en 60\u201c).<\/p>\n<p>Se utiliza para reparar y reconstruir peque\u00f1as piezas de pl\u00e1stico.<\/p>\n<p>Tambi\u00e9n se puede utilizar para unir piezas peque\u00f1as de diferentes materiales.<\/p>\n<p>Cartucho doble con 2 boquillas mezcladoras.<\/p>\n<p>&nbsp;<\/p>\n<div id=\"footable_parent_21133\"\n         class=\" footable_parent ninja_table_wrapper loading_ninja_table wp_table_data_press_parent bootstrap4 colored_table\">\n                <table data-ninja_table_instance=\"ninja_table_instance_0\" data-footable_id=\"21133\" data-filter-delay=\"1000\" aria-label=\"PLR 60( INGLESE )\"            id=\"footable_21133\"\n           data-unique_identifier=\"ninja_table_unique_id_66569918_21133\"\n           class=\" foo-table ninja_footable foo_table_21133 ninja_table_unique_id_66569918_21133 table  white nt_type_ajax_table table-hover vertical_centered inverted footable-paging-right ninja_table_search_disabled\">\n                <colgroup>\n                            <col class=\"ninja_column_0 \">\n                            <col class=\"ninja_column_1 \">\n                            <col class=\"ninja_column_2 \">\n                            <col class=\"ninja_column_3 \">\n                    <\/colgroup>\n            <\/table>\n                    <style type=\"text\/css\" id='ninja_table_custom_css_21133'>\n                        #footable_21133  {\n        font-family: sans-serif;\n        font-size: 14px;\n    }\n\n#footable_21133 td.ninja_column_0 { text-align: center; }#footable_21133 th.ninja_column_0 { text-align: center; }#footable_21133 td.ninja_column_1 { text-align: center; }#footable_21133 th.ninja_column_1 { text-align: center; }#footable_21133 td.ninja_column_2 { text-align: center; }#footable_21133 th.ninja_column_2 { text-align: center; }#footable_21133 td.ninja_column_3 { text-align: center; }#footable_21133 th.ninja_column_3 { text-align: center; }                <\/style>\n                \n    \n    \n<\/div>\n\n<div class=\"hidden\">303.0035, 303.0040<\/div>\n","protected":false},"excerpt":{"rendered":"<p>Adhesivo estructural r\u00e1pido de poliuretano 2K (Para trabajar en 60\u201c). Se utiliza para reparar y reconstruir peque\u00f1as piezas de pl\u00e1stico. Tambi\u00e9n se puede utilizar para unir piezas peque\u00f1as de diferentes materiales. Cartucho doble con 2 boquillas mezcladoras. &nbsp; 303.0035, 303.0040<\/p>\n","protected":false},"featured_media":17596,"template":"","meta":[],"product_cat":[294],"product_tag":[],"acf":[],"_links":{"self":[{"href":"https:\/\/www.sistar.it\/es\/wp-json\/wp\/v2\/product\/21134"}],"collection":[{"href":"https:\/\/www.sistar.it\/es\/wp-json\/wp\/v2\/product"}],"about":[{"href":"https:\/\/www.sistar.it\/es\/wp-json\/wp\/v2\/types\/product"}],"wp:featuredmedia":[{"embeddable":true,"href":"https:\/\/www.sistar.it\/es\/wp-json\/wp\/v2\/media\/17596"}],"wp:attachment":[{"href":"https:\/\/www.sistar.it\/es\/wp-json\/wp\/v2\/media?parent=21134"}],"wp:term":[{"taxonomy":"product_cat","embeddable":true,"href":"https:\/\/www.sistar.it\/es\/wp-json\/wp\/v2\/product_cat?post=21134"},{"taxonomy":"product_tag","embeddable":true,"href":"https:\/\/www.sistar.it\/es\/wp-json\/wp\/v2\/product_tag?post=21134"}],"curies":[{"name":"wp","href":"https:\/\/api.w.org\/{rel}","templated":true}]}}