{"id":21118,"date":"2019-10-23T14:53:32","date_gmt":"2019-10-23T14:53:32","guid":{"rendered":"https:\/\/www.sistar.it\/prodotti\/one-primer\/"},"modified":"2024-04-12T07:43:25","modified_gmt":"2024-04-12T07:43:25","slug":"one-primer","status":"publish","type":"product","link":"https:\/\/www.sistar.it\/es\/prodotti\/one-primer\/","title":{"rendered":"One-primer"},"content":{"rendered":"<p>Promotor de adherencia para ser utilizado con adhesivos de poliuretano en el reemplazo de cristales en los veh\u00edculos.<\/p>\n<p>Tambi\u00e9n act\u00faa como barrera protectora contra los rayos UV, garantizando la m\u00e1xima protecci\u00f3n del adhesivo subyacente.<\/p>\n<p>&nbsp;<\/p>\n<div id=\"footable_parent_21116\"\n         class=\" footable_parent ninja_table_wrapper loading_ninja_table wp_table_data_press_parent bootstrap4 colored_table\">\n                <table data-ninja_table_instance=\"ninja_table_instance_0\" data-footable_id=\"21116\" data-filter-delay=\"1000\" aria-label=\"One-Primer( INGLESE )\"            id=\"footable_21116\"\n           data-unique_identifier=\"ninja_table_unique_id_1208508035_21116\"\n           class=\" foo-table ninja_footable foo_table_21116 ninja_table_unique_id_1208508035_21116 table  white nt_type_ajax_table table-hover vertical_centered inverted footable-paging-right ninja_table_search_disabled\">\n                <colgroup>\n                            <col class=\"ninja_column_0 \">\n                            <col class=\"ninja_column_1 \">\n                            <col class=\"ninja_column_2 \">\n                            <col class=\"ninja_column_3 \">\n                    <\/colgroup>\n            <\/table>\n                    <style type=\"text\/css\" id='ninja_table_custom_css_21116'>\n                        #footable_21116  {\n        font-family: sans-serif;\n        font-size: 14px;\n    }\n\n#footable_21116 td.ninja_column_0 { text-align: center; }#footable_21116 th.ninja_column_0 { text-align: center; }#footable_21116 td.ninja_column_1 { text-align: center; }#footable_21116 th.ninja_column_1 { text-align: center; }#footable_21116 td.ninja_column_2 { text-align: center; }#footable_21116 th.ninja_column_2 { text-align: center; }#footable_21116 td.ninja_column_3 { text-align: center; }#footable_21116 th.ninja_column_3 { text-align: center; }                <\/style>\n                \n    \n    \n<\/div>\n\n<p>&nbsp;<\/p>\n<div class=\"hidden\">304.0540<\/div>\n","protected":false},"excerpt":{"rendered":"<p>&nbsp;<\/p>\n<p>&nbsp;<\/p>\n","protected":false},"featured_media":17590,"template":"","meta":[],"product_cat":[294],"product_tag":[],"acf":[],"_links":{"self":[{"href":"https:\/\/www.sistar.it\/es\/wp-json\/wp\/v2\/product\/21118"}],"collection":[{"href":"https:\/\/www.sistar.it\/es\/wp-json\/wp\/v2\/product"}],"about":[{"href":"https:\/\/www.sistar.it\/es\/wp-json\/wp\/v2\/types\/product"}],"wp:featuredmedia":[{"embeddable":true,"href":"https:\/\/www.sistar.it\/es\/wp-json\/wp\/v2\/media\/17590"}],"wp:attachment":[{"href":"https:\/\/www.sistar.it\/es\/wp-json\/wp\/v2\/media?parent=21118"}],"wp:term":[{"taxonomy":"product_cat","embeddable":true,"href":"https:\/\/www.sistar.it\/es\/wp-json\/wp\/v2\/product_cat?post=21118"},{"taxonomy":"product_tag","embeddable":true,"href":"https:\/\/www.sistar.it\/es\/wp-json\/wp\/v2\/product_tag?post=21118"}],"curies":[{"name":"wp","href":"https:\/\/api.w.org\/{rel}","templated":true}]}}