{"id":21102,"date":"2020-01-28T08:54:22","date_gmt":"2020-01-28T08:54:22","guid":{"rendered":"https:\/\/www.sistar.it\/prodotti\/headlight-renovator-kit\/"},"modified":"2024-06-07T08:03:41","modified_gmt":"2024-06-07T08:03:41","slug":"kit-de-renovacion-de-faros","status":"publish","type":"product","link":"https:\/\/www.sistar.it\/es\/prodotti\/kit-de-renovacion-de-faros\/","title":{"rendered":"Kit de renovaci\u00f3n de faros"},"content":{"rendered":"<section id=\"bt_bb_section69f330e2e422c\"  class=\"bt_bb_section bt_bb_layout_boxed_1200\"  data-bt-override-class=\"{}\"><span class=\"bt_bb_overlay\"><\/span><div class=\"bt_bb_port\"><div class=\"bt_bb_cell\"><div class=\"bt_bb_cell_inner\"><div class=\"bt_bb_row_wrapper\"><div  class=\"bt_bb_row\" ><div  class=\"bt_bb_column col-xl-12 col-xs-12 col-sm-12 col-md-12 col-lg-12 bt_bb_align_left bt_bb_vertical_align_top bt_bb_padding_normal\"  data-width=\"12\" data-bt-override-class=\"{}\"><div class=\"bt_bb_column_content\"><div class=\"bt_bb_column_content_inner\"><div  class=\"bt_bb_text\" ><p>Kit para la renovaci\u00f3n de faros.<\/p>\n<p>Restaura el brillo de los faros de policarbonato amarilleados, da\u00f1ados por los agentes atmosf\u00e9ricos y el tiempo.<\/p>\n<p>El pol\u00edmero l\u00edquido vaporizado restaura la pel\u00edcula anti-UV y crea un nuevo brillo en los faros.<\/p>\n<p><span style=\"font-size: 14pt;\"><strong>C\u00f3digo: 341.0720<\/strong><\/span><\/p>\n<p>El kit incluye:<\/p>\n<ul>\n<li>1 Vaporizador con transformador incorporado &#8211; C\u00f3digo 341.0724<\/li>\n<li>1 Botella de pol\u00edmero de 600 ml (para unos 30 faros) &#8211; C\u00f3digo 341.0730<\/li>\n<li>1 Cinta de enmascarado Sistar Car 80\u00b0, 30mm x 50m &#8211; C\u00f3digo 184.0023<\/li>\n<li>15 Mini discos abrasivos EXEL \u2122 \u00d8 75 mm, grano: P600, P800, P1200 &#8211; C\u00f3digo 172.0140<\/li>\n<li>5 Mini discos abrasivos MIRROR FINISH\u2122 , grano: P2000 &#8211; C\u00f3digo 172.0474.2000<\/li>\n<li>1 Interfaz soft \u00d8 75 x 10 mm \u2013 C\u00f3digo 171.0595<\/li>\n<li>Instrucciones de uso<\/li>\n<\/ul>\n<\/div><\/div><\/div><\/div><\/div><\/div><\/div><\/div><\/div><\/section>","protected":false},"excerpt":{"rendered":"","protected":false},"featured_media":17576,"template":"","meta":[],"product_cat":[294],"product_tag":[],"acf":[],"_links":{"self":[{"href":"https:\/\/www.sistar.it\/es\/wp-json\/wp\/v2\/product\/21102"}],"collection":[{"href":"https:\/\/www.sistar.it\/es\/wp-json\/wp\/v2\/product"}],"about":[{"href":"https:\/\/www.sistar.it\/es\/wp-json\/wp\/v2\/types\/product"}],"wp:featuredmedia":[{"embeddable":true,"href":"https:\/\/www.sistar.it\/es\/wp-json\/wp\/v2\/media\/17576"}],"wp:attachment":[{"href":"https:\/\/www.sistar.it\/es\/wp-json\/wp\/v2\/media?parent=21102"}],"wp:term":[{"taxonomy":"product_cat","embeddable":true,"href":"https:\/\/www.sistar.it\/es\/wp-json\/wp\/v2\/product_cat?post=21102"},{"taxonomy":"product_tag","embeddable":true,"href":"https:\/\/www.sistar.it\/es\/wp-json\/wp\/v2\/product_tag?post=21102"}],"curies":[{"name":"wp","href":"https:\/\/api.w.org\/{rel}","templated":true}]}}