{"id":21097,"date":"2020-01-28T09:01:43","date_gmt":"2020-01-28T09:01:43","guid":{"rendered":"https:\/\/www.sistar.it\/prodotti\/polymer-headlight-renovation\/"},"modified":"2024-03-11T09:37:11","modified_gmt":"2024-03-11T09:37:11","slug":"renovacion-de-faros-en-polimero","status":"publish","type":"product","link":"https:\/\/www.sistar.it\/es\/prodotti\/renovacion-de-faros-en-polimero\/","title":{"rendered":"Renovaci\u00f3n de faros en pol\u00edmero"},"content":{"rendered":"<p>El pol\u00edmero l\u00edquido vaporizado restaura la pel\u00edcula anti-UV y crea un nuevo brillo en los faros.<\/p>\n<p>Pol\u00edmero de recambio para el reacondicionamiento de faros en una botella de 600 ml.<\/p>\n<p>Para usar con el kit de renovaci\u00f3n de faros.<\/p>\n<p>&nbsp;<\/p>\n<div id=\"footable_parent_21096\"\n         class=\" footable_parent ninja_table_wrapper loading_ninja_table wp_table_data_press_parent bootstrap4 colored_table\">\n                <table data-ninja_table_instance=\"ninja_table_instance_0\" data-footable_id=\"21096\" data-filter-delay=\"1000\" aria-label=\"POLIMERO LIQUIDO RINNOVA FARI( INGLESE )\"            id=\"footable_21096\"\n           data-unique_identifier=\"ninja_table_unique_id_1200231246_21096\"\n           class=\" foo-table ninja_footable foo_table_21096 ninja_table_unique_id_1200231246_21096 table  white nt_type_ajax_table table-hover vertical_centered inverted footable-paging-right ninja_table_search_disabled\">\n                <colgroup>\n                            <col class=\"ninja_column_0 \">\n                            <col class=\"ninja_column_1 \">\n                            <col class=\"ninja_column_2 \">\n                    <\/colgroup>\n            <\/table>\n                    <style type=\"text\/css\" id='ninja_table_custom_css_21096'>\n                        #footable_21096  {\n        font-family: sans-serif;\n        font-size: 14px;\n    }\n\n#footable_21096 td.ninja_column_0 { text-align: center; }#footable_21096 th.ninja_column_0 { text-align: center; }#footable_21096 td.ninja_column_1 { text-align: center; }#footable_21096 th.ninja_column_1 { text-align: center; }#footable_21096 td.ninja_column_2 { text-align: center; }#footable_21096 th.ninja_column_2 { text-align: center; }                <\/style>\n                \n    \n    \n<\/div>\n\n<div class=\"hidden\">341.0730<\/div>\n","protected":false},"excerpt":{"rendered":"<p>El pol\u00edmero l\u00edquido vaporizado restaura la pel\u00edcula anti-UV y crea un nuevo brillo en los faros. Pol\u00edmero de recambio para el reacondicionamiento de faros en una botella de 600 ml. Para usar con el kit de renovaci\u00f3n de faros. &nbsp; 341.0730<\/p>\n","protected":false},"featured_media":17578,"template":"","meta":[],"product_cat":[294],"product_tag":[],"acf":[],"_links":{"self":[{"href":"https:\/\/www.sistar.it\/es\/wp-json\/wp\/v2\/product\/21097"}],"collection":[{"href":"https:\/\/www.sistar.it\/es\/wp-json\/wp\/v2\/product"}],"about":[{"href":"https:\/\/www.sistar.it\/es\/wp-json\/wp\/v2\/types\/product"}],"wp:featuredmedia":[{"embeddable":true,"href":"https:\/\/www.sistar.it\/es\/wp-json\/wp\/v2\/media\/17578"}],"wp:attachment":[{"href":"https:\/\/www.sistar.it\/es\/wp-json\/wp\/v2\/media?parent=21097"}],"wp:term":[{"taxonomy":"product_cat","embeddable":true,"href":"https:\/\/www.sistar.it\/es\/wp-json\/wp\/v2\/product_cat?post=21097"},{"taxonomy":"product_tag","embeddable":true,"href":"https:\/\/www.sistar.it\/es\/wp-json\/wp\/v2\/product_tag?post=21097"}],"curies":[{"name":"wp","href":"https:\/\/api.w.org\/{rel}","templated":true}]}}