{"id":21091,"date":"2023-03-30T12:49:08","date_gmt":"2023-03-30T12:49:08","guid":{"rendered":"https:\/\/www.sistar.it\/prodotti\/metal-star\/"},"modified":"2024-04-11T15:14:43","modified_gmt":"2024-04-11T15:14:43","slug":"metal-star","status":"publish","type":"product","link":"https:\/\/www.sistar.it\/es\/prodotti\/metal-star\/","title":{"rendered":"Metal-star\u2122"},"content":{"rendered":"<p>Masilla de poli\u00e9ster bicomponente multifuncional y universal con buena flexibilidad y adherencia sobre aluminio, chapa galvanizada, acero galvanizado, aleaciones ligeras y PRFV.<\/p>\n<p>F\u00e1cil aplicaci\u00f3n para rellenos gruesos y finos, f\u00e1cil de lijar.<\/p>\n<p>&nbsp;<\/p>\n<div id=\"footable_parent_21090\"\n         class=\" footable_parent ninja_table_wrapper loading_ninja_table wp_table_data_press_parent bootstrap4 colored_table\">\n                <table data-ninja_table_instance=\"ninja_table_instance_0\" data-footable_id=\"21090\" data-filter-delay=\"1000\" aria-label=\"METAL-STAR( INGLESE )\"            id=\"footable_21090\"\n           data-unique_identifier=\"ninja_table_unique_id_895067478_21090\"\n           class=\" foo-table ninja_footable foo_table_21090 ninja_table_unique_id_895067478_21090 table  white nt_type_ajax_table table-hover vertical_centered inverted footable-paging-right ninja_table_search_disabled\">\n                <colgroup>\n                            <col class=\"ninja_column_0 \">\n                            <col class=\"ninja_column_1 \">\n                            <col class=\"ninja_column_2 \">\n                            <col class=\"ninja_column_3 \">\n                    <\/colgroup>\n            <\/table>\n                    <style type=\"text\/css\" id='ninja_table_custom_css_21090'>\n                        #footable_21090  {\n        font-family: sans-serif;\n        font-size: 14px;\n    }\n\n#footable_21090 td.ninja_column_0 { text-align: center; }#footable_21090 th.ninja_column_0 { text-align: center; }#footable_21090 td.ninja_column_1 { text-align: center; }#footable_21090 th.ninja_column_1 { text-align: center; }#footable_21090 td.ninja_column_2 { text-align: center; }#footable_21090 th.ninja_column_2 { text-align: center; }#footable_21090 td.ninja_column_3 { text-align: center; }#footable_21090 th.ninja_column_3 { text-align: center; }                <\/style>\n                \n    \n    \n<\/div>\n\n<div class=\"hidden\">321.1002.15<\/div>\n","protected":false},"excerpt":{"rendered":"<p>Masilla de poli\u00e9ster bicomponente multifuncional y universal con buena flexibilidad y adherencia sobre aluminio, chapa galvanizada, acero galvanizado, aleaciones ligeras y PRFV. F\u00e1cil aplicaci\u00f3n para rellenos gruesos y finos, f\u00e1cil de lijar. &nbsp; 321.1002.15<\/p>\n","protected":false},"featured_media":17643,"template":"","meta":[],"product_cat":[294],"product_tag":[],"acf":[],"_links":{"self":[{"href":"https:\/\/www.sistar.it\/es\/wp-json\/wp\/v2\/product\/21091"}],"collection":[{"href":"https:\/\/www.sistar.it\/es\/wp-json\/wp\/v2\/product"}],"about":[{"href":"https:\/\/www.sistar.it\/es\/wp-json\/wp\/v2\/types\/product"}],"wp:featuredmedia":[{"embeddable":true,"href":"https:\/\/www.sistar.it\/es\/wp-json\/wp\/v2\/media\/17643"}],"wp:attachment":[{"href":"https:\/\/www.sistar.it\/es\/wp-json\/wp\/v2\/media?parent=21091"}],"wp:term":[{"taxonomy":"product_cat","embeddable":true,"href":"https:\/\/www.sistar.it\/es\/wp-json\/wp\/v2\/product_cat?post=21091"},{"taxonomy":"product_tag","embeddable":true,"href":"https:\/\/www.sistar.it\/es\/wp-json\/wp\/v2\/product_tag?post=21091"}],"curies":[{"name":"wp","href":"https:\/\/api.w.org\/{rel}","templated":true}]}}