{"id":21075,"date":"2024-02-16T14:42:42","date_gmt":"2024-02-16T14:42:42","guid":{"rendered":"https:\/\/www.sistar.it\/prodotti\/plastic-mesh\/"},"modified":"2024-03-11T08:54:59","modified_gmt":"2024-03-11T08:54:59","slug":"malla-de-refuerzo","status":"publish","type":"product","link":"https:\/\/www.sistar.it\/es\/prodotti\/malla-de-refuerzo\/","title":{"rendered":"Malla de refuerzo"},"content":{"rendered":"<p>Malla de refuerzo sobre soporte de pl\u00e1stico despegable.<\/p>\n<p>Se utiliza para reforzar la reparaci\u00f3n de piezas de pl\u00e1stico cuando tienen agujeros o grietas de gran tama\u00f1o.<\/p>\n<p>&nbsp;<\/p>\n<div id=\"footable_parent_21073\"\n         class=\" footable_parent ninja_table_wrapper loading_ninja_table wp_table_data_press_parent bootstrap4 colored_table\">\n                <table data-ninja_table_instance=\"ninja_table_instance_0\" data-footable_id=\"21073\" data-filter-delay=\"1000\" aria-label=\"RETE DI PLASTICA( INGLESE )\"            id=\"footable_21073\"\n           data-unique_identifier=\"ninja_table_unique_id_470018469_21073\"\n           class=\" foo-table ninja_footable foo_table_21073 ninja_table_unique_id_470018469_21073 table  white nt_type_ajax_table table-hover vertical_centered inverted footable-paging-right ninja_table_search_disabled\">\n                <colgroup>\n                            <col class=\"ninja_column_0 \">\n                            <col class=\"ninja_column_1 \">\n                            <col class=\"ninja_column_2 \">\n                    <\/colgroup>\n            <\/table>\n                    <style type=\"text\/css\" id='ninja_table_custom_css_21073'>\n                        #footable_21073  {\n        font-family: sans-serif;\n        font-size: 14px;\n    }\n\n#footable_21073 td.ninja_column_0 { text-align: center; }#footable_21073 th.ninja_column_0 { text-align: center; }#footable_21073 td.ninja_column_1 { text-align: center; }#footable_21073 th.ninja_column_1 { text-align: center; }#footable_21073 td.ninja_column_2 { text-align: center; }#footable_21073 th.ninja_column_2 { text-align: center; }                <\/style>\n                \n    \n    \n<\/div>\n\n<p>&nbsp;<\/p>\n<div class=\"hidden\">303.0041<\/div>\n","protected":false},"excerpt":{"rendered":"<p>Malla de refuerzo sobre soporte de pl\u00e1stico despegable. Se utiliza para reforzar la reparaci\u00f3n de piezas de pl\u00e1stico cuando tienen agujeros o grietas de gran tama\u00f1o. &nbsp; &nbsp; 303.0041<\/p>\n","protected":false},"featured_media":17600,"template":"","meta":[],"product_cat":[294],"product_tag":[],"acf":[],"_links":{"self":[{"href":"https:\/\/www.sistar.it\/es\/wp-json\/wp\/v2\/product\/21075"}],"collection":[{"href":"https:\/\/www.sistar.it\/es\/wp-json\/wp\/v2\/product"}],"about":[{"href":"https:\/\/www.sistar.it\/es\/wp-json\/wp\/v2\/types\/product"}],"wp:featuredmedia":[{"embeddable":true,"href":"https:\/\/www.sistar.it\/es\/wp-json\/wp\/v2\/media\/17600"}],"wp:attachment":[{"href":"https:\/\/www.sistar.it\/es\/wp-json\/wp\/v2\/media?parent=21075"}],"wp:term":[{"taxonomy":"product_cat","embeddable":true,"href":"https:\/\/www.sistar.it\/es\/wp-json\/wp\/v2\/product_cat?post=21075"},{"taxonomy":"product_tag","embeddable":true,"href":"https:\/\/www.sistar.it\/es\/wp-json\/wp\/v2\/product_tag?post=21075"}],"curies":[{"name":"wp","href":"https:\/\/api.w.org\/{rel}","templated":true}]}}