{"id":21054,"date":"2024-02-19T08:15:04","date_gmt":"2024-02-19T08:15:04","guid":{"rendered":"https:\/\/www.sistar.it\/prodotti\/tn-medium-abrasive-paste\/"},"modified":"2024-03-11T08:27:36","modified_gmt":"2024-03-11T08:27:36","slug":"tn-pasta-abrasiva-media","status":"publish","type":"product","link":"https:\/\/www.sistar.it\/es\/prodotti\/tn-pasta-abrasiva-media\/","title":{"rendered":"TN | Pasta abrasiva media"},"content":{"rendered":"<p>Grano medio especialmente vers\u00e1til.<\/p>\n<p>Se aplica en superficies con piel de naranja y tambi\u00e9n donde la pintura presenta formaci\u00f3n de polvo calc\u00e1reo o desconchados pulverulentos, a menudo<\/p>\n<p>asociados con una pel\u00edcula de pintura vieja y desintegrada.<\/p>\n<p>&nbsp;<\/p>\n<div id=\"footable_parent_21053\"\n         class=\" footable_parent ninja_table_wrapper loading_ninja_table wp_table_data_press_parent bootstrap4 colored_table\">\n                <table data-ninja_table_instance=\"ninja_table_instance_0\" data-footable_id=\"21053\" data-filter-delay=\"1000\" aria-label=\"TN | Pasta abrasiva media( INGLESE )\"            id=\"footable_21053\"\n           data-unique_identifier=\"ninja_table_unique_id_774402138_21053\"\n           class=\" foo-table ninja_footable foo_table_21053 ninja_table_unique_id_774402138_21053 table  white nt_type_ajax_table table-hover vertical_centered inverted footable-paging-right ninja_table_search_disabled\">\n                <colgroup>\n                            <col class=\"ninja_column_0 \">\n                            <col class=\"ninja_column_1 \">\n                            <col class=\"ninja_column_2 \">\n                    <\/colgroup>\n            <\/table>\n                    <style type=\"text\/css\" id='ninja_table_custom_css_21053'>\n                        #footable_21053  {\n        font-family: sans-serif;\n        font-size: 14px;\n    }\n\n#footable_21053 td.ninja_column_0 { text-align: center; }#footable_21053 th.ninja_column_0 { text-align: center; }#footable_21053 td.ninja_column_1 { text-align: center; }#footable_21053 th.ninja_column_1 { text-align: center; }#footable_21053 td.ninja_column_2 { text-align: center; }#footable_21053 th.ninja_column_2 { text-align: center; }                <\/style>\n                \n    \n    \n<\/div>\n\n<div class=\"hidden\">778.TN.125, 778.TN.250, 778.TN.500, 778.TN.2000, 778.TN.25000<\/div>\n","protected":false},"excerpt":{"rendered":"<p>Grano medio especialmente vers\u00e1til. Se aplica en superficies con piel de naranja y tambi\u00e9n donde la pintura presenta formaci\u00f3n de polvo calc\u00e1reo o desconchados pulverulentos, a menudo asociados con una pel\u00edcula de pintura vieja y desintegrada. &nbsp; 778.TN.125, 778.TN.250, 778.TN.500, 778.TN.2000, 778.TN.25000<\/p>\n","protected":false},"featured_media":17745,"template":"","meta":[],"product_cat":[294],"product_tag":[],"acf":[],"_links":{"self":[{"href":"https:\/\/www.sistar.it\/es\/wp-json\/wp\/v2\/product\/21054"}],"collection":[{"href":"https:\/\/www.sistar.it\/es\/wp-json\/wp\/v2\/product"}],"about":[{"href":"https:\/\/www.sistar.it\/es\/wp-json\/wp\/v2\/types\/product"}],"wp:featuredmedia":[{"embeddable":true,"href":"https:\/\/www.sistar.it\/es\/wp-json\/wp\/v2\/media\/17745"}],"wp:attachment":[{"href":"https:\/\/www.sistar.it\/es\/wp-json\/wp\/v2\/media?parent=21054"}],"wp:term":[{"taxonomy":"product_cat","embeddable":true,"href":"https:\/\/www.sistar.it\/es\/wp-json\/wp\/v2\/product_cat?post=21054"},{"taxonomy":"product_tag","embeddable":true,"href":"https:\/\/www.sistar.it\/es\/wp-json\/wp\/v2\/product_tag?post=21054"}],"curies":[{"name":"wp","href":"https:\/\/api.w.org\/{rel}","templated":true}]}}