{"id":21043,"date":"2024-02-19T08:36:03","date_gmt":"2024-02-19T08:36:03","guid":{"rendered":"https:\/\/www.sistar.it\/prodotti\/txx-extra-coarse-abrasive-paste\/"},"modified":"2025-09-15T09:37:58","modified_gmt":"2025-09-15T09:37:58","slug":"txx-pasta-abrasiva-extra-gruesa","status":"publish","type":"product","link":"https:\/\/www.sistar.it\/es\/prodotti\/txx-pasta-abrasiva-extra-gruesa\/","title":{"rendered":"TXX | Pasta abrasiva extra gruesa"},"content":{"rendered":"<p>Composici\u00f3n con un poder abrasivo especialmente agresivo.<\/p>\n<p>Al tiempo que limita el micrograno a un tama\u00f1o absolutamente aceptable, permite una reducci\u00f3n muy notable del tiempo de trabajo.<\/p>\n<p>Espec\u00edfico para el desbaste de superficies, como la eliminaci\u00f3n de marcas de lijado gruesas.<\/p>\n<p style=\"text-align: center;\"><strong>CROMAR TXX | Pasta abrasiva extra gruesa<\/strong><\/p>\n<div id=\"footable_parent_21041\"\n         class=\" footable_parent ninja_table_wrapper loading_ninja_table wp_table_data_press_parent bootstrap4 colored_table\">\n                <table data-ninja_table_instance=\"ninja_table_instance_0\" data-footable_id=\"21041\" data-filter-delay=\"1000\" aria-label=\"TXX | Pasta abrasiva extra grossa( INGLESE )\"            id=\"footable_21041\"\n           data-unique_identifier=\"ninja_table_unique_id_1426586219_21041\"\n           class=\" foo-table ninja_footable foo_table_21041 ninja_table_unique_id_1426586219_21041 table  white nt_type_ajax_table table-hover vertical_centered inverted footable-paging-right ninja_table_search_disabled\">\n                <colgroup>\n                            <col class=\"ninja_column_0 \">\n                            <col class=\"ninja_column_1 \">\n                            <col class=\"ninja_column_2 \">\n                    <\/colgroup>\n            <\/table>\n                    <style type=\"text\/css\" id='ninja_table_custom_css_21041'>\n                        #footable_21041  {\n        font-family: sans-serif;\n        font-size: 14px;\n    }\n\n#footable_21041 td.ninja_column_0 { text-align: center; }#footable_21041 th.ninja_column_0 { text-align: center; }#footable_21041 td.ninja_column_1 { text-align: center; }#footable_21041 th.ninja_column_1 { text-align: center; }#footable_21041 td.ninja_column_2 { text-align: center; }#footable_21041 th.ninja_column_2 { text-align: center; }                <\/style>\n                \n    \n    \n<\/div>\n\n<p>&nbsp;<\/p>\n<p>&nbsp;<\/p>\n<div class=\"hidden\">778.TXX.500, 778.TXX.2000, 778.TXX.25000<\/div>\n","protected":false},"excerpt":{"rendered":"<p>Composici\u00f3n con un poder abrasivo especialmente agresivo. Al tiempo que limita el micrograno a un tama\u00f1o absolutamente aceptable, permite una reducci\u00f3n muy notable del tiempo de trabajo. Espec\u00edfico para el desbaste de superficies, como la eliminaci\u00f3n de marcas de lijado gruesas. CROMAR TXX | Pasta abrasiva extra gruesa &nbsp; &nbsp; 778.TXX.500, 778.TXX.2000, 778.TXX.25000<\/p>\n","protected":false},"featured_media":17765,"template":"","meta":[],"product_cat":[294],"product_tag":[],"acf":[],"_links":{"self":[{"href":"https:\/\/www.sistar.it\/es\/wp-json\/wp\/v2\/product\/21043"}],"collection":[{"href":"https:\/\/www.sistar.it\/es\/wp-json\/wp\/v2\/product"}],"about":[{"href":"https:\/\/www.sistar.it\/es\/wp-json\/wp\/v2\/types\/product"}],"wp:featuredmedia":[{"embeddable":true,"href":"https:\/\/www.sistar.it\/es\/wp-json\/wp\/v2\/media\/17765"}],"wp:attachment":[{"href":"https:\/\/www.sistar.it\/es\/wp-json\/wp\/v2\/media?parent=21043"}],"wp:term":[{"taxonomy":"product_cat","embeddable":true,"href":"https:\/\/www.sistar.it\/es\/wp-json\/wp\/v2\/product_cat?post=21043"},{"taxonomy":"product_tag","embeddable":true,"href":"https:\/\/www.sistar.it\/es\/wp-json\/wp\/v2\/product_tag?post=21043"}],"curies":[{"name":"wp","href":"https:\/\/api.w.org\/{rel}","templated":true}]}}