{"id":20997,"date":"2013-03-15T12:07:41","date_gmt":"2013-03-15T12:07:41","guid":{"rendered":"https:\/\/www.sistar.it\/prodotti\/car-masking-tape-80c\/"},"modified":"2024-04-12T07:29:07","modified_gmt":"2024-04-12T07:29:07","slug":"car-cinta-de-enmascarar-80c","status":"publish","type":"product","link":"https:\/\/www.sistar.it\/es\/prodotti\/car-cinta-de-enmascarar-80c\/","title":{"rendered":"Car-Cinta de enmascarar 80\u00b0C"},"content":{"rendered":"<p>Cinta de enmascarar resistente hasta 80\u00b0C durante 1 hora. Espec\u00edfica para recomendad para automoci\u00f3n.<\/p>\n<p><strong>Caracter\u00edsticas:<\/strong><\/p>\n<ul>\n<li>Papel: ligeramente ondulado<\/li>\n<li>Adhesivo: caucho natural y resina al disolvente<\/li>\n<li>Color: marfil<\/li>\n<\/ul>\n<p>&nbsp;<\/p>\n<div id=\"footable_parent_20996\"\n         class=\" footable_parent ninja_table_wrapper loading_ninja_table wp_table_data_press_parent bootstrap4 colored_table\">\n                <table data-ninja_table_instance=\"ninja_table_instance_0\" data-footable_id=\"20996\" data-filter-delay=\"1000\" aria-label=\"CAR - NASTRO ADESIVO 80\u00b0C( INGLESE )\"            id=\"footable_20996\"\n           data-unique_identifier=\"ninja_table_unique_id_265676126_20996\"\n           class=\" foo-table ninja_footable foo_table_20996 ninja_table_unique_id_265676126_20996 table  white nt_type_ajax_table table-hover vertical_centered inverted footable-paging-right ninja_table_search_disabled\">\n                <colgroup>\n                            <col class=\"ninja_column_0 \">\n                            <col class=\"ninja_column_1 \">\n                            <col class=\"ninja_column_2 \">\n                            <col class=\"ninja_column_3 \">\n                    <\/colgroup>\n            <\/table>\n                    <style type=\"text\/css\" id='ninja_table_custom_css_20996'>\n                        #footable_20996  {\n        font-family: sans-serif;\n        font-size: 14px;\n    }\n\n#footable_20996 td.ninja_column_0 { text-align: center; }#footable_20996 th.ninja_column_0 { text-align: center; }#footable_20996 td.ninja_column_1 { text-align: center; }#footable_20996 th.ninja_column_1 { text-align: center; }#footable_20996 td.ninja_column_2 { text-align: center; }#footable_20996 th.ninja_column_2 { text-align: center; }#footable_20996 td.ninja_column_3 { text-align: center; }#footable_20996 th.ninja_column_3 { text-align: center; }                <\/style>\n                \n    \n    \n<\/div>\n\n<p>&nbsp;<\/p>\n<div class=\"hidden\">184.0020, 184.0022, 184.0023, 184.0024, 184.0026, 184.0028<\/div>\n<p>&nbsp;<\/p>\n<p>&nbsp;<\/p>\n<p>&nbsp;<\/p>\n","protected":false},"excerpt":{"rendered":"<p>Cinta de enmascarar resistente hasta 80\u00b0C durante 1 hora. Espec\u00edfica para recomendad para automoci\u00f3n. Caracter\u00edsticas: Papel: ligeramente ondulado Adhesivo: caucho natural y resina al disolvente Color: marfil &nbsp; &nbsp; 184.0020, 184.0022, 184.0023, 184.0024, 184.0026, 184.0028 &nbsp; &nbsp; &nbsp;<\/p>\n","protected":false},"featured_media":17510,"template":"","meta":[],"product_cat":[290],"product_tag":[],"acf":[],"_links":{"self":[{"href":"https:\/\/www.sistar.it\/es\/wp-json\/wp\/v2\/product\/20997"}],"collection":[{"href":"https:\/\/www.sistar.it\/es\/wp-json\/wp\/v2\/product"}],"about":[{"href":"https:\/\/www.sistar.it\/es\/wp-json\/wp\/v2\/types\/product"}],"wp:featuredmedia":[{"embeddable":true,"href":"https:\/\/www.sistar.it\/es\/wp-json\/wp\/v2\/media\/17510"}],"wp:attachment":[{"href":"https:\/\/www.sistar.it\/es\/wp-json\/wp\/v2\/media?parent=20997"}],"wp:term":[{"taxonomy":"product_cat","embeddable":true,"href":"https:\/\/www.sistar.it\/es\/wp-json\/wp\/v2\/product_cat?post=20997"},{"taxonomy":"product_tag","embeddable":true,"href":"https:\/\/www.sistar.it\/es\/wp-json\/wp\/v2\/product_tag?post=20997"}],"curies":[{"name":"wp","href":"https:\/\/api.w.org\/{rel}","templated":true}]}}