{"id":20966,"date":"2013-03-15T12:20:55","date_gmt":"2013-03-15T12:20:55","guid":{"rendered":"https:\/\/www.sistar.it\/prodotti\/pe-1055\/"},"modified":"2024-06-07T07:08:25","modified_gmt":"2024-06-07T07:08:25","slug":"pe-1055","status":"publish","type":"product","link":"https:\/\/www.sistar.it\/es\/prodotti\/pe-1055\/","title":{"rendered":"PE 1055"},"content":{"rendered":"<p>Pl\u00e1stico autoadhesivo reposicionable transparente, hecho en PE-LD.<\/p>\n<p>Para la protecci\u00f3n interna de puertas de veh\u00edculos y para tapar las ventanillas en espera de reemplazar el cristal roto.<\/p>\n<p>Resistente hasta 80\u00b0C. <strong>Adhesivo:<\/strong> Acr\u00edlico<\/p>\n<p>&nbsp;<\/p>\n<div id=\"footable_parent_20965\"\n         class=\" footable_parent ninja_table_wrapper loading_ninja_table wp_table_data_press_parent bootstrap4 colored_table\">\n                <table data-ninja_table_instance=\"ninja_table_instance_0\" data-footable_id=\"20965\" data-filter-delay=\"1000\" aria-label=\"PE 1055( INGLESE )\"            id=\"footable_20965\"\n           data-unique_identifier=\"ninja_table_unique_id_2085505543_20965\"\n           class=\" foo-table ninja_footable foo_table_20965 ninja_table_unique_id_2085505543_20965 table  white nt_type_ajax_table table-hover vertical_centered inverted footable-paging-right ninja_table_search_disabled\">\n                <colgroup>\n                            <col class=\"ninja_column_0 \">\n                            <col class=\"ninja_column_1 \">\n                            <col class=\"ninja_column_2 \">\n                            <col class=\"ninja_column_3 \">\n                    <\/colgroup>\n            <\/table>\n                    <style type=\"text\/css\" id='ninja_table_custom_css_20965'>\n                        #footable_20965  {\n        font-family: sans-serif;\n        font-size: 14px;\n    }\n\n#footable_20965 td.ninja_column_0 { text-align: center; }#footable_20965 th.ninja_column_0 { text-align: center; }#footable_20965 td.ninja_column_1 { text-align: center; }#footable_20965 th.ninja_column_1 { text-align: center; }#footable_20965 td.ninja_column_2 { text-align: center; }#footable_20965 th.ninja_column_2 { text-align: center; }#footable_20965 td.ninja_column_3 { text-align: center; }#footable_20965 th.ninja_column_3 { text-align: center; }                <\/style>\n                \n    \n    \n<\/div>\n\n<div class=\"hidden\">188.1055<\/div>\n","protected":false},"excerpt":{"rendered":"<p>Pl\u00e1stico autoadhesivo reposicionable transparente, hecho en PE-LD. Para la protecci\u00f3n interna de puertas de veh\u00edculos y para tapar las ventanillas en espera de reemplazar el cristal roto. Resistente hasta 80\u00b0C. Adhesivo: Acr\u00edlico &nbsp; 188.1055<\/p>\n","protected":false},"featured_media":17532,"template":"","meta":[],"product_cat":[290],"product_tag":[],"acf":[],"_links":{"self":[{"href":"https:\/\/www.sistar.it\/es\/wp-json\/wp\/v2\/product\/20966"}],"collection":[{"href":"https:\/\/www.sistar.it\/es\/wp-json\/wp\/v2\/product"}],"about":[{"href":"https:\/\/www.sistar.it\/es\/wp-json\/wp\/v2\/types\/product"}],"wp:featuredmedia":[{"embeddable":true,"href":"https:\/\/www.sistar.it\/es\/wp-json\/wp\/v2\/media\/17532"}],"wp:attachment":[{"href":"https:\/\/www.sistar.it\/es\/wp-json\/wp\/v2\/media?parent=20966"}],"wp:term":[{"taxonomy":"product_cat","embeddable":true,"href":"https:\/\/www.sistar.it\/es\/wp-json\/wp\/v2\/product_cat?post=20966"},{"taxonomy":"product_tag","embeddable":true,"href":"https:\/\/www.sistar.it\/es\/wp-json\/wp\/v2\/product_tag?post=20966"}],"curies":[{"name":"wp","href":"https:\/\/api.w.org\/{rel}","templated":true}]}}