{"id":20960,"date":"2013-04-16T10:25:57","date_gmt":"2013-04-16T10:25:57","guid":{"rendered":"https:\/\/www.sistar.it\/prodotti\/pff-1050\/"},"modified":"2024-03-08T15:10:16","modified_gmt":"2024-03-08T15:10:16","slug":"pff-1050","status":"publish","type":"product","link":"https:\/\/www.sistar.it\/es\/prodotti\/pff-1050\/","title":{"rendered":"PFF 1050"},"content":{"rendered":"<p>Pl\u00e1stico autoadhesivo de polietileno expandido para la protecci\u00f3n interna de puertas de veh\u00edculos.<\/p>\n<p><strong>Caracter\u00edsticas:<\/strong><\/p>\n<ul>\n<li>Resistente al agua, humedad y polvo<\/li>\n<li>Buen poder de insonorizaci\u00f3n<\/li>\n<li>Resistente hasta 60\u00b0C<\/li>\n<li>Adhesivo: acr\u00edlico<\/li>\n<\/ul>\n<p>&nbsp;<\/p>\n<div id=\"footable_parent_20958\"\n         class=\" footable_parent ninja_table_wrapper loading_ninja_table wp_table_data_press_parent bootstrap4 colored_table\">\n                <table data-ninja_table_instance=\"ninja_table_instance_0\" data-footable_id=\"20958\" data-filter-delay=\"1000\" aria-label=\"PFF 1050( INGLESE )\"            id=\"footable_20958\"\n           data-unique_identifier=\"ninja_table_unique_id_733625110_20958\"\n           class=\" foo-table ninja_footable foo_table_20958 ninja_table_unique_id_733625110_20958 table  white nt_type_ajax_table table-hover vertical_centered inverted footable-paging-right ninja_table_search_disabled\">\n                <colgroup>\n                            <col class=\"ninja_column_0 \">\n                            <col class=\"ninja_column_1 \">\n                            <col class=\"ninja_column_2 \">\n                            <col class=\"ninja_column_3 \">\n                    <\/colgroup>\n            <\/table>\n                    <style type=\"text\/css\" id='ninja_table_custom_css_20958'>\n                        #footable_20958  {\n        font-family: sans-serif;\n        font-size: 14px;\n    }\n\n#footable_20958 td.ninja_column_0 { text-align: center; }#footable_20958 th.ninja_column_0 { text-align: center; }#footable_20958 td.ninja_column_1 { text-align: center; }#footable_20958 th.ninja_column_1 { text-align: center; }#footable_20958 td.ninja_column_2 { text-align: center; }#footable_20958 th.ninja_column_2 { text-align: center; }#footable_20958 td.ninja_column_3 { text-align: center; }#footable_20958 th.ninja_column_3 { text-align: center; }                <\/style>\n                \n    \n    \n<\/div>\n\n<div class=\"hidden\">188.1050<\/div>\n","protected":false},"excerpt":{"rendered":"<p>Pl\u00e1stico autoadhesivo de polietileno expandido para la protecci\u00f3n interna de puertas de veh\u00edculos. Caracter\u00edsticas: Resistente al agua, humedad y polvo Buen poder de insonorizaci\u00f3n Resistente hasta 60\u00b0C Adhesivo: acr\u00edlico &nbsp; 188.1050<\/p>\n","protected":false},"featured_media":17530,"template":"","meta":[],"product_cat":[290],"product_tag":[],"acf":[],"_links":{"self":[{"href":"https:\/\/www.sistar.it\/es\/wp-json\/wp\/v2\/product\/20960"}],"collection":[{"href":"https:\/\/www.sistar.it\/es\/wp-json\/wp\/v2\/product"}],"about":[{"href":"https:\/\/www.sistar.it\/es\/wp-json\/wp\/v2\/types\/product"}],"wp:featuredmedia":[{"embeddable":true,"href":"https:\/\/www.sistar.it\/es\/wp-json\/wp\/v2\/media\/17530"}],"wp:attachment":[{"href":"https:\/\/www.sistar.it\/es\/wp-json\/wp\/v2\/media?parent=20960"}],"wp:term":[{"taxonomy":"product_cat","embeddable":true,"href":"https:\/\/www.sistar.it\/es\/wp-json\/wp\/v2\/product_cat?post=20960"},{"taxonomy":"product_tag","embeddable":true,"href":"https:\/\/www.sistar.it\/es\/wp-json\/wp\/v2\/product_tag?post=20960"}],"curies":[{"name":"wp","href":"https:\/\/api.w.org\/{rel}","templated":true}]}}