{"id":20943,"date":"2013-04-16T10:37:26","date_gmt":"2013-04-16T10:37:26","guid":{"rendered":"https:\/\/www.sistar.it\/prodotti\/car-cover\/"},"modified":"2024-04-12T07:24:50","modified_gmt":"2024-04-12T07:24:50","slug":"car-cover","status":"publish","type":"product","link":"https:\/\/www.sistar.it\/es\/prodotti\/car-cover\/","title":{"rendered":"Car cover"},"content":{"rendered":"<p style=\"text-align: justify;\">Funda para autom\u00f3vil hecha en tejido TNT y laminado de polietileno PE para su impermeabilidad.<\/p>\n<p style=\"text-align: justify;\">El\u00e1stico en toda la base con 6 ganchos de fijaci\u00f3n. Disponible en 2 tama\u00f1os, para veh\u00edculos medianos y grandes.<\/p>\n<p>&nbsp;<\/p>\n<div id=\"footable_parent_20941\"\n         class=\" footable_parent ninja_table_wrapper loading_ninja_table wp_table_data_press_parent bootstrap4 colored_table\">\n                <table data-ninja_table_instance=\"ninja_table_instance_0\" data-footable_id=\"20941\" data-filter-delay=\"1000\" aria-label=\"CAR COVER( INGLESE )\"            id=\"footable_20941\"\n           data-unique_identifier=\"ninja_table_unique_id_2096032684_20941\"\n           class=\" foo-table ninja_footable foo_table_20941 ninja_table_unique_id_2096032684_20941 table  white nt_type_ajax_table table-hover vertical_centered inverted footable-paging-right ninja_table_search_disabled\">\n                <colgroup>\n                            <col class=\"ninja_column_0 \">\n                            <col class=\"ninja_column_1 \">\n                            <col class=\"ninja_column_2 \">\n                    <\/colgroup>\n            <\/table>\n                    <style type=\"text\/css\" id='ninja_table_custom_css_20941'>\n                        #footable_20941  {\n        font-family: sans-serif;\n        font-size: 14px;\n    }\n\n#footable_20941 td.ninja_column_0 { text-align: center; }#footable_20941 th.ninja_column_0 { text-align: center; }#footable_20941 td.ninja_column_1 { text-align: center; }#footable_20941 th.ninja_column_1 { text-align: center; }#footable_20941 td.ninja_column_2 { text-align: center; }#footable_20941 th.ninja_column_2 { text-align: center; }                <\/style>\n                \n    \n    \n<\/div>\n\n<div class=\"hidden\">191.0102, 191.0103<\/div>\n","protected":false},"excerpt":{"rendered":"<p>Funda para autom\u00f3vil hecha en tejido TNT y laminado de polietileno PE para su impermeabilidad. El\u00e1stico en toda la base con 6 ganchos de fijaci\u00f3n. Disponible en 2 tama\u00f1os, para veh\u00edculos medianos y grandes. &nbsp; 191.0102, 191.0103<\/p>\n","protected":false},"featured_media":17566,"template":"","meta":[],"product_cat":[290],"product_tag":[],"acf":[],"_links":{"self":[{"href":"https:\/\/www.sistar.it\/es\/wp-json\/wp\/v2\/product\/20943"}],"collection":[{"href":"https:\/\/www.sistar.it\/es\/wp-json\/wp\/v2\/product"}],"about":[{"href":"https:\/\/www.sistar.it\/es\/wp-json\/wp\/v2\/types\/product"}],"wp:featuredmedia":[{"embeddable":true,"href":"https:\/\/www.sistar.it\/es\/wp-json\/wp\/v2\/media\/17566"}],"wp:attachment":[{"href":"https:\/\/www.sistar.it\/es\/wp-json\/wp\/v2\/media?parent=20943"}],"wp:term":[{"taxonomy":"product_cat","embeddable":true,"href":"https:\/\/www.sistar.it\/es\/wp-json\/wp\/v2\/product_cat?post=20943"},{"taxonomy":"product_tag","embeddable":true,"href":"https:\/\/www.sistar.it\/es\/wp-json\/wp\/v2\/product_tag?post=20943"}],"curies":[{"name":"wp","href":"https:\/\/api.w.org\/{rel}","templated":true}]}}