{"id":20907,"date":"2013-06-08T08:16:52","date_gmt":"2013-06-08T08:16:52","guid":{"rendered":"https:\/\/www.sistar.it\/prodotti\/mas-king\/"},"modified":"2024-04-12T06:46:16","modified_gmt":"2024-04-12T06:46:16","slug":"mas-king","status":"publish","type":"product","link":"https:\/\/www.sistar.it\/es\/prodotti\/mas-king\/","title":{"rendered":"Mas-king\u2122"},"content":{"rendered":"<p>Cinta adhesiva levantagomas, para enmascarar las juntas de los cristales sin necesidad de desmontarlos.<\/p>\n<p>Consiste en una cinta adhesiva de papel (h. 40mm) y un pl\u00e1stico de poli\u00e9ster r\u00edgido (h. 10mm).<\/p>\n<p>Est\u00e1 precortado para facilitar la aplicaci\u00f3n en curvas. Resistente hasta 80\u00b0C durante 30 minutos.<\/p>\n<p>&nbsp;<\/p>\n<div id=\"footable_parent_20906\"\n         class=\" footable_parent ninja_table_wrapper loading_ninja_table wp_table_data_press_parent bootstrap4 colored_table\">\n                <table data-ninja_table_instance=\"ninja_table_instance_0\" data-footable_id=\"20906\" data-filter-delay=\"1000\" aria-label=\"MAS-KING( INGLESE )\"            id=\"footable_20906\"\n           data-unique_identifier=\"ninja_table_unique_id_1268736529_20906\"\n           class=\" foo-table ninja_footable foo_table_20906 ninja_table_unique_id_1268736529_20906 table  white nt_type_ajax_table table-hover vertical_centered inverted footable-paging-right ninja_table_search_disabled\">\n                <colgroup>\n                            <col class=\"ninja_column_0 \">\n                            <col class=\"ninja_column_1 \">\n                            <col class=\"ninja_column_2 \">\n                    <\/colgroup>\n            <\/table>\n                    <style type=\"text\/css\" id='ninja_table_custom_css_20906'>\n                        #footable_20906  {\n        font-family: sans-serif;\n        font-size: 14px;\n    }\n\n#footable_20906 td.ninja_column_0 { text-align: center; }#footable_20906 th.ninja_column_0 { text-align: center; }#footable_20906 td.ninja_column_1 { text-align: center; }#footable_20906 th.ninja_column_1 { text-align: center; }#footable_20906 td.ninja_column_2 { text-align: center; }#footable_20906 th.ninja_column_2 { text-align: center; }                <\/style>\n                \n    \n    \n<\/div>\n\n<div class=\"hidden\">184.0960<\/div>\n","protected":false},"excerpt":{"rendered":"<p>Cinta adhesiva levantagomas, para enmascarar las juntas de los cristales sin necesidad de desmontarlos. Consiste en una cinta adhesiva de papel (h. 40mm) y un pl\u00e1stico de poli\u00e9ster r\u00edgido (h. 10mm). Est\u00e1 precortado para facilitar la aplicaci\u00f3n en curvas. Resistente hasta 80\u00b0C durante 30 minutos. &nbsp; 184.0960<\/p>\n","protected":false},"featured_media":17546,"template":"","meta":[],"product_cat":[290],"product_tag":[],"acf":[],"_links":{"self":[{"href":"https:\/\/www.sistar.it\/es\/wp-json\/wp\/v2\/product\/20907"}],"collection":[{"href":"https:\/\/www.sistar.it\/es\/wp-json\/wp\/v2\/product"}],"about":[{"href":"https:\/\/www.sistar.it\/es\/wp-json\/wp\/v2\/types\/product"}],"wp:featuredmedia":[{"embeddable":true,"href":"https:\/\/www.sistar.it\/es\/wp-json\/wp\/v2\/media\/17546"}],"wp:attachment":[{"href":"https:\/\/www.sistar.it\/es\/wp-json\/wp\/v2\/media?parent=20907"}],"wp:term":[{"taxonomy":"product_cat","embeddable":true,"href":"https:\/\/www.sistar.it\/es\/wp-json\/wp\/v2\/product_cat?post=20907"},{"taxonomy":"product_tag","embeddable":true,"href":"https:\/\/www.sistar.it\/es\/wp-json\/wp\/v2\/product_tag?post=20907"}],"curies":[{"name":"wp","href":"https:\/\/api.w.org\/{rel}","templated":true}]}}