{"id":20882,"date":"2020-01-27T18:24:24","date_gmt":"2020-01-27T18:24:24","guid":{"rendered":"https:\/\/www.sistar.it\/prodotti\/magnetic-tape\/"},"modified":"2025-02-04T16:19:14","modified_gmt":"2025-02-04T16:19:14","slug":"cinta-magnetica","status":"publish","type":"product","link":"https:\/\/www.sistar.it\/es\/prodotti\/cinta-magnetica\/","title":{"rendered":"Cinta magn\u00e9tica"},"content":{"rendered":"<p>Cinta magn\u00e9tica para fijar el pl\u00e1stico de protecci\u00f3n a las paredes de la cabina.<\/p>\n<div id=\"footable_parent_20881\"\n         class=\" footable_parent ninja_table_wrapper loading_ninja_table wp_table_data_press_parent bootstrap4 colored_table\">\n                <table data-ninja_table_instance=\"ninja_table_instance_0\" data-footable_id=\"20881\" data-filter-delay=\"1000\" aria-label=\"NASTRO MAGNETICO( INGLESE )\"            id=\"footable_20881\"\n           data-unique_identifier=\"ninja_table_unique_id_24698673_20881\"\n           class=\" foo-table ninja_footable foo_table_20881 ninja_table_unique_id_24698673_20881 table  white nt_type_ajax_table table-hover vertical_centered inverted footable-paging-right ninja_table_search_disabled\">\n                <colgroup>\n                            <col class=\"ninja_column_0 \">\n                            <col class=\"ninja_column_1 \">\n                            <col class=\"ninja_column_2 \">\n                            <col class=\"ninja_column_3 \">\n                    <\/colgroup>\n            <\/table>\n                    <style type=\"text\/css\" id='ninja_table_custom_css_20881'>\n                        #footable_20881  {\n        font-family: sans-serif;\n        font-size: 14px;\n    }\n\n#footable_20881 td.ninja_column_0 { text-align: center; }#footable_20881 th.ninja_column_0 { text-align: center; }#footable_20881 td.ninja_column_1 { text-align: center; }#footable_20881 th.ninja_column_1 { text-align: center; }#footable_20881 td.ninja_column_2 { text-align: center; }#footable_20881 th.ninja_column_2 { text-align: center; }#footable_20881 td.ninja_column_3 { text-align: center; }#footable_20881 th.ninja_column_3 { text-align: center; }                <\/style>\n                \n    \n    \n<\/div>\n\n<div class=\"hidden\">185.3021<\/div>\n","protected":false},"excerpt":{"rendered":"<p>Cinta magn\u00e9tica para fijar el pl\u00e1stico de protecci\u00f3n a las paredes de la cabina. 185.3021<\/p>\n","protected":false},"featured_media":17500,"template":"","meta":[],"product_cat":[290],"product_tag":[],"acf":[],"_links":{"self":[{"href":"https:\/\/www.sistar.it\/es\/wp-json\/wp\/v2\/product\/20882"}],"collection":[{"href":"https:\/\/www.sistar.it\/es\/wp-json\/wp\/v2\/product"}],"about":[{"href":"https:\/\/www.sistar.it\/es\/wp-json\/wp\/v2\/types\/product"}],"wp:featuredmedia":[{"embeddable":true,"href":"https:\/\/www.sistar.it\/es\/wp-json\/wp\/v2\/media\/17500"}],"wp:attachment":[{"href":"https:\/\/www.sistar.it\/es\/wp-json\/wp\/v2\/media?parent=20882"}],"wp:term":[{"taxonomy":"product_cat","embeddable":true,"href":"https:\/\/www.sistar.it\/es\/wp-json\/wp\/v2\/product_cat?post=20882"},{"taxonomy":"product_tag","embeddable":true,"href":"https:\/\/www.sistar.it\/es\/wp-json\/wp\/v2\/product_tag?post=20882"}],"curies":[{"name":"wp","href":"https:\/\/api.w.org\/{rel}","templated":true}]}}