{"id":20876,"date":"2020-06-05T11:24:16","date_gmt":"2020-06-05T11:24:16","guid":{"rendered":"https:\/\/www.sistar.it\/prodotti\/easy-foam-t\/"},"modified":"2025-05-06T08:11:37","modified_gmt":"2025-05-06T08:11:37","slug":"easy-foam-t","status":"publish","type":"product","link":"https:\/\/www.sistar.it\/es\/prodotti\/easy-foam-t\/","title":{"rendered":"Easy foam \u201cT\u201d"},"content":{"rendered":"<p style=\"text-align: justify;\">Burlete en T, compacto y flexible.<\/p>\n<p style=\"text-align: justify;\">Con un adhesivo de calidad para poder rectificar su posici\u00f3n durante el enmascarado de los huecos entre las puertas, el port\u00f3n trasero, cap\u00f3, maletero y evitar que la pintura entre por las ranuras.<\/p>\n<p><strong>Aplicaci\u00f3n correcta:<\/strong><\/p>\n<p><img loading=\"lazy\" class=\"alignnone size-full wp-image-34517\" src=\"https:\/\/www.sistar.it\/wp-content\/uploads\/2020\/06\/184.0985_applicazione.jpg\" alt=\"\" width=\"432\" height=\"215\" srcset=\"https:\/\/www.sistar.it\/wp-content\/uploads\/2020\/06\/184.0985_applicazione.jpg 432w, https:\/\/www.sistar.it\/wp-content\/uploads\/2020\/06\/184.0985_applicazione-320x159.jpg 320w\" sizes=\"(max-width: 432px) 100vw, 432px\" \/><\/p>\n<div id=\"footable_parent_20874\"\n         class=\" footable_parent ninja_table_wrapper loading_ninja_table wp_table_data_press_parent bootstrap4 colored_table\">\n                <table data-ninja_table_instance=\"ninja_table_instance_0\" data-footable_id=\"20874\" data-filter-delay=\"1000\" aria-label=\"EASY FOAM \u201cT\u201d( INGLESE )\"            id=\"footable_20874\"\n           data-unique_identifier=\"ninja_table_unique_id_986676367_20874\"\n           class=\" foo-table ninja_footable foo_table_20874 ninja_table_unique_id_986676367_20874 table  white nt_type_ajax_table table-hover vertical_centered inverted footable-paging-right ninja_table_search_disabled\">\n                <colgroup>\n                            <col class=\"ninja_column_0 \">\n                            <col class=\"ninja_column_1 \">\n                            <col class=\"ninja_column_2 \">\n                    <\/colgroup>\n            <\/table>\n                    <style type=\"text\/css\" id='ninja_table_custom_css_20874'>\n                        #footable_20874  {\n        font-family: sans-serif;\n        font-size: 14px;\n    }\n\n#footable_20874 td.ninja_column_0 { text-align: center; }#footable_20874 th.ninja_column_0 { text-align: center; }#footable_20874 td.ninja_column_1 { text-align: center; }#footable_20874 th.ninja_column_1 { text-align: center; }#footable_20874 td.ninja_column_2 { text-align: center; }#footable_20874 th.ninja_column_2 { text-align: center; }                <\/style>\n                \n    \n    \n<\/div>\n\n<div class=\"hidden\">184.0985<\/div>\n<p>&nbsp;<\/p>\n","protected":false},"excerpt":{"rendered":"<p>Burlete en T, compacto y flexible. Con un adhesivo de calidad para poder rectificar su posici\u00f3n durante el enmascarado de los huecos entre las puertas, el port\u00f3n trasero, cap\u00f3, maletero y evitar que la pintura entre por las ranuras. Aplicaci\u00f3n correcta: 184.0985 &nbsp;<\/p>\n","protected":false},"featured_media":17542,"template":"","meta":[],"product_cat":[290],"product_tag":[],"acf":[],"_links":{"self":[{"href":"https:\/\/www.sistar.it\/es\/wp-json\/wp\/v2\/product\/20876"}],"collection":[{"href":"https:\/\/www.sistar.it\/es\/wp-json\/wp\/v2\/product"}],"about":[{"href":"https:\/\/www.sistar.it\/es\/wp-json\/wp\/v2\/types\/product"}],"wp:featuredmedia":[{"embeddable":true,"href":"https:\/\/www.sistar.it\/es\/wp-json\/wp\/v2\/media\/17542"}],"wp:attachment":[{"href":"https:\/\/www.sistar.it\/es\/wp-json\/wp\/v2\/media?parent=20876"}],"wp:term":[{"taxonomy":"product_cat","embeddable":true,"href":"https:\/\/www.sistar.it\/es\/wp-json\/wp\/v2\/product_cat?post=20876"},{"taxonomy":"product_tag","embeddable":true,"href":"https:\/\/www.sistar.it\/es\/wp-json\/wp\/v2\/product_tag?post=20876"}],"curies":[{"name":"wp","href":"https:\/\/api.w.org\/{rel}","templated":true}]}}