{"id":20871,"date":"2024-03-07T09:50:39","date_gmt":"2024-03-07T09:50:39","guid":{"rendered":"https:\/\/www.sistar.it\/prodotti\/supergrip-interface-21-holes\/"},"modified":"2024-06-06T13:40:45","modified_gmt":"2024-06-06T13:40:45","slug":"interfaz-supergrip-21-agujeros","status":"publish","type":"product","link":"https:\/\/www.sistar.it\/es\/prodotti\/interfaz-supergrip-21-agujeros\/","title":{"rendered":"Interfaz supergrip 21 agujeros"},"content":{"rendered":"<p>Interfaz para platos de lija. Mejora el agarre de los discos de lija de fibra como Star Line Fiber.<\/p>\n<p><strong><span style=\"font-size: 14pt;\">Caracter\u00edsticas:<\/span><\/strong><\/p>\n<ul>\n<li><strong>Tama\u00f1o:<\/strong> \u00d8 150 mm<\/li>\n<li><strong>N\u00famero de agujeros:<\/strong> 21<\/li>\n<li><strong>Conexi\u00f3n:<\/strong> SUPER GRIP<\/li>\n<\/ul>\n<p>&nbsp;<\/p>\n<div id=\"footable_parent_20869\"\n         class=\" footable_parent ninja_table_wrapper loading_ninja_table wp_table_data_press_parent bootstrap4 colored_table\">\n                <table data-ninja_table_instance=\"ninja_table_instance_0\" data-footable_id=\"20869\" data-filter-delay=\"1000\" aria-label=\"Interfaccia Super Grip 21 Fori( INGLESE )\"            id=\"footable_20869\"\n           data-unique_identifier=\"ninja_table_unique_id_1021089151_20869\"\n           class=\" foo-table ninja_footable foo_table_20869 ninja_table_unique_id_1021089151_20869 table  white nt_type_ajax_table table-hover vertical_centered inverted footable-paging-right ninja_table_search_disabled\">\n                <colgroup>\n                            <col class=\"ninja_column_0 \">\n                            <col class=\"ninja_column_1 \">\n                            <col class=\"ninja_column_2 \">\n                    <\/colgroup>\n            <\/table>\n                    <style type=\"text\/css\" id='ninja_table_custom_css_20869'>\n                        #footable_20869  {\n        font-family: sans-serif;\n        font-size: 14px;\n    }\n\n#footable_20869 td.ninja_column_0 { text-align: center; }#footable_20869 th.ninja_column_0 { text-align: center; }#footable_20869 td.ninja_column_1 { text-align: center; }#footable_20869 th.ninja_column_1 { text-align: center; }#footable_20869 td.ninja_column_2 { text-align: center; }#footable_20869 th.ninja_column_2 { text-align: center; }                <\/style>\n                \n    \n    \n<\/div>\n\n<p>&nbsp;<\/p>\n<div class=\"hidden\">171.0590<\/div>\n","protected":false},"excerpt":{"rendered":"<p>Interfaz para platos de lija. Mejora el agarre de los discos de lija de fibra como Star Line Fiber. Caracter\u00edsticas: Tama\u00f1o: \u00d8 150 mm N\u00famero de agujeros: 21 Conexi\u00f3n: SUPER GRIP &nbsp; &nbsp; 171.0590<\/p>\n","protected":false},"featured_media":17450,"template":"","meta":[],"product_cat":[292],"product_tag":[],"acf":[],"_links":{"self":[{"href":"https:\/\/www.sistar.it\/es\/wp-json\/wp\/v2\/product\/20871"}],"collection":[{"href":"https:\/\/www.sistar.it\/es\/wp-json\/wp\/v2\/product"}],"about":[{"href":"https:\/\/www.sistar.it\/es\/wp-json\/wp\/v2\/types\/product"}],"wp:featuredmedia":[{"embeddable":true,"href":"https:\/\/www.sistar.it\/es\/wp-json\/wp\/v2\/media\/17450"}],"wp:attachment":[{"href":"https:\/\/www.sistar.it\/es\/wp-json\/wp\/v2\/media?parent=20871"}],"wp:term":[{"taxonomy":"product_cat","embeddable":true,"href":"https:\/\/www.sistar.it\/es\/wp-json\/wp\/v2\/product_cat?post=20871"},{"taxonomy":"product_tag","embeddable":true,"href":"https:\/\/www.sistar.it\/es\/wp-json\/wp\/v2\/product_tag?post=20871"}],"curies":[{"name":"wp","href":"https:\/\/api.w.org\/{rel}","templated":true}]}}